{"id":10,"date":"2014-11-20T14:05:31","date_gmt":"2014-11-20T13:05:31","guid":{"rendered":"http:\/\/www.bzdz.pl\/?page_id=10"},"modified":"2025-08-29T11:22:39","modified_gmt":"2025-08-29T09:22:39","slug":"witamy","status":"publish","type":"page","link":"https:\/\/www.bzdz.pl\/technikum-mundurowe-mrocza\/","title":{"rendered":"Witamy"},"content":{"rendered":"<p>Serdecznie witamy na stronie internetowej Technikum im. Powstania Wielkopolskiego Bydgoskiego Zak\u0142adu Doskonalenia Zawodowego w Mroczy.<\/p>\n<p>&nbsp;<\/p>\n","protected":false},"excerpt":{"rendered":"<p>Serdecznie witamy na stronie internetowej Technikum im. Powstania Wielkopolskiego Bydgoskiego Zak\u0142adu Doskonalenia Zawodowego w Mroczy.<\/p>\n<p>&nbsp;<\/p>\n<div class=\"clr\"><\/div>\n<p><a href=\"https:\/\/www.bzdz.pl\/technikum-mundurowe-mrocza\/\" class=\"readmore\">Przeczytaj ca\u0142o\u015b\u0107<\/a><\/p>\n","protected":false},"author":1,"featured_media":0,"parent":0,"menu_order":0,"comment_status":"closed","ping_status":"closed","template":"page-home.php","meta":{"footnotes":""},"class_list":["post-10","page","type-page","status-publish","hentry"],"yoast_head":"<!-- This site is optimized with the Yoast SEO plugin v27.6 - https:\/\/yoast.com\/product\/yoast-seo-wordpress\/ -->\n<title>Technikum Mundurowe w Mroczy<\/title>\n<meta name=\"robots\" content=\"index, follow, max-snippet:-1, max-image-preview:large, max-video-preview:-1\" \/>\n<link rel=\"canonical\" href=\"https:\/\/www.bzdz.pl\/technikum-mundurowe-mrocza\/\" \/>\n<meta property=\"og:locale\" content=\"pl_PL\" \/>\n<meta property=\"og:type\" content=\"article\" \/>\n<meta property=\"og:title\" content=\"Technikum Mundurowe w Mroczy\" \/>\n<meta property=\"og:description\" content=\"Serdecznie witamy na stronie internetowej Technikum im. Powstania Wielkopolskiego Bydgoskiego Zak\u0142adu Doskonalenia Zawodowego w Mroczy. &nbsp;Przeczytaj ca\u0142o\u015b\u0107\" \/>\n<meta property=\"og:url\" content=\"https:\/\/www.bzdz.pl\/technikum-mundurowe-mrocza\/\" \/>\n<meta property=\"og:site_name\" content=\"Technikum Mundurowe Mrocza\" \/>\n<meta property=\"article:modified_time\" content=\"2025-08-29T09:22:39+00:00\" \/>\n<meta name=\"twitter:card\" content=\"summary_large_image\" \/>\n<meta name=\"twitter:label1\" content=\"Szacowany czas czytania\" \/>\n\t<meta name=\"twitter:data1\" content=\"1 minuta\" \/>\n<script type=\"application\/ld+json\" class=\"yoast-schema-graph\">{\"@context\":\"https:\\\/\\\/schema.org\",\"@graph\":[{\"@type\":\"WebPage\",\"@id\":\"https:\\\/\\\/www.bzdz.pl\\\/technikum-mundurowe-mrocza\\\/\",\"url\":\"https:\\\/\\\/www.bzdz.pl\\\/technikum-mundurowe-mrocza\\\/\",\"name\":\"Technikum Mundurowe w Mroczy\",\"isPartOf\":{\"@id\":\"https:\\\/\\\/www.bzdz.pl\\\/technikum-mundurowe-mrocza\\\/#website\"},\"datePublished\":\"2014-11-20T13:05:31+00:00\",\"dateModified\":\"2025-08-29T09:22:39+00:00\",\"breadcrumb\":{\"@id\":\"https:\\\/\\\/www.bzdz.pl\\\/technikum-mundurowe-mrocza\\\/#breadcrumb\"},\"inLanguage\":\"pl-PL\",\"potentialAction\":[{\"@type\":\"ReadAction\",\"target\":[\"https:\\\/\\\/www.bzdz.pl\\\/technikum-mundurowe-mrocza\\\/\"]}]},{\"@type\":\"BreadcrumbList\",\"@id\":\"https:\\\/\\\/www.bzdz.pl\\\/technikum-mundurowe-mrocza\\\/#breadcrumb\",\"itemListElement\":[{\"@type\":\"ListItem\",\"position\":1,\"name\":\"Strona g\u0142\u00f3wna\",\"item\":\"https:\\\/\\\/www.bzdz.pl\\\/technikum-mundurowe-mrocza\\\/\"},{\"@type\":\"ListItem\",\"position\":2,\"name\":\"Witamy\"}]},{\"@type\":\"WebSite\",\"@id\":\"https:\\\/\\\/www.bzdz.pl\\\/technikum-mundurowe-mrocza\\\/#website\",\"url\":\"https:\\\/\\\/www.bzdz.pl\\\/technikum-mundurowe-mrocza\\\/\",\"name\":\"Technikum Mundurowe Mrocza\",\"description\":\"\",\"publisher\":{\"@id\":\"https:\\\/\\\/www.bzdz.pl\\\/technikum-mundurowe-mrocza\\\/#organization\"},\"potentialAction\":[{\"@type\":\"SearchAction\",\"target\":{\"@type\":\"EntryPoint\",\"urlTemplate\":\"https:\\\/\\\/www.bzdz.pl\\\/technikum-mundurowe-mrocza\\\/?s={search_term_string}\"},\"query-input\":{\"@type\":\"PropertyValueSpecification\",\"valueRequired\":true,\"valueName\":\"search_term_string\"}}],\"inLanguage\":\"pl-PL\"},{\"@type\":\"Organization\",\"@id\":\"https:\\\/\\\/www.bzdz.pl\\\/technikum-mundurowe-mrocza\\\/#organization\",\"name\":\"Technikum Mundurowe Mrocza\",\"url\":\"https:\\\/\\\/www.bzdz.pl\\\/technikum-mundurowe-mrocza\\\/\",\"logo\":{\"@type\":\"ImageObject\",\"inLanguage\":\"pl-PL\",\"@id\":\"https:\\\/\\\/www.bzdz.pl\\\/technikum-mundurowe-mrocza\\\/#\\\/schema\\\/logo\\\/image\\\/\",\"url\":\"https:\\\/\\\/www.bzdz.pl\\\/technikum-mundurowe-mrocza\\\/wp-content\\\/uploads\\\/2022\\\/10\\\/cropped-cropped-307391291_809738090220986_5088540824443679337_n.jpg\",\"contentUrl\":\"https:\\\/\\\/www.bzdz.pl\\\/technikum-mundurowe-mrocza\\\/wp-content\\\/uploads\\\/2022\\\/10\\\/cropped-cropped-307391291_809738090220986_5088540824443679337_n.jpg\",\"width\":240,\"height\":133,\"caption\":\"Technikum Mundurowe Mrocza\"},\"image\":{\"@id\":\"https:\\\/\\\/www.bzdz.pl\\\/technikum-mundurowe-mrocza\\\/#\\\/schema\\\/logo\\\/image\\\/\"}}]}<\/script>\n<!-- \/ Yoast SEO plugin. -->","yoast_head_json":{"title":"Technikum Mundurowe w Mroczy","robots":{"index":"index","follow":"follow","max-snippet":"max-snippet:-1","max-image-preview":"max-image-preview:large","max-video-preview":"max-video-preview:-1"},"canonical":"https:\/\/www.bzdz.pl\/technikum-mundurowe-mrocza\/","og_locale":"pl_PL","og_type":"article","og_title":"Technikum Mundurowe w Mroczy","og_description":"Serdecznie witamy na stronie internetowej Technikum im. Powstania Wielkopolskiego Bydgoskiego Zak\u0142adu Doskonalenia Zawodowego w Mroczy. &nbsp;Przeczytaj ca\u0142o\u015b\u0107","og_url":"https:\/\/www.bzdz.pl\/technikum-mundurowe-mrocza\/","og_site_name":"Technikum Mundurowe Mrocza","article_modified_time":"2025-08-29T09:22:39+00:00","twitter_card":"summary_large_image","twitter_misc":{"Szacowany czas czytania":"1 minuta"},"schema":{"@context":"https:\/\/schema.org","@graph":[{"@type":"WebPage","@id":"https:\/\/www.bzdz.pl\/technikum-mundurowe-mrocza\/","url":"https:\/\/www.bzdz.pl\/technikum-mundurowe-mrocza\/","name":"Technikum Mundurowe w Mroczy","isPartOf":{"@id":"https:\/\/www.bzdz.pl\/technikum-mundurowe-mrocza\/#website"},"datePublished":"2014-11-20T13:05:31+00:00","dateModified":"2025-08-29T09:22:39+00:00","breadcrumb":{"@id":"https:\/\/www.bzdz.pl\/technikum-mundurowe-mrocza\/#breadcrumb"},"inLanguage":"pl-PL","potentialAction":[{"@type":"ReadAction","target":["https:\/\/www.bzdz.pl\/technikum-mundurowe-mrocza\/"]}]},{"@type":"BreadcrumbList","@id":"https:\/\/www.bzdz.pl\/technikum-mundurowe-mrocza\/#breadcrumb","itemListElement":[{"@type":"ListItem","position":1,"name":"Strona g\u0142\u00f3wna","item":"https:\/\/www.bzdz.pl\/technikum-mundurowe-mrocza\/"},{"@type":"ListItem","position":2,"name":"Witamy"}]},{"@type":"WebSite","@id":"https:\/\/www.bzdz.pl\/technikum-mundurowe-mrocza\/#website","url":"https:\/\/www.bzdz.pl\/technikum-mundurowe-mrocza\/","name":"Technikum Mundurowe Mrocza","description":"","publisher":{"@id":"https:\/\/www.bzdz.pl\/technikum-mundurowe-mrocza\/#organization"},"potentialAction":[{"@type":"SearchAction","target":{"@type":"EntryPoint","urlTemplate":"https:\/\/www.bzdz.pl\/technikum-mundurowe-mrocza\/?s={search_term_string}"},"query-input":{"@type":"PropertyValueSpecification","valueRequired":true,"valueName":"search_term_string"}}],"inLanguage":"pl-PL"},{"@type":"Organization","@id":"https:\/\/www.bzdz.pl\/technikum-mundurowe-mrocza\/#organization","name":"Technikum Mundurowe Mrocza","url":"https:\/\/www.bzdz.pl\/technikum-mundurowe-mrocza\/","logo":{"@type":"ImageObject","inLanguage":"pl-PL","@id":"https:\/\/www.bzdz.pl\/technikum-mundurowe-mrocza\/#\/schema\/logo\/image\/","url":"https:\/\/www.bzdz.pl\/technikum-mundurowe-mrocza\/wp-content\/uploads\/2022\/10\/cropped-cropped-307391291_809738090220986_5088540824443679337_n.jpg","contentUrl":"https:\/\/www.bzdz.pl\/technikum-mundurowe-mrocza\/wp-content\/uploads\/2022\/10\/cropped-cropped-307391291_809738090220986_5088540824443679337_n.jpg","width":240,"height":133,"caption":"Technikum Mundurowe Mrocza"},"image":{"@id":"https:\/\/www.bzdz.pl\/technikum-mundurowe-mrocza\/#\/schema\/logo\/image\/"}}]}},"_links":{"self":[{"href":"https:\/\/www.bzdz.pl\/technikum-mundurowe-mrocza\/wp-json\/wp\/v2\/pages\/10","targetHints":{"allow":["GET"]}}],"collection":[{"href":"https:\/\/www.bzdz.pl\/technikum-mundurowe-mrocza\/wp-json\/wp\/v2\/pages"}],"about":[{"href":"https:\/\/www.bzdz.pl\/technikum-mundurowe-mrocza\/wp-json\/wp\/v2\/types\/page"}],"author":[{"embeddable":true,"href":"https:\/\/www.bzdz.pl\/technikum-mundurowe-mrocza\/wp-json\/wp\/v2\/users\/1"}],"replies":[{"embeddable":true,"href":"https:\/\/www.bzdz.pl\/technikum-mundurowe-mrocza\/wp-json\/wp\/v2\/comments?post=10"}],"version-history":[{"count":2,"href":"https:\/\/www.bzdz.pl\/technikum-mundurowe-mrocza\/wp-json\/wp\/v2\/pages\/10\/revisions"}],"predecessor-version":[{"id":4582,"href":"https:\/\/www.bzdz.pl\/technikum-mundurowe-mrocza\/wp-json\/wp\/v2\/pages\/10\/revisions\/4582"}],"wp:attachment":[{"href":"https:\/\/www.bzdz.pl\/technikum-mundurowe-mrocza\/wp-json\/wp\/v2\/media?parent=10"}],"curies":[{"name":"wp","href":"https:\/\/api.w.org\/{rel}","templated":true}]}}