{"id":720,"date":"2019-01-04T17:18:20","date_gmt":"2019-01-04T16:18:20","guid":{"rendered":"http:\/\/www.bzdz.pl\/technikum-mundurowe-bydgoszcz\/?page_id=720"},"modified":"2026-03-29T22:25:13","modified_gmt":"2026-03-29T20:25:13","slug":"egzaminyzawodowe","status":"publish","type":"page","link":"https:\/\/www.bzdz.pl\/technikum-mundurowe-kolaczkowo\/egzaminyzawodowe\/","title":{"rendered":"Egzaminy zawodowe i matury"},"content":{"rendered":"<p><span style=\"font-size: 18pt;\">EGZAMINY ZAWODOWE PRZEPROWADZANE W ROKU SZKOLNYM 2025\/2026<\/span><\/p>\n<p>Kwalifikacje SPL.01 i SPL.04<\/p>\n<p>Harmonogram egzaminu zawodowego &#8211; formu\u0142a 2019 przeprowadzanego w roku szkolnym 2025\/2026 &#8211; <a href=\"https:\/\/www.bzdz.pl\/technikum-mundurowe-kolaczkowo\/wp-content\/uploads\/2025\/09\/32026-pp2019-ez.pdf\">pobierz<\/a><\/p>\n<p>Deklaracja przyst\u0105pienia do egzaminu zawodowego &#8211; <a href=\"https:\/\/www.bzdz.pl\/technikum-mundurowe-kolaczkowo\/wp-content\/uploads\/2025\/09\/3a-deklaracja-ucznia-sluchacza-lub-absolwenta-szkoly-p.pdf\">pobierz<\/a><\/p>\n<p>Wewn\u0119trzny harmonogram przeprowadzenia egzaminu zawodowego &#8211;\u00a0pobierz<\/p>\n<p>Komunikat o materia\u0142ach i przyborach pomocniczych cz\u0119\u015b\u0107 pisemna &#8211;\u00a0<a href=\"https:\/\/www.bzdz.pl\/technikum-mundurowe-kolaczkowo\/wp-content\/uploads\/2026\/01\/2-komunikat-o-pomocach-czpisemna-pp2019-812-1.pdf\">pobierz<\/a>\u00a0<\/p>\n<p><span style=\"font-size: 12pt;\">Komunikat o materia\u0142ach i przyborach pomocniczych cz\u0119\u015b\u0107 praktyczna &#8211;\u00a0<a href=\"https:\/\/www.bzdz.pl\/technikum-mundurowe-kolaczkowo\/wp-content\/uploads\/2026\/01\/4-komunikat-o-pomocach-czpraktyczna-pp2019-812.pdf\">pobierz<\/a><\/span><\/p>\n<p><span style=\"font-size: 12pt;\"><strong>SESJA LATO 2026<\/strong><\/span><\/p>\n<p>Termin sk\u0142adania deklaracji do <strong>7 lutego 2026 roku.<\/strong><\/p>\n<p>W przypadku ponownego przyst\u0119powania do egzamin przez zdaj\u0105cych, kt\u00f3rzy nie zdali tego egzaminu w sesji 2026 ZIMA \u2013 do <strong>3\u00a0kwietnia 2026 r.<\/strong><\/p>\n<p><strong style=\"font-size: 12pt;\">SESJA ZIMA 2026<\/strong><\/p>\n<p>Termin sk\u0142adania deklaracji do\u00a0<strong>15 wrze\u015bnia 2026 roku<\/strong><\/p>\n<hr \/>\n<p><span style=\"font-size: 18pt;\">EGZAMIN MATURALNY 2026<\/span><\/p>\n<p>Harmonogram egzaminu maturalnego przeprowadzanego w maju 2026 roku &#8211; <a href=\"https:\/\/www.bzdz.pl\/technikum-mundurowe-kolaczkowo\/wp-content\/uploads\/2026\/02\/20250820-e8-em-komunikat-o-harmonogramie-2026.pdf\">pobierz<\/a><\/p>\n<p>Deklaracj\u0119 przyst\u0105pienia do egzaminu maturalnego w roku 2025 uczniowie oraz absolwenci szko\u0142y mog\u0105 sk\u0142ada\u0107 w wersji papierowej lub za pomoc\u0105 platformy ZIU w nieprzekraczalnym terminie <strong>do 9 lutego 2026 roku.<\/strong> <a href=\"https:\/\/www.bzdz.pl\/technikum-mundurowe-kolaczkowo\/wp-content\/uploads\/2026\/02\/20250820-e8-em-komunikat-o-harmonogramie-2026.pdf\">Pobierz deklaracj\u0119.<\/a><\/p>\n<p style=\"text-align: justify;\">Absolwent, kt\u00f3ry w z\u0142o\u017conej deklaracji przyst\u0105pienia do egzaminu maturalnego wskaza\u0142 przedmiot dodatkowy na poziomie rozszerzonym, ale pomi\u0119dzy dniem z\u0142o\u017cenia deklaracji a 20 kwietnia 2026 r. uzyska\u0142 dokumenty uprawniaj\u0105ce do otrzymania dyplomu zawodowego na poziomie technika, mo\u017ce z\u0142o\u017cy\u0107 dyrektorowi szko\u0142y lub dyrektorowi OKE, do kt\u00f3rego sk\u0142ada\u0142 deklaracj\u0119 maturaln\u0105, pisemn\u0105 informacj\u0119 o rezygnacji z przyst\u0105pienia do egzaminu maturalnego z tego przedmiotu dodatkowego lub tych przedmiot\u00f3w dodatkowych na poziomie rozszerzonym.<\/p>\n<p>Pisemn\u0105 informacj\u0119 <a href=\"https:\/\/www.bzdz.pl\/technikum-mundurowe-kolaczkowo\/wp-content\/uploads\/2026\/03\/em-2026-zal-5c-wniosek-zdajacego-uzyskanie-dyplomu-zawodowego.pdf\">pobierz<\/a>\u00a0nale\u017cy z\u0142o\u017cy\u0107 nie p\u00f3\u017aniej ni\u017c do 20 kwietnia 2026 r. Dyrektor szko\u0142y niezw\u0142ocznie <br \/>\nprzekazuje t\u0119 informacj\u0119 do dyrektora OKE.<\/p>\n","protected":false},"excerpt":{"rendered":"<p>EGZAMINY ZAWODOWE PRZEPROWADZANE W ROKU SZKOLNYM 2025\/2026<\/p>\n<p>Kwalifikacje SPL.01 i SPL.04<\/p>\n<p>Harmonogram egzaminu zawodowego &#8211; formu\u0142a 2019 przeprowadzanego w roku szkolnym 2025\/2026 &#8211; <a href=\"https:\/\/www.bzdz.pl\/technikum-mundurowe-kolaczkowo\/wp-content\/uploads\/2025\/09\/32026-pp2019-ez.pdf\">pobierz<\/a><\/p>\n<p>Deklaracja przyst\u0105pienia do egzaminu zawodowego &#8211; <a href=\"https:\/\/www.bzdz.pl\/technikum-mundurowe-kolaczkowo\/wp-content\/uploads\/2025\/09\/3a-deklaracja-ucznia-sluchacza-lub-absolwenta-szkoly-p.pdf\">pobierz<\/a><\/p>\n<p>Wewn\u0119trzny harmonogram przeprowadzenia egzaminu zawodowego &#8211;\u00a0pobierz<\/p>\n<p>Komunikat o materia\u0142ach i przyborach pomocniczych cz\u0119\u015b\u0107 pisemna &#8211;\u00a0<a href=\"https:\/\/www.bzdz.pl\/technikum-mundurowe-kolaczkowo\/wp-content\/uploads\/2026\/01\/2-komunikat-o-pomocach-czpisemna-pp2019-812-1.pdf\">pobierz<\/a>\u00a0<\/p>\n<p>Komunikat o materia\u0142ach i przyborach pomocniczych cz\u0119\u015b\u0107 praktyczna &#8211;\u00a0<\/p>\n<div class=\"clr\"><\/div>\n<p><a href=\"https:\/\/www.bzdz.pl\/technikum-mundurowe-kolaczkowo\/egzaminyzawodowe\/\" class=\"readmore\">Przeczytaj ca\u0142o\u015b\u0107<\/a><\/p>\n","protected":false},"author":1,"featured_media":0,"parent":0,"menu_order":0,"comment_status":"closed","ping_status":"closed","template":"","meta":{"footnotes":""},"class_list":["post-720","page","type-page","status-publish","hentry"],"yoast_head":"<!-- This site is optimized with the Yoast SEO plugin v27.6 - https:\/\/yoast.com\/product\/yoast-seo-wordpress\/ -->\n<title>Egzaminy zawodowe i matury - Technikum Mundurowe Ko\u0142aczkowo - BZDZ<\/title>\n<meta name=\"robots\" content=\"index, follow, max-snippet:-1, max-image-preview:large, max-video-preview:-1\" \/>\n<link rel=\"canonical\" href=\"https:\/\/www.bzdz.pl\/technikum-mundurowe-kolaczkowo\/egzaminyzawodowe\/\" \/>\n<meta property=\"og:locale\" content=\"pl_PL\" \/>\n<meta property=\"og:type\" content=\"article\" \/>\n<meta property=\"og:title\" content=\"Egzaminy zawodowe i matury - Technikum Mundurowe Ko\u0142aczkowo - BZDZ\" \/>\n<meta property=\"og:description\" content=\"EGZAMINY ZAWODOWE PRZEPROWADZANE W ROKU SZKOLNYM 2025\/2026 Kwalifikacje SPL.01 i SPL.04 Harmonogram egzaminu zawodowego &#8211; formu\u0142a 2019 przeprowadzanego w roku szkolnym 2025\/2026 &#8211; pobierz Deklaracja przyst\u0105pienia do egzaminu zawodowego &#8211; pobierz Wewn\u0119trzny harmonogram przeprowadzenia egzaminu zawodowego &#8211;\u00a0pobierz Komunikat o materia\u0142ach i przyborach pomocniczych cz\u0119\u015b\u0107 pisemna &#8211;\u00a0pobierz\u00a0 Komunikat o materia\u0142ach i przyborach pomocniczych cz\u0119\u015b\u0107 praktyczna &#8211;\u00a0Przeczytaj ca\u0142o\u015b\u0107\" \/>\n<meta property=\"og:url\" content=\"https:\/\/www.bzdz.pl\/technikum-mundurowe-kolaczkowo\/egzaminyzawodowe\/\" \/>\n<meta property=\"og:site_name\" content=\"Technikum Mundurowe Ko\u0142aczkowo - BZDZ\" \/>\n<meta property=\"article:modified_time\" content=\"2026-03-29T20:25:13+00:00\" \/>\n<meta name=\"twitter:card\" content=\"summary_large_image\" \/>\n<meta name=\"twitter:label1\" content=\"Szacowany czas czytania\" \/>\n\t<meta name=\"twitter:data1\" content=\"2 minuty\" \/>\n<script type=\"application\/ld+json\" class=\"yoast-schema-graph\">{\"@context\":\"https:\\\/\\\/schema.org\",\"@graph\":[{\"@type\":\"WebPage\",\"@id\":\"https:\\\/\\\/www.bzdz.pl\\\/technikum-mundurowe-kolaczkowo\\\/egzaminyzawodowe\\\/\",\"url\":\"https:\\\/\\\/www.bzdz.pl\\\/technikum-mundurowe-kolaczkowo\\\/egzaminyzawodowe\\\/\",\"name\":\"Egzaminy zawodowe i matury - Technikum Mundurowe Ko\u0142aczkowo - BZDZ\",\"isPartOf\":{\"@id\":\"https:\\\/\\\/www.bzdz.pl\\\/technikum-mundurowe-kolaczkowo\\\/#website\"},\"datePublished\":\"2019-01-04T16:18:20+00:00\",\"dateModified\":\"2026-03-29T20:25:13+00:00\",\"breadcrumb\":{\"@id\":\"https:\\\/\\\/www.bzdz.pl\\\/technikum-mundurowe-kolaczkowo\\\/egzaminyzawodowe\\\/#breadcrumb\"},\"inLanguage\":\"pl-PL\",\"potentialAction\":[{\"@type\":\"ReadAction\",\"target\":[\"https:\\\/\\\/www.bzdz.pl\\\/technikum-mundurowe-kolaczkowo\\\/egzaminyzawodowe\\\/\"]}]},{\"@type\":\"BreadcrumbList\",\"@id\":\"https:\\\/\\\/www.bzdz.pl\\\/technikum-mundurowe-kolaczkowo\\\/egzaminyzawodowe\\\/#breadcrumb\",\"itemListElement\":[{\"@type\":\"ListItem\",\"position\":1,\"name\":\"Strona g\u0142\u00f3wna\",\"item\":\"https:\\\/\\\/www.bzdz.pl\\\/technikum-mundurowe-kolaczkowo\\\/\"},{\"@type\":\"ListItem\",\"position\":2,\"name\":\"Egzaminy zawodowe i matury\"}]},{\"@type\":\"WebSite\",\"@id\":\"https:\\\/\\\/www.bzdz.pl\\\/technikum-mundurowe-kolaczkowo\\\/#website\",\"url\":\"https:\\\/\\\/www.bzdz.pl\\\/technikum-mundurowe-kolaczkowo\\\/\",\"name\":\"Technikum Mundurowe Ko\u0142aczkowo - BZDZ\",\"description\":\"\",\"potentialAction\":[{\"@type\":\"SearchAction\",\"target\":{\"@type\":\"EntryPoint\",\"urlTemplate\":\"https:\\\/\\\/www.bzdz.pl\\\/technikum-mundurowe-kolaczkowo\\\/?s={search_term_string}\"},\"query-input\":{\"@type\":\"PropertyValueSpecification\",\"valueRequired\":true,\"valueName\":\"search_term_string\"}}],\"inLanguage\":\"pl-PL\"}]}<\/script>\n<!-- \/ Yoast SEO plugin. -->","yoast_head_json":{"title":"Egzaminy zawodowe i matury - Technikum Mundurowe Ko\u0142aczkowo - BZDZ","robots":{"index":"index","follow":"follow","max-snippet":"max-snippet:-1","max-image-preview":"max-image-preview:large","max-video-preview":"max-video-preview:-1"},"canonical":"https:\/\/www.bzdz.pl\/technikum-mundurowe-kolaczkowo\/egzaminyzawodowe\/","og_locale":"pl_PL","og_type":"article","og_title":"Egzaminy zawodowe i matury - Technikum Mundurowe Ko\u0142aczkowo - BZDZ","og_description":"EGZAMINY ZAWODOWE PRZEPROWADZANE W ROKU SZKOLNYM 2025\/2026 Kwalifikacje SPL.01 i SPL.04 Harmonogram egzaminu zawodowego &#8211; formu\u0142a 2019 przeprowadzanego w roku szkolnym 2025\/2026 &#8211; pobierz Deklaracja przyst\u0105pienia do egzaminu zawodowego &#8211; pobierz Wewn\u0119trzny harmonogram przeprowadzenia egzaminu zawodowego &#8211;\u00a0pobierz Komunikat o materia\u0142ach i przyborach pomocniczych cz\u0119\u015b\u0107 pisemna &#8211;\u00a0pobierz\u00a0 Komunikat o materia\u0142ach i przyborach pomocniczych cz\u0119\u015b\u0107 praktyczna &#8211;\u00a0Przeczytaj ca\u0142o\u015b\u0107","og_url":"https:\/\/www.bzdz.pl\/technikum-mundurowe-kolaczkowo\/egzaminyzawodowe\/","og_site_name":"Technikum Mundurowe Ko\u0142aczkowo - BZDZ","article_modified_time":"2026-03-29T20:25:13+00:00","twitter_card":"summary_large_image","twitter_misc":{"Szacowany czas czytania":"2 minuty"},"schema":{"@context":"https:\/\/schema.org","@graph":[{"@type":"WebPage","@id":"https:\/\/www.bzdz.pl\/technikum-mundurowe-kolaczkowo\/egzaminyzawodowe\/","url":"https:\/\/www.bzdz.pl\/technikum-mundurowe-kolaczkowo\/egzaminyzawodowe\/","name":"Egzaminy zawodowe i matury - Technikum Mundurowe Ko\u0142aczkowo - BZDZ","isPartOf":{"@id":"https:\/\/www.bzdz.pl\/technikum-mundurowe-kolaczkowo\/#website"},"datePublished":"2019-01-04T16:18:20+00:00","dateModified":"2026-03-29T20:25:13+00:00","breadcrumb":{"@id":"https:\/\/www.bzdz.pl\/technikum-mundurowe-kolaczkowo\/egzaminyzawodowe\/#breadcrumb"},"inLanguage":"pl-PL","potentialAction":[{"@type":"ReadAction","target":["https:\/\/www.bzdz.pl\/technikum-mundurowe-kolaczkowo\/egzaminyzawodowe\/"]}]},{"@type":"BreadcrumbList","@id":"https:\/\/www.bzdz.pl\/technikum-mundurowe-kolaczkowo\/egzaminyzawodowe\/#breadcrumb","itemListElement":[{"@type":"ListItem","position":1,"name":"Strona g\u0142\u00f3wna","item":"https:\/\/www.bzdz.pl\/technikum-mundurowe-kolaczkowo\/"},{"@type":"ListItem","position":2,"name":"Egzaminy zawodowe i matury"}]},{"@type":"WebSite","@id":"https:\/\/www.bzdz.pl\/technikum-mundurowe-kolaczkowo\/#website","url":"https:\/\/www.bzdz.pl\/technikum-mundurowe-kolaczkowo\/","name":"Technikum Mundurowe Ko\u0142aczkowo - BZDZ","description":"","potentialAction":[{"@type":"SearchAction","target":{"@type":"EntryPoint","urlTemplate":"https:\/\/www.bzdz.pl\/technikum-mundurowe-kolaczkowo\/?s={search_term_string}"},"query-input":{"@type":"PropertyValueSpecification","valueRequired":true,"valueName":"search_term_string"}}],"inLanguage":"pl-PL"}]}},"_links":{"self":[{"href":"https:\/\/www.bzdz.pl\/technikum-mundurowe-kolaczkowo\/wp-json\/wp\/v2\/pages\/720","targetHints":{"allow":["GET"]}}],"collection":[{"href":"https:\/\/www.bzdz.pl\/technikum-mundurowe-kolaczkowo\/wp-json\/wp\/v2\/pages"}],"about":[{"href":"https:\/\/www.bzdz.pl\/technikum-mundurowe-kolaczkowo\/wp-json\/wp\/v2\/types\/page"}],"author":[{"embeddable":true,"href":"https:\/\/www.bzdz.pl\/technikum-mundurowe-kolaczkowo\/wp-json\/wp\/v2\/users\/1"}],"replies":[{"embeddable":true,"href":"https:\/\/www.bzdz.pl\/technikum-mundurowe-kolaczkowo\/wp-json\/wp\/v2\/comments?post=720"}],"version-history":[{"count":56,"href":"https:\/\/www.bzdz.pl\/technikum-mundurowe-kolaczkowo\/wp-json\/wp\/v2\/pages\/720\/revisions"}],"predecessor-version":[{"id":5056,"href":"https:\/\/www.bzdz.pl\/technikum-mundurowe-kolaczkowo\/wp-json\/wp\/v2\/pages\/720\/revisions\/5056"}],"wp:attachment":[{"href":"https:\/\/www.bzdz.pl\/technikum-mundurowe-kolaczkowo\/wp-json\/wp\/v2\/media?parent=720"}],"curies":[{"name":"wp","href":"https:\/\/api.w.org\/{rel}","templated":true}]}}