{"id":714,"date":"2016-09-09T17:17:54","date_gmt":"2016-09-09T15:17:54","guid":{"rendered":"http:\/\/www.bzdz.pl\/technikum-mundurowe-bydgoszcz\/?page_id=714"},"modified":"2025-11-17T20:57:03","modified_gmt":"2025-11-17T19:57:03","slug":"plan-zajec","status":"publish","type":"page","link":"https:\/\/www.bzdz.pl\/technikum-mundurowe-kolaczkowo\/plan-zajec\/","title":{"rendered":"Plan zaj\u0119\u0107"},"content":{"rendered":"<p style=\"text-align: center;\"><span style=\"font-size: 18pt;\"><strong>AKTUALNY PLAN ZAJ\u0118\u0106 DOST\u0118PNY JEST ZA PO\u015aREDNICTWEM DZIENNIKA ELEKTRONICZNEGO<\/strong><\/span><\/p>\n","protected":false},"excerpt":{"rendered":"<p style=\"text-align: center;\">AKTUALNY PLAN ZAJ\u0118\u0106 DOST\u0118PNY JEST ZA PO\u015aREDNICTWEM DZIENNIKA ELEKTRONICZNEGO<\/p>\n<div class=\"clr\"><\/div>\n<p><a href=\"https:\/\/www.bzdz.pl\/technikum-mundurowe-kolaczkowo\/plan-zajec\/\" class=\"readmore\">Przeczytaj ca\u0142o\u015b\u0107<\/a><\/p>\n","protected":false},"author":1,"featured_media":0,"parent":0,"menu_order":0,"comment_status":"closed","ping_status":"closed","template":"","meta":{"footnotes":""},"class_list":["post-714","page","type-page","status-publish","hentry"],"yoast_head":"<!-- This site is optimized with the Yoast SEO plugin v27.6 - https:\/\/yoast.com\/product\/yoast-seo-wordpress\/ -->\n<title>Plan zaj\u0119\u0107 - Technikum Mundurowe Ko\u0142aczkowo - BZDZ<\/title>\n<meta name=\"robots\" content=\"index, follow, max-snippet:-1, max-image-preview:large, max-video-preview:-1\" \/>\n<link rel=\"canonical\" href=\"https:\/\/www.bzdz.pl\/technikum-mundurowe-kolaczkowo\/plan-zajec\/\" \/>\n<meta property=\"og:locale\" content=\"pl_PL\" \/>\n<meta property=\"og:type\" content=\"article\" \/>\n<meta property=\"og:title\" content=\"Plan zaj\u0119\u0107 - Technikum Mundurowe Ko\u0142aczkowo - BZDZ\" \/>\n<meta property=\"og:description\" content=\"AKTUALNY PLAN ZAJ\u0118\u0106 DOST\u0118PNY JEST ZA PO\u015aREDNICTWEM DZIENNIKA ELEKTRONICZNEGOPrzeczytaj ca\u0142o\u015b\u0107\" \/>\n<meta property=\"og:url\" content=\"https:\/\/www.bzdz.pl\/technikum-mundurowe-kolaczkowo\/plan-zajec\/\" \/>\n<meta property=\"og:site_name\" content=\"Technikum Mundurowe Ko\u0142aczkowo - BZDZ\" \/>\n<meta property=\"article:modified_time\" content=\"2025-11-17T19:57:03+00:00\" \/>\n<meta name=\"twitter:card\" content=\"summary_large_image\" \/>\n<meta name=\"twitter:label1\" content=\"Szacowany czas czytania\" \/>\n\t<meta name=\"twitter:data1\" content=\"1 minuta\" \/>\n<script type=\"application\/ld+json\" class=\"yoast-schema-graph\">{\"@context\":\"https:\\\/\\\/schema.org\",\"@graph\":[{\"@type\":\"WebPage\",\"@id\":\"https:\\\/\\\/www.bzdz.pl\\\/technikum-mundurowe-kolaczkowo\\\/plan-zajec\\\/\",\"url\":\"https:\\\/\\\/www.bzdz.pl\\\/technikum-mundurowe-kolaczkowo\\\/plan-zajec\\\/\",\"name\":\"Plan zaj\u0119\u0107 - Technikum Mundurowe Ko\u0142aczkowo - BZDZ\",\"isPartOf\":{\"@id\":\"https:\\\/\\\/www.bzdz.pl\\\/technikum-mundurowe-kolaczkowo\\\/#website\"},\"datePublished\":\"2016-09-09T15:17:54+00:00\",\"dateModified\":\"2025-11-17T19:57:03+00:00\",\"breadcrumb\":{\"@id\":\"https:\\\/\\\/www.bzdz.pl\\\/technikum-mundurowe-kolaczkowo\\\/plan-zajec\\\/#breadcrumb\"},\"inLanguage\":\"pl-PL\",\"potentialAction\":[{\"@type\":\"ReadAction\",\"target\":[\"https:\\\/\\\/www.bzdz.pl\\\/technikum-mundurowe-kolaczkowo\\\/plan-zajec\\\/\"]}]},{\"@type\":\"BreadcrumbList\",\"@id\":\"https:\\\/\\\/www.bzdz.pl\\\/technikum-mundurowe-kolaczkowo\\\/plan-zajec\\\/#breadcrumb\",\"itemListElement\":[{\"@type\":\"ListItem\",\"position\":1,\"name\":\"Strona g\u0142\u00f3wna\",\"item\":\"https:\\\/\\\/www.bzdz.pl\\\/technikum-mundurowe-kolaczkowo\\\/\"},{\"@type\":\"ListItem\",\"position\":2,\"name\":\"Plan zaj\u0119\u0107\"}]},{\"@type\":\"WebSite\",\"@id\":\"https:\\\/\\\/www.bzdz.pl\\\/technikum-mundurowe-kolaczkowo\\\/#website\",\"url\":\"https:\\\/\\\/www.bzdz.pl\\\/technikum-mundurowe-kolaczkowo\\\/\",\"name\":\"Technikum Mundurowe Ko\u0142aczkowo - BZDZ\",\"description\":\"\",\"potentialAction\":[{\"@type\":\"SearchAction\",\"target\":{\"@type\":\"EntryPoint\",\"urlTemplate\":\"https:\\\/\\\/www.bzdz.pl\\\/technikum-mundurowe-kolaczkowo\\\/?s={search_term_string}\"},\"query-input\":{\"@type\":\"PropertyValueSpecification\",\"valueRequired\":true,\"valueName\":\"search_term_string\"}}],\"inLanguage\":\"pl-PL\"}]}<\/script>\n<!-- \/ Yoast SEO plugin. -->","yoast_head_json":{"title":"Plan zaj\u0119\u0107 - Technikum Mundurowe Ko\u0142aczkowo - BZDZ","robots":{"index":"index","follow":"follow","max-snippet":"max-snippet:-1","max-image-preview":"max-image-preview:large","max-video-preview":"max-video-preview:-1"},"canonical":"https:\/\/www.bzdz.pl\/technikum-mundurowe-kolaczkowo\/plan-zajec\/","og_locale":"pl_PL","og_type":"article","og_title":"Plan zaj\u0119\u0107 - Technikum Mundurowe Ko\u0142aczkowo - BZDZ","og_description":"AKTUALNY PLAN ZAJ\u0118\u0106 DOST\u0118PNY JEST ZA PO\u015aREDNICTWEM DZIENNIKA ELEKTRONICZNEGOPrzeczytaj ca\u0142o\u015b\u0107","og_url":"https:\/\/www.bzdz.pl\/technikum-mundurowe-kolaczkowo\/plan-zajec\/","og_site_name":"Technikum Mundurowe Ko\u0142aczkowo - BZDZ","article_modified_time":"2025-11-17T19:57:03+00:00","twitter_card":"summary_large_image","twitter_misc":{"Szacowany czas czytania":"1 minuta"},"schema":{"@context":"https:\/\/schema.org","@graph":[{"@type":"WebPage","@id":"https:\/\/www.bzdz.pl\/technikum-mundurowe-kolaczkowo\/plan-zajec\/","url":"https:\/\/www.bzdz.pl\/technikum-mundurowe-kolaczkowo\/plan-zajec\/","name":"Plan zaj\u0119\u0107 - Technikum Mundurowe Ko\u0142aczkowo - BZDZ","isPartOf":{"@id":"https:\/\/www.bzdz.pl\/technikum-mundurowe-kolaczkowo\/#website"},"datePublished":"2016-09-09T15:17:54+00:00","dateModified":"2025-11-17T19:57:03+00:00","breadcrumb":{"@id":"https:\/\/www.bzdz.pl\/technikum-mundurowe-kolaczkowo\/plan-zajec\/#breadcrumb"},"inLanguage":"pl-PL","potentialAction":[{"@type":"ReadAction","target":["https:\/\/www.bzdz.pl\/technikum-mundurowe-kolaczkowo\/plan-zajec\/"]}]},{"@type":"BreadcrumbList","@id":"https:\/\/www.bzdz.pl\/technikum-mundurowe-kolaczkowo\/plan-zajec\/#breadcrumb","itemListElement":[{"@type":"ListItem","position":1,"name":"Strona g\u0142\u00f3wna","item":"https:\/\/www.bzdz.pl\/technikum-mundurowe-kolaczkowo\/"},{"@type":"ListItem","position":2,"name":"Plan zaj\u0119\u0107"}]},{"@type":"WebSite","@id":"https:\/\/www.bzdz.pl\/technikum-mundurowe-kolaczkowo\/#website","url":"https:\/\/www.bzdz.pl\/technikum-mundurowe-kolaczkowo\/","name":"Technikum Mundurowe Ko\u0142aczkowo - BZDZ","description":"","potentialAction":[{"@type":"SearchAction","target":{"@type":"EntryPoint","urlTemplate":"https:\/\/www.bzdz.pl\/technikum-mundurowe-kolaczkowo\/?s={search_term_string}"},"query-input":{"@type":"PropertyValueSpecification","valueRequired":true,"valueName":"search_term_string"}}],"inLanguage":"pl-PL"}]}},"_links":{"self":[{"href":"https:\/\/www.bzdz.pl\/technikum-mundurowe-kolaczkowo\/wp-json\/wp\/v2\/pages\/714","targetHints":{"allow":["GET"]}}],"collection":[{"href":"https:\/\/www.bzdz.pl\/technikum-mundurowe-kolaczkowo\/wp-json\/wp\/v2\/pages"}],"about":[{"href":"https:\/\/www.bzdz.pl\/technikum-mundurowe-kolaczkowo\/wp-json\/wp\/v2\/types\/page"}],"author":[{"embeddable":true,"href":"https:\/\/www.bzdz.pl\/technikum-mundurowe-kolaczkowo\/wp-json\/wp\/v2\/users\/1"}],"replies":[{"embeddable":true,"href":"https:\/\/www.bzdz.pl\/technikum-mundurowe-kolaczkowo\/wp-json\/wp\/v2\/comments?post=714"}],"version-history":[{"count":3,"href":"https:\/\/www.bzdz.pl\/technikum-mundurowe-kolaczkowo\/wp-json\/wp\/v2\/pages\/714\/revisions"}],"predecessor-version":[{"id":4941,"href":"https:\/\/www.bzdz.pl\/technikum-mundurowe-kolaczkowo\/wp-json\/wp\/v2\/pages\/714\/revisions\/4941"}],"wp:attachment":[{"href":"https:\/\/www.bzdz.pl\/technikum-mundurowe-kolaczkowo\/wp-json\/wp\/v2\/media?parent=714"}],"curies":[{"name":"wp","href":"https:\/\/api.w.org\/{rel}","templated":true}]}}