{"id":4632,"date":"2024-12-13T12:44:47","date_gmt":"2024-12-13T11:44:47","guid":{"rendered":"https:\/\/www.bzdz.pl\/technikum-mundurowe-kolaczkowo\/?page_id=4632"},"modified":"2025-11-17T21:08:43","modified_gmt":"2025-11-17T20:08:43","slug":"samorzad-szkolny","status":"publish","type":"page","link":"https:\/\/www.bzdz.pl\/technikum-mundurowe-kolaczkowo\/samorzad-szkolny\/","title":{"rendered":"Samorz\u0105d szkolny"},"content":{"rendered":"<h4><span style=\"font-size: 18pt;\">ROK SZKOLNY 2025\/2026<\/span><\/h4>\n<h5>Przewodnicz\u0105ca: Magdalena Bia\u0142ecka<\/h5>\n<h5>Zast\u0119pca: Dawid Kwiatkowski, Oliwia Berend<\/h5>\n<h5>\u00a0<\/h5>\n","protected":false},"excerpt":{"rendered":"<p>ROK SZKOLNY 2025\/2026<br \/>\nPrzewodnicz\u0105ca: Magdalena Bia\u0142ecka<br \/>\nZast\u0119pca: Dawid Kwiatkowski, Oliwia Berend<br \/>\n\u00a0<\/p>\n<div class=\"clr\"><\/div>\n<p><a href=\"https:\/\/www.bzdz.pl\/technikum-mundurowe-kolaczkowo\/samorzad-szkolny\/\" class=\"readmore\">Przeczytaj ca\u0142o\u015b\u0107<\/a><\/p>\n","protected":false},"author":3,"featured_media":0,"parent":0,"menu_order":0,"comment_status":"closed","ping_status":"closed","template":"","meta":{"footnotes":""},"class_list":["post-4632","page","type-page","status-publish","hentry"],"yoast_head":"<!-- This site is optimized with the Yoast SEO plugin v27.6 - https:\/\/yoast.com\/product\/yoast-seo-wordpress\/ -->\n<title>Samorz\u0105d szkolny - Technikum Mundurowe Ko\u0142aczkowo - BZDZ<\/title>\n<meta name=\"robots\" content=\"index, follow, max-snippet:-1, max-image-preview:large, max-video-preview:-1\" \/>\n<link rel=\"canonical\" href=\"https:\/\/www.bzdz.pl\/technikum-mundurowe-kolaczkowo\/samorzad-szkolny\/\" \/>\n<meta property=\"og:locale\" content=\"pl_PL\" \/>\n<meta property=\"og:type\" content=\"article\" \/>\n<meta property=\"og:title\" content=\"Samorz\u0105d szkolny - Technikum Mundurowe Ko\u0142aczkowo - BZDZ\" \/>\n<meta property=\"og:description\" content=\"ROK SZKOLNY 2025\/2026 Przewodnicz\u0105ca: Magdalena Bia\u0142ecka Zast\u0119pca: Dawid Kwiatkowski, Oliwia Berend \u00a0Przeczytaj ca\u0142o\u015b\u0107\" \/>\n<meta property=\"og:url\" content=\"https:\/\/www.bzdz.pl\/technikum-mundurowe-kolaczkowo\/samorzad-szkolny\/\" \/>\n<meta property=\"og:site_name\" content=\"Technikum Mundurowe Ko\u0142aczkowo - BZDZ\" \/>\n<meta property=\"article:modified_time\" content=\"2025-11-17T20:08:43+00:00\" \/>\n<meta name=\"twitter:card\" content=\"summary_large_image\" \/>\n<meta name=\"twitter:label1\" content=\"Szacowany czas czytania\" \/>\n\t<meta name=\"twitter:data1\" content=\"1 minuta\" \/>\n<script type=\"application\/ld+json\" class=\"yoast-schema-graph\">{\"@context\":\"https:\\\/\\\/schema.org\",\"@graph\":[{\"@type\":\"WebPage\",\"@id\":\"https:\\\/\\\/www.bzdz.pl\\\/technikum-mundurowe-kolaczkowo\\\/samorzad-szkolny\\\/\",\"url\":\"https:\\\/\\\/www.bzdz.pl\\\/technikum-mundurowe-kolaczkowo\\\/samorzad-szkolny\\\/\",\"name\":\"Samorz\u0105d szkolny - Technikum Mundurowe Ko\u0142aczkowo - BZDZ\",\"isPartOf\":{\"@id\":\"https:\\\/\\\/www.bzdz.pl\\\/technikum-mundurowe-kolaczkowo\\\/#website\"},\"datePublished\":\"2024-12-13T11:44:47+00:00\",\"dateModified\":\"2025-11-17T20:08:43+00:00\",\"breadcrumb\":{\"@id\":\"https:\\\/\\\/www.bzdz.pl\\\/technikum-mundurowe-kolaczkowo\\\/samorzad-szkolny\\\/#breadcrumb\"},\"inLanguage\":\"pl-PL\",\"potentialAction\":[{\"@type\":\"ReadAction\",\"target\":[\"https:\\\/\\\/www.bzdz.pl\\\/technikum-mundurowe-kolaczkowo\\\/samorzad-szkolny\\\/\"]}]},{\"@type\":\"BreadcrumbList\",\"@id\":\"https:\\\/\\\/www.bzdz.pl\\\/technikum-mundurowe-kolaczkowo\\\/samorzad-szkolny\\\/#breadcrumb\",\"itemListElement\":[{\"@type\":\"ListItem\",\"position\":1,\"name\":\"Strona g\u0142\u00f3wna\",\"item\":\"https:\\\/\\\/www.bzdz.pl\\\/technikum-mundurowe-kolaczkowo\\\/\"},{\"@type\":\"ListItem\",\"position\":2,\"name\":\"Samorz\u0105d szkolny\"}]},{\"@type\":\"WebSite\",\"@id\":\"https:\\\/\\\/www.bzdz.pl\\\/technikum-mundurowe-kolaczkowo\\\/#website\",\"url\":\"https:\\\/\\\/www.bzdz.pl\\\/technikum-mundurowe-kolaczkowo\\\/\",\"name\":\"Technikum Mundurowe Ko\u0142aczkowo - BZDZ\",\"description\":\"\",\"potentialAction\":[{\"@type\":\"SearchAction\",\"target\":{\"@type\":\"EntryPoint\",\"urlTemplate\":\"https:\\\/\\\/www.bzdz.pl\\\/technikum-mundurowe-kolaczkowo\\\/?s={search_term_string}\"},\"query-input\":{\"@type\":\"PropertyValueSpecification\",\"valueRequired\":true,\"valueName\":\"search_term_string\"}}],\"inLanguage\":\"pl-PL\"}]}<\/script>\n<!-- \/ Yoast SEO plugin. -->","yoast_head_json":{"title":"Samorz\u0105d szkolny - Technikum Mundurowe Ko\u0142aczkowo - BZDZ","robots":{"index":"index","follow":"follow","max-snippet":"max-snippet:-1","max-image-preview":"max-image-preview:large","max-video-preview":"max-video-preview:-1"},"canonical":"https:\/\/www.bzdz.pl\/technikum-mundurowe-kolaczkowo\/samorzad-szkolny\/","og_locale":"pl_PL","og_type":"article","og_title":"Samorz\u0105d szkolny - Technikum Mundurowe Ko\u0142aczkowo - BZDZ","og_description":"ROK SZKOLNY 2025\/2026 Przewodnicz\u0105ca: Magdalena Bia\u0142ecka Zast\u0119pca: Dawid Kwiatkowski, Oliwia Berend \u00a0Przeczytaj ca\u0142o\u015b\u0107","og_url":"https:\/\/www.bzdz.pl\/technikum-mundurowe-kolaczkowo\/samorzad-szkolny\/","og_site_name":"Technikum Mundurowe Ko\u0142aczkowo - BZDZ","article_modified_time":"2025-11-17T20:08:43+00:00","twitter_card":"summary_large_image","twitter_misc":{"Szacowany czas czytania":"1 minuta"},"schema":{"@context":"https:\/\/schema.org","@graph":[{"@type":"WebPage","@id":"https:\/\/www.bzdz.pl\/technikum-mundurowe-kolaczkowo\/samorzad-szkolny\/","url":"https:\/\/www.bzdz.pl\/technikum-mundurowe-kolaczkowo\/samorzad-szkolny\/","name":"Samorz\u0105d szkolny - Technikum Mundurowe Ko\u0142aczkowo - BZDZ","isPartOf":{"@id":"https:\/\/www.bzdz.pl\/technikum-mundurowe-kolaczkowo\/#website"},"datePublished":"2024-12-13T11:44:47+00:00","dateModified":"2025-11-17T20:08:43+00:00","breadcrumb":{"@id":"https:\/\/www.bzdz.pl\/technikum-mundurowe-kolaczkowo\/samorzad-szkolny\/#breadcrumb"},"inLanguage":"pl-PL","potentialAction":[{"@type":"ReadAction","target":["https:\/\/www.bzdz.pl\/technikum-mundurowe-kolaczkowo\/samorzad-szkolny\/"]}]},{"@type":"BreadcrumbList","@id":"https:\/\/www.bzdz.pl\/technikum-mundurowe-kolaczkowo\/samorzad-szkolny\/#breadcrumb","itemListElement":[{"@type":"ListItem","position":1,"name":"Strona g\u0142\u00f3wna","item":"https:\/\/www.bzdz.pl\/technikum-mundurowe-kolaczkowo\/"},{"@type":"ListItem","position":2,"name":"Samorz\u0105d szkolny"}]},{"@type":"WebSite","@id":"https:\/\/www.bzdz.pl\/technikum-mundurowe-kolaczkowo\/#website","url":"https:\/\/www.bzdz.pl\/technikum-mundurowe-kolaczkowo\/","name":"Technikum Mundurowe Ko\u0142aczkowo - BZDZ","description":"","potentialAction":[{"@type":"SearchAction","target":{"@type":"EntryPoint","urlTemplate":"https:\/\/www.bzdz.pl\/technikum-mundurowe-kolaczkowo\/?s={search_term_string}"},"query-input":{"@type":"PropertyValueSpecification","valueRequired":true,"valueName":"search_term_string"}}],"inLanguage":"pl-PL"}]}},"_links":{"self":[{"href":"https:\/\/www.bzdz.pl\/technikum-mundurowe-kolaczkowo\/wp-json\/wp\/v2\/pages\/4632","targetHints":{"allow":["GET"]}}],"collection":[{"href":"https:\/\/www.bzdz.pl\/technikum-mundurowe-kolaczkowo\/wp-json\/wp\/v2\/pages"}],"about":[{"href":"https:\/\/www.bzdz.pl\/technikum-mundurowe-kolaczkowo\/wp-json\/wp\/v2\/types\/page"}],"author":[{"embeddable":true,"href":"https:\/\/www.bzdz.pl\/technikum-mundurowe-kolaczkowo\/wp-json\/wp\/v2\/users\/3"}],"replies":[{"embeddable":true,"href":"https:\/\/www.bzdz.pl\/technikum-mundurowe-kolaczkowo\/wp-json\/wp\/v2\/comments?post=4632"}],"version-history":[{"count":6,"href":"https:\/\/www.bzdz.pl\/technikum-mundurowe-kolaczkowo\/wp-json\/wp\/v2\/pages\/4632\/revisions"}],"predecessor-version":[{"id":4944,"href":"https:\/\/www.bzdz.pl\/technikum-mundurowe-kolaczkowo\/wp-json\/wp\/v2\/pages\/4632\/revisions\/4944"}],"wp:attachment":[{"href":"https:\/\/www.bzdz.pl\/technikum-mundurowe-kolaczkowo\/wp-json\/wp\/v2\/media?parent=4632"}],"curies":[{"name":"wp","href":"https:\/\/api.w.org\/{rel}","templated":true}]}}