{"id":3805,"date":"2022-10-12T14:17:30","date_gmt":"2022-10-12T12:17:30","guid":{"rendered":"https:\/\/www.bzdz.pl\/technikum-mundurowe-kolaczkowo\/?page_id=3805"},"modified":"2022-10-12T14:17:30","modified_gmt":"2022-10-12T12:17:30","slug":"polityka-plikow-cookies","status":"publish","type":"page","link":"https:\/\/www.bzdz.pl\/technikum-mundurowe-kolaczkowo\/polityka-plikow-cookies\/","title":{"rendered":"Polityka plik\u00f3w cookies"},"content":{"rendered":"<h3>Wst\u0119p<\/h3>\n<p>Niniejsza Polityka dotycz\u0105ca plik\u00f3w cookie wyja\u015bnia, czym s\u0105 pliki cookie i jak ich u\u017cywamy. Powiniene\u015b przeczyta\u0107 t\u0119 polityk\u0119, aby zrozumie\u0107, czym s\u0105 pliki cookie, w jaki spos\u00f3b je wykorzystujemy, rodzaje plik\u00f3w cookie, kt\u00f3rych u\u017cywamy, tj. informacje, kt\u00f3re zbieramy za pomoc\u0105 plik\u00f3w cookie oraz w jaki spos\u00f3b te informacje s\u0105 wykorzystywane i jak kontrolowa\u0107 preferencje dotycz\u0105ce plik\u00f3w cookie. Wi\u0119cej informacji na temat tego, w jaki spos\u00f3b wykorzystujemy, przechowujemy i zabezpieczamy Twoje dane osobowe, znajdziesz w naszej Polityce prywatno\u015bci.<\/p>\n<p>W ka\u017cdej chwili mo\u017cesz zmieni\u0107 lub wycofa\u0107 swoj\u0105 zgod\u0119 z Deklaracji dotycz\u0105cej plik\u00f3w cookie na naszej stronie internetowej.<br \/>\nDowiedz si\u0119 wi\u0119cej o tym, kim jeste\u015bmy, jak mo\u017cesz si\u0119 z nami skontaktowa\u0107 i jak przetwarzamy dane osobowe w naszej Polityce prywatno\u015bci.<br \/>\nTwoja zgoda dotyczy nast\u0119puj\u0105cych domen: bzdz.pl\/technikum-mundurowe-kolaczkowo<\/p>\n<p>[user_consent_state]<\/p>\n<div>\n<p>&nbsp;<\/p>\n<p>[cookie_settings]<\/p>\n<p>&nbsp;<\/p>\n<\/div>\n<h3>Co to s\u0105 pliki cookie?<\/h3>\n<p>Pliki cookie to ma\u0142e pliki tekstowe, kt\u00f3re s\u0142u\u017c\u0105 do przechowywania niewielkich porcji informacji. Pliki cookie s\u0105 przechowywane na Twoim urz\u0105dzeniu, gdy strona jest \u0142adowana w Twojej przegl\u0105darce. Te pliki cookie pomagaj\u0105 nam w prawid\u0142owym funkcjonowaniu strony internetowej, zwi\u0119kszeniu bezpiecze\u0144stwa strony internetowej, zapewnieniu lepszej obs\u0142ugi u\u017cytkownika oraz zrozumieniu, jak dzia\u0142a strona internetowa i przeanalizowaniu, co dzia\u0142a i gdzie wymaga poprawy.<\/p>\n<h3>Jak u\u017cywamy plik\u00f3w cookie?<\/h3>\n<p>Podobnie jak wi\u0119kszo\u015b\u0107 us\u0142ug online, nasza strona internetowa wykorzystuje pliki cookie pierwszej strony i pliki cookie stron trzecich do wielu cel\u00f3w. W\u0142asne pliki cookie s\u0105 w wi\u0119kszo\u015bci niezb\u0119dne do prawid\u0142owego funkcjonowania witryny i nie gromadz\u0105 \u017cadnych danych osobowych u\u017cytkownika.<\/p>\n<p>Pliki cookie stron trzecich u\u017cywane na naszych stronach internetowych s\u0142u\u017c\u0105 g\u0142\u00f3wnie do zrozumienia, jak dzia\u0142a strona internetowa, w jaki spos\u00f3b wchodzisz w interakcj\u0119 z nasz\u0105 stron\u0105 internetow\u0105, zapewniamy bezpiecze\u0144stwo naszych us\u0142ug, dostarczanie reklam, kt\u00f3re s\u0105 dla Ciebie odpowiednie, a w sumie zapewniaj\u0105 lepsze i ulepszone do\u015bwiadczenie u\u017cytkownika i pom\u00f3c przyspieszy\u0107 przysz\u0142e interakcje z nasz\u0105 witryn\u0105.<\/p>\n<h3>Jakiego rodzaju plik\u00f3w cookie u\u017cywamy?<\/h3>\n<p>Pliki cookie u\u017cywane na naszej stronie internetowej s\u0105 pogrupowane w nast\u0119puj\u0105ce kategorie.<\/p>\n<div>[cookie_category]<\/div>\n<div>\u00a0<\/div>\n<div>Poni\u017csza lista zawiera szczeg\u00f3\u0142owe informacje na temat plik\u00f3w cookie u\u017cywanych w naszej witrynie.<\/div>\n<div>\u00a0<\/div>\n<div>[cookie_audit_category columns=&#8221;cookie,description&#8221;]<\/div>\n<div>\u00a0<\/div>\n<h3>Jak mog\u0119 kontrolowa\u0107 preferencje dotycz\u0105ce plik\u00f3w cookie?<\/h3>\n<p>Mo\u017cesz zarz\u0105dza\u0107 swoimi preferencjami dotycz\u0105cymi plik\u00f3w cookie, klikaj\u0105c przycisk \u201eUstawienia\u201d i w\u0142\u0105czaj\u0105c lub wy\u0142\u0105czaj\u0105c kategorie plik\u00f3w cookie w wyskakuj\u0105cym okienku zgodnie ze swoimi preferencjami.<\/p>\n<p>[cookie_settings]<\/p>\n<p>&nbsp;<\/p>\n<div>\n<p>Je\u015bli zdecydujesz si\u0119 zmieni\u0107 swoje preferencje p\u00f3\u017aniej podczas sesji przegl\u0105dania, mo\u017cesz klikn\u0105\u0107 kart\u0119 \u201ePolityka prywatno\u015bci i plik\u00f3w cookie\u201d na ekranie. Spowoduje to ponowne wy\u015bwietlenie informacji o zgodzie, umo\u017cliwiaj\u0105c zmian\u0119 preferencji lub ca\u0142kowite wycofanie zgody.<\/p>\n<p>Opr\u00f3cz tego r\u00f3\u017cne przegl\u0105darki udost\u0119pniaj\u0105 r\u00f3\u017cne metody blokowania i usuwania plik\u00f3w cookie u\u017cywanych przez strony internetowe. Mo\u017cesz zmieni\u0107 ustawienia swojej przegl\u0105darki, aby zablokowa\u0107\/usun\u0105\u0107 pliki cookies. Aby dowiedzie\u0107 si\u0119 wi\u0119cej na temat zarz\u0105dzania i usuwania plik\u00f3w cookie, odwied\u017a wikipedia.org, www.allaboutcookies.org.<\/p>\n<\/div>\n","protected":false},"excerpt":{"rendered":"<p>Wst\u0119p<\/p>\n<p>Niniejsza Polityka dotycz\u0105ca plik\u00f3w cookie wyja\u015bnia, czym s\u0105 pliki cookie i jak ich u\u017cywamy. Powiniene\u015b przeczyta\u0107 t\u0119 polityk\u0119, aby zrozumie\u0107, czym s\u0105 pliki cookie, w jaki spos\u00f3b je wykorzystujemy, rodzaje plik\u00f3w cookie, kt\u00f3rych u\u017cywamy, tj. informacje, kt\u00f3re zbieramy za pomoc\u0105 plik\u00f3w cookie oraz w jaki spos\u00f3b te informacje s\u0105 wykorzystywane i jak kontrolowa\u0107 preferencje dotycz\u0105ce plik\u00f3w cookie. Wi\u0119cej informacji na temat tego, w jaki spos\u00f3b wykorzystujemy, przechowujemy i zabezpieczamy Twoje dane osobowe, znajdziesz w naszej Polityce prywatno\u015bci.<\/p>\n<div class=\"clr\"><\/div>\n<p><a href=\"https:\/\/www.bzdz.pl\/technikum-mundurowe-kolaczkowo\/polityka-plikow-cookies\/\" class=\"readmore\">Przeczytaj ca\u0142o\u015b\u0107<\/a><\/p>\n","protected":false},"author":1,"featured_media":0,"parent":0,"menu_order":0,"comment_status":"closed","ping_status":"closed","template":"","meta":{"footnotes":""},"class_list":["post-3805","page","type-page","status-publish","hentry"],"yoast_head":"<!-- This site is optimized with the Yoast SEO plugin v27.6 - https:\/\/yoast.com\/product\/yoast-seo-wordpress\/ -->\n<title>Polityka plik\u00f3w cookies - Technikum Mundurowe Ko\u0142aczkowo - BZDZ<\/title>\n<meta name=\"robots\" content=\"index, follow, max-snippet:-1, max-image-preview:large, max-video-preview:-1\" \/>\n<link rel=\"canonical\" href=\"https:\/\/www.bzdz.pl\/technikum-mundurowe-kolaczkowo\/polityka-plikow-cookies\/\" \/>\n<meta property=\"og:locale\" content=\"pl_PL\" \/>\n<meta property=\"og:type\" content=\"article\" \/>\n<meta property=\"og:title\" content=\"Polityka plik\u00f3w cookies - Technikum Mundurowe Ko\u0142aczkowo - BZDZ\" \/>\n<meta property=\"og:description\" content=\"Wst\u0119p Niniejsza Polityka dotycz\u0105ca plik\u00f3w cookie wyja\u015bnia, czym s\u0105 pliki cookie i jak ich u\u017cywamy. Powiniene\u015b przeczyta\u0107 t\u0119 polityk\u0119, aby zrozumie\u0107, czym s\u0105 pliki cookie, w jaki spos\u00f3b je wykorzystujemy, rodzaje plik\u00f3w cookie, kt\u00f3rych u\u017cywamy, tj. informacje, kt\u00f3re zbieramy za pomoc\u0105 plik\u00f3w cookie oraz w jaki spos\u00f3b te informacje s\u0105 wykorzystywane i jak kontrolowa\u0107 preferencje dotycz\u0105ce plik\u00f3w cookie. Wi\u0119cej informacji na temat tego, w jaki spos\u00f3b wykorzystujemy, przechowujemy i zabezpieczamy Twoje dane osobowe, znajdziesz w naszej Polityce prywatno\u015bci.Przeczytaj ca\u0142o\u015b\u0107\" \/>\n<meta property=\"og:url\" content=\"https:\/\/www.bzdz.pl\/technikum-mundurowe-kolaczkowo\/polityka-plikow-cookies\/\" \/>\n<meta property=\"og:site_name\" content=\"Technikum Mundurowe Ko\u0142aczkowo - BZDZ\" \/>\n<meta name=\"twitter:card\" content=\"summary_large_image\" \/>\n<meta name=\"twitter:label1\" content=\"Szacowany czas czytania\" \/>\n\t<meta name=\"twitter:data1\" content=\"3 minuty\" \/>\n<script type=\"application\/ld+json\" class=\"yoast-schema-graph\">{\"@context\":\"https:\\\/\\\/schema.org\",\"@graph\":[{\"@type\":\"WebPage\",\"@id\":\"https:\\\/\\\/www.bzdz.pl\\\/technikum-mundurowe-kolaczkowo\\\/polityka-plikow-cookies\\\/\",\"url\":\"https:\\\/\\\/www.bzdz.pl\\\/technikum-mundurowe-kolaczkowo\\\/polityka-plikow-cookies\\\/\",\"name\":\"Polityka plik\u00f3w cookies - Technikum Mundurowe Ko\u0142aczkowo - BZDZ\",\"isPartOf\":{\"@id\":\"https:\\\/\\\/www.bzdz.pl\\\/technikum-mundurowe-kolaczkowo\\\/#website\"},\"datePublished\":\"2022-10-12T12:17:30+00:00\",\"breadcrumb\":{\"@id\":\"https:\\\/\\\/www.bzdz.pl\\\/technikum-mundurowe-kolaczkowo\\\/polityka-plikow-cookies\\\/#breadcrumb\"},\"inLanguage\":\"pl-PL\",\"potentialAction\":[{\"@type\":\"ReadAction\",\"target\":[\"https:\\\/\\\/www.bzdz.pl\\\/technikum-mundurowe-kolaczkowo\\\/polityka-plikow-cookies\\\/\"]}]},{\"@type\":\"BreadcrumbList\",\"@id\":\"https:\\\/\\\/www.bzdz.pl\\\/technikum-mundurowe-kolaczkowo\\\/polityka-plikow-cookies\\\/#breadcrumb\",\"itemListElement\":[{\"@type\":\"ListItem\",\"position\":1,\"name\":\"Strona g\u0142\u00f3wna\",\"item\":\"https:\\\/\\\/www.bzdz.pl\\\/technikum-mundurowe-kolaczkowo\\\/\"},{\"@type\":\"ListItem\",\"position\":2,\"name\":\"Polityka plik\u00f3w cookies\"}]},{\"@type\":\"WebSite\",\"@id\":\"https:\\\/\\\/www.bzdz.pl\\\/technikum-mundurowe-kolaczkowo\\\/#website\",\"url\":\"https:\\\/\\\/www.bzdz.pl\\\/technikum-mundurowe-kolaczkowo\\\/\",\"name\":\"Technikum Mundurowe Ko\u0142aczkowo - BZDZ\",\"description\":\"\",\"potentialAction\":[{\"@type\":\"SearchAction\",\"target\":{\"@type\":\"EntryPoint\",\"urlTemplate\":\"https:\\\/\\\/www.bzdz.pl\\\/technikum-mundurowe-kolaczkowo\\\/?s={search_term_string}\"},\"query-input\":{\"@type\":\"PropertyValueSpecification\",\"valueRequired\":true,\"valueName\":\"search_term_string\"}}],\"inLanguage\":\"pl-PL\"}]}<\/script>\n<!-- \/ Yoast SEO plugin. -->","yoast_head_json":{"title":"Polityka plik\u00f3w cookies - Technikum Mundurowe Ko\u0142aczkowo - BZDZ","robots":{"index":"index","follow":"follow","max-snippet":"max-snippet:-1","max-image-preview":"max-image-preview:large","max-video-preview":"max-video-preview:-1"},"canonical":"https:\/\/www.bzdz.pl\/technikum-mundurowe-kolaczkowo\/polityka-plikow-cookies\/","og_locale":"pl_PL","og_type":"article","og_title":"Polityka plik\u00f3w cookies - Technikum Mundurowe Ko\u0142aczkowo - BZDZ","og_description":"Wst\u0119p Niniejsza Polityka dotycz\u0105ca plik\u00f3w cookie wyja\u015bnia, czym s\u0105 pliki cookie i jak ich u\u017cywamy. Powiniene\u015b przeczyta\u0107 t\u0119 polityk\u0119, aby zrozumie\u0107, czym s\u0105 pliki cookie, w jaki spos\u00f3b je wykorzystujemy, rodzaje plik\u00f3w cookie, kt\u00f3rych u\u017cywamy, tj. informacje, kt\u00f3re zbieramy za pomoc\u0105 plik\u00f3w cookie oraz w jaki spos\u00f3b te informacje s\u0105 wykorzystywane i jak kontrolowa\u0107 preferencje dotycz\u0105ce plik\u00f3w cookie. Wi\u0119cej informacji na temat tego, w jaki spos\u00f3b wykorzystujemy, przechowujemy i zabezpieczamy Twoje dane osobowe, znajdziesz w naszej Polityce prywatno\u015bci.Przeczytaj ca\u0142o\u015b\u0107","og_url":"https:\/\/www.bzdz.pl\/technikum-mundurowe-kolaczkowo\/polityka-plikow-cookies\/","og_site_name":"Technikum Mundurowe Ko\u0142aczkowo - BZDZ","twitter_card":"summary_large_image","twitter_misc":{"Szacowany czas czytania":"3 minuty"},"schema":{"@context":"https:\/\/schema.org","@graph":[{"@type":"WebPage","@id":"https:\/\/www.bzdz.pl\/technikum-mundurowe-kolaczkowo\/polityka-plikow-cookies\/","url":"https:\/\/www.bzdz.pl\/technikum-mundurowe-kolaczkowo\/polityka-plikow-cookies\/","name":"Polityka plik\u00f3w cookies - Technikum Mundurowe Ko\u0142aczkowo - BZDZ","isPartOf":{"@id":"https:\/\/www.bzdz.pl\/technikum-mundurowe-kolaczkowo\/#website"},"datePublished":"2022-10-12T12:17:30+00:00","breadcrumb":{"@id":"https:\/\/www.bzdz.pl\/technikum-mundurowe-kolaczkowo\/polityka-plikow-cookies\/#breadcrumb"},"inLanguage":"pl-PL","potentialAction":[{"@type":"ReadAction","target":["https:\/\/www.bzdz.pl\/technikum-mundurowe-kolaczkowo\/polityka-plikow-cookies\/"]}]},{"@type":"BreadcrumbList","@id":"https:\/\/www.bzdz.pl\/technikum-mundurowe-kolaczkowo\/polityka-plikow-cookies\/#breadcrumb","itemListElement":[{"@type":"ListItem","position":1,"name":"Strona g\u0142\u00f3wna","item":"https:\/\/www.bzdz.pl\/technikum-mundurowe-kolaczkowo\/"},{"@type":"ListItem","position":2,"name":"Polityka plik\u00f3w cookies"}]},{"@type":"WebSite","@id":"https:\/\/www.bzdz.pl\/technikum-mundurowe-kolaczkowo\/#website","url":"https:\/\/www.bzdz.pl\/technikum-mundurowe-kolaczkowo\/","name":"Technikum Mundurowe Ko\u0142aczkowo - BZDZ","description":"","potentialAction":[{"@type":"SearchAction","target":{"@type":"EntryPoint","urlTemplate":"https:\/\/www.bzdz.pl\/technikum-mundurowe-kolaczkowo\/?s={search_term_string}"},"query-input":{"@type":"PropertyValueSpecification","valueRequired":true,"valueName":"search_term_string"}}],"inLanguage":"pl-PL"}]}},"_links":{"self":[{"href":"https:\/\/www.bzdz.pl\/technikum-mundurowe-kolaczkowo\/wp-json\/wp\/v2\/pages\/3805","targetHints":{"allow":["GET"]}}],"collection":[{"href":"https:\/\/www.bzdz.pl\/technikum-mundurowe-kolaczkowo\/wp-json\/wp\/v2\/pages"}],"about":[{"href":"https:\/\/www.bzdz.pl\/technikum-mundurowe-kolaczkowo\/wp-json\/wp\/v2\/types\/page"}],"author":[{"embeddable":true,"href":"https:\/\/www.bzdz.pl\/technikum-mundurowe-kolaczkowo\/wp-json\/wp\/v2\/users\/1"}],"replies":[{"embeddable":true,"href":"https:\/\/www.bzdz.pl\/technikum-mundurowe-kolaczkowo\/wp-json\/wp\/v2\/comments?post=3805"}],"version-history":[{"count":1,"href":"https:\/\/www.bzdz.pl\/technikum-mundurowe-kolaczkowo\/wp-json\/wp\/v2\/pages\/3805\/revisions"}],"predecessor-version":[{"id":3806,"href":"https:\/\/www.bzdz.pl\/technikum-mundurowe-kolaczkowo\/wp-json\/wp\/v2\/pages\/3805\/revisions\/3806"}],"wp:attachment":[{"href":"https:\/\/www.bzdz.pl\/technikum-mundurowe-kolaczkowo\/wp-json\/wp\/v2\/media?parent=3805"}],"curies":[{"name":"wp","href":"https:\/\/api.w.org\/{rel}","templated":true}]}}