{"id":2443,"date":"2018-12-06T08:46:47","date_gmt":"2018-12-06T07:46:47","guid":{"rendered":"https:\/\/www.bzdz.pl\/technikum-mundurowe-kolaczkowo\/?page_id=2443"},"modified":"2019-01-07T08:47:22","modified_gmt":"2019-01-07T07:47:22","slug":"strzelnica-jachcice-14-grudnia-2018","status":"publish","type":"page","link":"https:\/\/www.bzdz.pl\/technikum-mundurowe-kolaczkowo\/strzelnica-jachcice-14-grudnia-2018\/","title":{"rendered":"Strzelnica Jachcice 14 grudnia 2018"},"content":{"rendered":"<table style=\"width: 100%; border-collapse: collapse;\" border=\"1\">\n<tbody>\n<tr>\n<td style=\"width: 50%;\"><img loading=\"lazy\" decoding=\"async\" class=\"aligncenter size-medium wp-image-2441\" src=\"https:\/\/www.bzdz.pl\/technikum-mundurowe-kolaczkowo\/wp-content\/uploads\/2019\/01\/48420240_2324405424454020_1008215865901973504_n-300x224.jpg\" alt=\"\" width=\"300\" height=\"224\" srcset=\"https:\/\/www.bzdz.pl\/technikum-mundurowe-kolaczkowo\/wp-content\/uploads\/2019\/01\/48420240_2324405424454020_1008215865901973504_n-300x224.jpg 300w, https:\/\/www.bzdz.pl\/technikum-mundurowe-kolaczkowo\/wp-content\/uploads\/2019\/01\/48420240_2324405424454020_1008215865901973504_n-768x575.jpg 768w, https:\/\/www.bzdz.pl\/technikum-mundurowe-kolaczkowo\/wp-content\/uploads\/2019\/01\/48420240_2324405424454020_1008215865901973504_n-1024x766.jpg 1024w, https:\/\/www.bzdz.pl\/technikum-mundurowe-kolaczkowo\/wp-content\/uploads\/2019\/01\/48420240_2324405424454020_1008215865901973504_n-624x467.jpg 624w, https:\/\/www.bzdz.pl\/technikum-mundurowe-kolaczkowo\/wp-content\/uploads\/2019\/01\/48420240_2324405424454020_1008215865901973504_n.jpg 2048w\" sizes=\"auto, (max-width: 300px) 85vw, 300px\" \/><\/td>\n<td style=\"width: 50%;\"><img loading=\"lazy\" decoding=\"async\" class=\"aligncenter size-medium wp-image-2440\" src=\"https:\/\/www.bzdz.pl\/technikum-mundurowe-kolaczkowo\/wp-content\/uploads\/2019\/01\/48389364_2225791261026421_6279371031475912704_n-300x224.jpg\" alt=\"\" width=\"300\" height=\"224\" srcset=\"https:\/\/www.bzdz.pl\/technikum-mundurowe-kolaczkowo\/wp-content\/uploads\/2019\/01\/48389364_2225791261026421_6279371031475912704_n-300x224.jpg 300w, https:\/\/www.bzdz.pl\/technikum-mundurowe-kolaczkowo\/wp-content\/uploads\/2019\/01\/48389364_2225791261026421_6279371031475912704_n-768x575.jpg 768w, https:\/\/www.bzdz.pl\/technikum-mundurowe-kolaczkowo\/wp-content\/uploads\/2019\/01\/48389364_2225791261026421_6279371031475912704_n-1024x766.jpg 1024w, https:\/\/www.bzdz.pl\/technikum-mundurowe-kolaczkowo\/wp-content\/uploads\/2019\/01\/48389364_2225791261026421_6279371031475912704_n-624x467.jpg 624w, https:\/\/www.bzdz.pl\/technikum-mundurowe-kolaczkowo\/wp-content\/uploads\/2019\/01\/48389364_2225791261026421_6279371031475912704_n.jpg 2048w\" sizes=\"auto, (max-width: 300px) 85vw, 300px\" \/><\/td>\n<\/tr>\n<tr>\n<td style=\"width: 50%;\"><img loading=\"lazy\" decoding=\"async\" class=\"aligncenter size-medium wp-image-2439\" src=\"https:\/\/www.bzdz.pl\/technikum-mundurowe-kolaczkowo\/wp-content\/uploads\/2019\/01\/48360002_2254850884581096_7340979856332554240_n-300x224.jpg\" alt=\"\" width=\"300\" height=\"224\" srcset=\"https:\/\/www.bzdz.pl\/technikum-mundurowe-kolaczkowo\/wp-content\/uploads\/2019\/01\/48360002_2254850884581096_7340979856332554240_n-300x224.jpg 300w, https:\/\/www.bzdz.pl\/technikum-mundurowe-kolaczkowo\/wp-content\/uploads\/2019\/01\/48360002_2254850884581096_7340979856332554240_n-768x575.jpg 768w, https:\/\/www.bzdz.pl\/technikum-mundurowe-kolaczkowo\/wp-content\/uploads\/2019\/01\/48360002_2254850884581096_7340979856332554240_n-1024x766.jpg 1024w, https:\/\/www.bzdz.pl\/technikum-mundurowe-kolaczkowo\/wp-content\/uploads\/2019\/01\/48360002_2254850884581096_7340979856332554240_n-624x467.jpg 624w, https:\/\/www.bzdz.pl\/technikum-mundurowe-kolaczkowo\/wp-content\/uploads\/2019\/01\/48360002_2254850884581096_7340979856332554240_n.jpg 2048w\" sizes=\"auto, (max-width: 300px) 85vw, 300px\" \/><\/td>\n<td style=\"width: 50%;\"><img loading=\"lazy\" decoding=\"async\" class=\"aligncenter size-medium wp-image-2438\" src=\"https:\/\/www.bzdz.pl\/technikum-mundurowe-kolaczkowo\/wp-content\/uploads\/2019\/01\/48358016_2208334845851780_421890093410680832_n-300x224.jpg\" alt=\"\" width=\"300\" height=\"224\" srcset=\"https:\/\/www.bzdz.pl\/technikum-mundurowe-kolaczkowo\/wp-content\/uploads\/2019\/01\/48358016_2208334845851780_421890093410680832_n-300x224.jpg 300w, https:\/\/www.bzdz.pl\/technikum-mundurowe-kolaczkowo\/wp-content\/uploads\/2019\/01\/48358016_2208334845851780_421890093410680832_n-768x575.jpg 768w, https:\/\/www.bzdz.pl\/technikum-mundurowe-kolaczkowo\/wp-content\/uploads\/2019\/01\/48358016_2208334845851780_421890093410680832_n-1024x766.jpg 1024w, https:\/\/www.bzdz.pl\/technikum-mundurowe-kolaczkowo\/wp-content\/uploads\/2019\/01\/48358016_2208334845851780_421890093410680832_n-624x467.jpg 624w, https:\/\/www.bzdz.pl\/technikum-mundurowe-kolaczkowo\/wp-content\/uploads\/2019\/01\/48358016_2208334845851780_421890093410680832_n.jpg 2048w\" sizes=\"auto, (max-width: 300px) 85vw, 300px\" \/><\/td>\n<\/tr>\n<tr>\n<td style=\"width: 50%;\"><img loading=\"lazy\" decoding=\"async\" class=\"aligncenter size-medium wp-image-2437\" src=\"https:\/\/www.bzdz.pl\/technikum-mundurowe-kolaczkowo\/wp-content\/uploads\/2019\/01\/48254031_318129609029009_6249382414469038080_n-300x224.jpg\" alt=\"\" width=\"300\" height=\"224\" srcset=\"https:\/\/www.bzdz.pl\/technikum-mundurowe-kolaczkowo\/wp-content\/uploads\/2019\/01\/48254031_318129609029009_6249382414469038080_n-300x224.jpg 300w, https:\/\/www.bzdz.pl\/technikum-mundurowe-kolaczkowo\/wp-content\/uploads\/2019\/01\/48254031_318129609029009_6249382414469038080_n-768x575.jpg 768w, https:\/\/www.bzdz.pl\/technikum-mundurowe-kolaczkowo\/wp-content\/uploads\/2019\/01\/48254031_318129609029009_6249382414469038080_n-1024x766.jpg 1024w, https:\/\/www.bzdz.pl\/technikum-mundurowe-kolaczkowo\/wp-content\/uploads\/2019\/01\/48254031_318129609029009_6249382414469038080_n-624x467.jpg 624w, https:\/\/www.bzdz.pl\/technikum-mundurowe-kolaczkowo\/wp-content\/uploads\/2019\/01\/48254031_318129609029009_6249382414469038080_n.jpg 2048w\" sizes=\"auto, (max-width: 300px) 85vw, 300px\" \/><\/td>\n<td style=\"width: 50%;\"><img loading=\"lazy\" decoding=\"async\" class=\"aligncenter size-medium wp-image-2436\" src=\"https:\/\/www.bzdz.pl\/technikum-mundurowe-kolaczkowo\/wp-content\/uploads\/2019\/01\/48156170_2217847201871198_9168245182422843392_n-300x224.jpg\" alt=\"\" width=\"300\" height=\"224\" srcset=\"https:\/\/www.bzdz.pl\/technikum-mundurowe-kolaczkowo\/wp-content\/uploads\/2019\/01\/48156170_2217847201871198_9168245182422843392_n-300x224.jpg 300w, https:\/\/www.bzdz.pl\/technikum-mundurowe-kolaczkowo\/wp-content\/uploads\/2019\/01\/48156170_2217847201871198_9168245182422843392_n-768x575.jpg 768w, https:\/\/www.bzdz.pl\/technikum-mundurowe-kolaczkowo\/wp-content\/uploads\/2019\/01\/48156170_2217847201871198_9168245182422843392_n-1024x766.jpg 1024w, https:\/\/www.bzdz.pl\/technikum-mundurowe-kolaczkowo\/wp-content\/uploads\/2019\/01\/48156170_2217847201871198_9168245182422843392_n-624x467.jpg 624w, https:\/\/www.bzdz.pl\/technikum-mundurowe-kolaczkowo\/wp-content\/uploads\/2019\/01\/48156170_2217847201871198_9168245182422843392_n.jpg 2048w\" sizes=\"auto, (max-width: 300px) 85vw, 300px\" \/><\/td>\n<\/tr>\n<tr>\n<td style=\"width: 50%;\">\u00a0<\/td>\n<td style=\"width: 50%;\">\u00a0<\/td>\n<\/tr>\n<\/tbody>\n<\/table>\n","protected":false},"excerpt":{"rendered":"<p><img loading=\"lazy\" decoding=\"async\" class=\"aligncenter size-medium wp-image-2441\" src=\"https:\/\/www.bzdz.pl\/technikum-mundurowe-kolaczkowo\/wp-content\/uploads\/2019\/01\/48420240_2324405424454020_1008215865901973504_n-300x224.jpg\" alt=\"\" width=\"300\" height=\"224\" srcset=\"https:\/\/www.bzdz.pl\/technikum-mundurowe-kolaczkowo\/wp-content\/uploads\/2019\/01\/48420240_2324405424454020_1008215865901973504_n-300x224.jpg 300w, https:\/\/www.bzdz.pl\/technikum-mundurowe-kolaczkowo\/wp-content\/uploads\/2019\/01\/48420240_2324405424454020_1008215865901973504_n-768x575.jpg 768w, https:\/\/www.bzdz.pl\/technikum-mundurowe-kolaczkowo\/wp-content\/uploads\/2019\/01\/48420240_2324405424454020_1008215865901973504_n-1024x766.jpg 1024w, https:\/\/www.bzdz.pl\/technikum-mundurowe-kolaczkowo\/wp-content\/uploads\/2019\/01\/48420240_2324405424454020_1008215865901973504_n-624x467.jpg 624w, https:\/\/www.bzdz.pl\/technikum-mundurowe-kolaczkowo\/wp-content\/uploads\/2019\/01\/48420240_2324405424454020_1008215865901973504_n.jpg 2048w\" sizes=\"auto, (max-width: 300px) 85vw, 300px\" \/><br \/>\n<img loading=\"lazy\" decoding=\"async\" class=\"aligncenter size-medium wp-image-2440\" src=\"https:\/\/www.bzdz.pl\/technikum-mundurowe-kolaczkowo\/wp-content\/uploads\/2019\/01\/48389364_2225791261026421_6279371031475912704_n-300x224.jpg\" alt=\"\" width=\"300\" height=\"224\" srcset=\"https:\/\/www.bzdz.pl\/technikum-mundurowe-kolaczkowo\/wp-content\/uploads\/2019\/01\/48389364_2225791261026421_6279371031475912704_n-300x224.jpg 300w, https:\/\/www.bzdz.pl\/technikum-mundurowe-kolaczkowo\/wp-content\/uploads\/2019\/01\/48389364_2225791261026421_6279371031475912704_n-768x575.jpg 768w, https:\/\/www.bzdz.pl\/technikum-mundurowe-kolaczkowo\/wp-content\/uploads\/2019\/01\/48389364_2225791261026421_6279371031475912704_n-1024x766.jpg 1024w, https:\/\/www.bzdz.pl\/technikum-mundurowe-kolaczkowo\/wp-content\/uploads\/2019\/01\/48389364_2225791261026421_6279371031475912704_n-624x467.jpg 624w, https:\/\/www.bzdz.pl\/technikum-mundurowe-kolaczkowo\/wp-content\/uploads\/2019\/01\/48389364_2225791261026421_6279371031475912704_n.jpg 2048w\" sizes=\"auto, (max-width: 300px) 85vw, 300px\" \/><\/p>\n<p><img loading=\"lazy\" decoding=\"async\" class=\"aligncenter size-medium wp-image-2439\" src=\"https:\/\/www.bzdz.pl\/technikum-mundurowe-kolaczkowo\/wp-content\/uploads\/2019\/01\/48360002_2254850884581096_7340979856332554240_n-300x224.jpg\" alt=\"\" width=\"300\" height=\"224\" srcset=\"https:\/\/www.bzdz.pl\/technikum-mundurowe-kolaczkowo\/wp-content\/uploads\/2019\/01\/48360002_2254850884581096_7340979856332554240_n-300x224.jpg 300w, https:\/\/www.bzdz.pl\/technikum-mundurowe-kolaczkowo\/wp-content\/uploads\/2019\/01\/48360002_2254850884581096_7340979856332554240_n-768x575.jpg 768w, https:\/\/www.bzdz.pl\/technikum-mundurowe-kolaczkowo\/wp-content\/uploads\/2019\/01\/48360002_2254850884581096_7340979856332554240_n-1024x766.jpg 1024w, https:\/\/www.bzdz.pl\/technikum-mundurowe-kolaczkowo\/wp-content\/uploads\/2019\/01\/48360002_2254850884581096_7340979856332554240_n-624x467.jpg 624w, https:\/\/www.bzdz.pl\/technikum-mundurowe-kolaczkowo\/wp-content\/uploads\/2019\/01\/48360002_2254850884581096_7340979856332554240_n.jpg 2048w\" sizes=\"auto, (max-width: 300px) 85vw, 300px\" \/><br \/>\n<img loading=\"lazy\" decoding=\"async\" class=\"aligncenter size-medium wp-image-2438\" src=\"https:\/\/www.bzdz.pl\/technikum-mundurowe-kolaczkowo\/wp-content\/uploads\/2019\/01\/48358016_2208334845851780_421890093410680832_n-300x224.jpg\" alt=\"\" width=\"300\" height=\"224\" srcset=\"https:\/\/www.bzdz.pl\/technikum-mundurowe-kolaczkowo\/wp-content\/uploads\/2019\/01\/48358016_2208334845851780_421890093410680832_n-300x224.jpg 300w, https:\/\/www.bzdz.pl\/technikum-mundurowe-kolaczkowo\/wp-content\/uploads\/2019\/01\/48358016_2208334845851780_421890093410680832_n-768x575.jpg 768w, https:\/\/www.bzdz.pl\/technikum-mundurowe-kolaczkowo\/wp-content\/uploads\/2019\/01\/48358016_2208334845851780_421890093410680832_n-1024x766.jpg 1024w, https:\/\/www.bzdz.pl\/technikum-mundurowe-kolaczkowo\/wp-content\/uploads\/2019\/01\/48358016_2208334845851780_421890093410680832_n-624x467.jpg 624w, https:\/\/www.bzdz.pl\/technikum-mundurowe-kolaczkowo\/wp-content\/uploads\/2019\/01\/48358016_2208334845851780_421890093410680832_n.jpg 2048w\" sizes=\"auto, (max-width: 300px) 85vw, 300px\" \/><\/p>\n<p><img loading=\"lazy\" decoding=\"async\" class=\"aligncenter size-medium wp-image-2437\" src=\"https:\/\/www.bzdz.pl\/technikum-mundurowe-kolaczkowo\/wp-content\/uploads\/2019\/01\/48254031_318129609029009_6249382414469038080_n-300x224.jpg\" alt=\"\" width=\"300\" height=\"224\" srcset=\"https:\/\/www.bzdz.pl\/technikum-mundurowe-kolaczkowo\/wp-content\/uploads\/2019\/01\/48254031_318129609029009_6249382414469038080_n-300x224.jpg 300w, https:\/\/www.bzdz.pl\/technikum-mundurowe-kolaczkowo\/wp-content\/uploads\/2019\/01\/48254031_318129609029009_6249382414469038080_n-768x575.jpg 768w, https:\/\/www.bzdz.pl\/technikum-mundurowe-kolaczkowo\/wp-content\/uploads\/2019\/01\/48254031_318129609029009_6249382414469038080_n-1024x766.jpg 1024w, https:\/\/www.bzdz.pl\/technikum-mundurowe-kolaczkowo\/wp-content\/uploads\/2019\/01\/48254031_318129609029009_6249382414469038080_n-624x467.jpg 624w, https:\/\/www.bzdz.pl\/technikum-mundurowe-kolaczkowo\/wp-content\/uploads\/2019\/01\/48254031_318129609029009_6249382414469038080_n.jpg 2048w\" sizes=\"auto, (max-width: 300px) 85vw, 300px\" \/><br \/>\n<img loading=\"lazy\" decoding=\"async\" class=\"aligncenter size-medium wp-image-2436\" src=\"https:\/\/www.bzdz.pl\/technikum-mundurowe-kolaczkowo\/wp-content\/uploads\/2019\/01\/48156170_2217847201871198_9168245182422843392_n-300x224.jpg\" alt=\"\" width=\"300\" height=\"224\" srcset=\"https:\/\/www.bzdz.pl\/technikum-mundurowe-kolaczkowo\/wp-content\/uploads\/2019\/01\/48156170_2217847201871198_9168245182422843392_n-300x224.jpg 300w, https:\/\/www.bzdz.pl\/technikum-mundurowe-kolaczkowo\/wp-content\/uploads\/2019\/01\/48156170_2217847201871198_9168245182422843392_n-768x575.jpg 768w, https:\/\/www.bzdz.pl\/technikum-mundurowe-kolaczkowo\/wp-content\/uploads\/2019\/01\/48156170_2217847201871198_9168245182422843392_n-1024x766.jpg 1024w, https:\/\/www.bzdz.pl\/technikum-mundurowe-kolaczkowo\/wp-content\/uploads\/2019\/01\/48156170_2217847201871198_9168245182422843392_n-624x467.jpg 624w, https:\/\/www.bzdz.pl\/technikum-mundurowe-kolaczkowo\/wp-content\/uploads\/2019\/01\/48156170_2217847201871198_9168245182422843392_n.jpg 2048w\" sizes=\"auto, (max-width: 300px) 85vw, 300px\" \/><\/p>\n<p>\u00a0<br \/>\n\u00a0<\/p>\n<div class=\"clr\"><\/div>\n<p><a href=\"https:\/\/www.bzdz.pl\/technikum-mundurowe-kolaczkowo\/strzelnica-jachcice-14-grudnia-2018\/\" class=\"readmore\">Przeczytaj ca\u0142o\u015b\u0107<\/a><\/p>\n","protected":false},"author":3,"featured_media":0,"parent":0,"menu_order":0,"comment_status":"closed","ping_status":"closed","template":"","meta":{"footnotes":""},"class_list":["post-2443","page","type-page","status-publish","hentry"],"yoast_head":"<!-- This site is optimized with the Yoast SEO plugin v27.6 - https:\/\/yoast.com\/product\/yoast-seo-wordpress\/ -->\n<title>Strzelnica Jachcice 14 grudnia 2018 - Technikum Mundurowe Ko\u0142aczkowo - BZDZ<\/title>\n<meta name=\"robots\" content=\"index, follow, max-snippet:-1, max-image-preview:large, max-video-preview:-1\" \/>\n<link rel=\"canonical\" href=\"https:\/\/www.bzdz.pl\/technikum-mundurowe-kolaczkowo\/strzelnica-jachcice-14-grudnia-2018\/\" \/>\n<meta property=\"og:locale\" content=\"pl_PL\" \/>\n<meta property=\"og:type\" content=\"article\" \/>\n<meta property=\"og:title\" content=\"Strzelnica Jachcice 14 grudnia 2018 - Technikum Mundurowe Ko\u0142aczkowo - BZDZ\" \/>\n<meta property=\"og:description\" content=\"\u00a0 \u00a0Przeczytaj ca\u0142o\u015b\u0107\" \/>\n<meta property=\"og:url\" content=\"https:\/\/www.bzdz.pl\/technikum-mundurowe-kolaczkowo\/strzelnica-jachcice-14-grudnia-2018\/\" \/>\n<meta property=\"og:site_name\" content=\"Technikum Mundurowe Ko\u0142aczkowo - BZDZ\" \/>\n<meta property=\"article:modified_time\" content=\"2019-01-07T07:47:22+00:00\" \/>\n<meta property=\"og:image\" content=\"https:\/\/www.bzdz.pl\/technikum-mundurowe-kolaczkowo\/wp-content\/uploads\/2019\/01\/48420240_2324405424454020_1008215865901973504_n-300x224.jpg\" \/>\n<meta name=\"twitter:card\" content=\"summary_large_image\" \/>\n<script type=\"application\/ld+json\" class=\"yoast-schema-graph\">{\"@context\":\"https:\\\/\\\/schema.org\",\"@graph\":[{\"@type\":\"WebPage\",\"@id\":\"https:\\\/\\\/www.bzdz.pl\\\/technikum-mundurowe-kolaczkowo\\\/strzelnica-jachcice-14-grudnia-2018\\\/\",\"url\":\"https:\\\/\\\/www.bzdz.pl\\\/technikum-mundurowe-kolaczkowo\\\/strzelnica-jachcice-14-grudnia-2018\\\/\",\"name\":\"Strzelnica Jachcice 14 grudnia 2018 - Technikum Mundurowe Ko\u0142aczkowo - BZDZ\",\"isPartOf\":{\"@id\":\"https:\\\/\\\/www.bzdz.pl\\\/technikum-mundurowe-kolaczkowo\\\/#website\"},\"primaryImageOfPage\":{\"@id\":\"https:\\\/\\\/www.bzdz.pl\\\/technikum-mundurowe-kolaczkowo\\\/strzelnica-jachcice-14-grudnia-2018\\\/#primaryimage\"},\"image\":{\"@id\":\"https:\\\/\\\/www.bzdz.pl\\\/technikum-mundurowe-kolaczkowo\\\/strzelnica-jachcice-14-grudnia-2018\\\/#primaryimage\"},\"thumbnailUrl\":\"https:\\\/\\\/www.bzdz.pl\\\/technikum-mundurowe-kolaczkowo\\\/wp-content\\\/uploads\\\/2019\\\/01\\\/48420240_2324405424454020_1008215865901973504_n-300x224.jpg\",\"datePublished\":\"2018-12-06T07:46:47+00:00\",\"dateModified\":\"2019-01-07T07:47:22+00:00\",\"breadcrumb\":{\"@id\":\"https:\\\/\\\/www.bzdz.pl\\\/technikum-mundurowe-kolaczkowo\\\/strzelnica-jachcice-14-grudnia-2018\\\/#breadcrumb\"},\"inLanguage\":\"pl-PL\",\"potentialAction\":[{\"@type\":\"ReadAction\",\"target\":[\"https:\\\/\\\/www.bzdz.pl\\\/technikum-mundurowe-kolaczkowo\\\/strzelnica-jachcice-14-grudnia-2018\\\/\"]}]},{\"@type\":\"ImageObject\",\"inLanguage\":\"pl-PL\",\"@id\":\"https:\\\/\\\/www.bzdz.pl\\\/technikum-mundurowe-kolaczkowo\\\/strzelnica-jachcice-14-grudnia-2018\\\/#primaryimage\",\"url\":\"https:\\\/\\\/www.bzdz.pl\\\/technikum-mundurowe-kolaczkowo\\\/wp-content\\\/uploads\\\/2019\\\/01\\\/48420240_2324405424454020_1008215865901973504_n.jpg\",\"contentUrl\":\"https:\\\/\\\/www.bzdz.pl\\\/technikum-mundurowe-kolaczkowo\\\/wp-content\\\/uploads\\\/2019\\\/01\\\/48420240_2324405424454020_1008215865901973504_n.jpg\",\"width\":2048,\"height\":1532},{\"@type\":\"BreadcrumbList\",\"@id\":\"https:\\\/\\\/www.bzdz.pl\\\/technikum-mundurowe-kolaczkowo\\\/strzelnica-jachcice-14-grudnia-2018\\\/#breadcrumb\",\"itemListElement\":[{\"@type\":\"ListItem\",\"position\":1,\"name\":\"Strona g\u0142\u00f3wna\",\"item\":\"https:\\\/\\\/www.bzdz.pl\\\/technikum-mundurowe-kolaczkowo\\\/\"},{\"@type\":\"ListItem\",\"position\":2,\"name\":\"Strzelnica Jachcice 14 grudnia 2018\"}]},{\"@type\":\"WebSite\",\"@id\":\"https:\\\/\\\/www.bzdz.pl\\\/technikum-mundurowe-kolaczkowo\\\/#website\",\"url\":\"https:\\\/\\\/www.bzdz.pl\\\/technikum-mundurowe-kolaczkowo\\\/\",\"name\":\"Technikum Mundurowe Ko\u0142aczkowo - BZDZ\",\"description\":\"\",\"potentialAction\":[{\"@type\":\"SearchAction\",\"target\":{\"@type\":\"EntryPoint\",\"urlTemplate\":\"https:\\\/\\\/www.bzdz.pl\\\/technikum-mundurowe-kolaczkowo\\\/?s={search_term_string}\"},\"query-input\":{\"@type\":\"PropertyValueSpecification\",\"valueRequired\":true,\"valueName\":\"search_term_string\"}}],\"inLanguage\":\"pl-PL\"}]}<\/script>\n<!-- \/ Yoast SEO plugin. -->","yoast_head_json":{"title":"Strzelnica Jachcice 14 grudnia 2018 - Technikum Mundurowe Ko\u0142aczkowo - BZDZ","robots":{"index":"index","follow":"follow","max-snippet":"max-snippet:-1","max-image-preview":"max-image-preview:large","max-video-preview":"max-video-preview:-1"},"canonical":"https:\/\/www.bzdz.pl\/technikum-mundurowe-kolaczkowo\/strzelnica-jachcice-14-grudnia-2018\/","og_locale":"pl_PL","og_type":"article","og_title":"Strzelnica Jachcice 14 grudnia 2018 - Technikum Mundurowe Ko\u0142aczkowo - BZDZ","og_description":"\u00a0 \u00a0Przeczytaj ca\u0142o\u015b\u0107","og_url":"https:\/\/www.bzdz.pl\/technikum-mundurowe-kolaczkowo\/strzelnica-jachcice-14-grudnia-2018\/","og_site_name":"Technikum Mundurowe Ko\u0142aczkowo - BZDZ","article_modified_time":"2019-01-07T07:47:22+00:00","og_image":[{"url":"https:\/\/www.bzdz.pl\/technikum-mundurowe-kolaczkowo\/wp-content\/uploads\/2019\/01\/48420240_2324405424454020_1008215865901973504_n-300x224.jpg","type":"","width":"","height":""}],"twitter_card":"summary_large_image","schema":{"@context":"https:\/\/schema.org","@graph":[{"@type":"WebPage","@id":"https:\/\/www.bzdz.pl\/technikum-mundurowe-kolaczkowo\/strzelnica-jachcice-14-grudnia-2018\/","url":"https:\/\/www.bzdz.pl\/technikum-mundurowe-kolaczkowo\/strzelnica-jachcice-14-grudnia-2018\/","name":"Strzelnica Jachcice 14 grudnia 2018 - Technikum Mundurowe Ko\u0142aczkowo - BZDZ","isPartOf":{"@id":"https:\/\/www.bzdz.pl\/technikum-mundurowe-kolaczkowo\/#website"},"primaryImageOfPage":{"@id":"https:\/\/www.bzdz.pl\/technikum-mundurowe-kolaczkowo\/strzelnica-jachcice-14-grudnia-2018\/#primaryimage"},"image":{"@id":"https:\/\/www.bzdz.pl\/technikum-mundurowe-kolaczkowo\/strzelnica-jachcice-14-grudnia-2018\/#primaryimage"},"thumbnailUrl":"https:\/\/www.bzdz.pl\/technikum-mundurowe-kolaczkowo\/wp-content\/uploads\/2019\/01\/48420240_2324405424454020_1008215865901973504_n-300x224.jpg","datePublished":"2018-12-06T07:46:47+00:00","dateModified":"2019-01-07T07:47:22+00:00","breadcrumb":{"@id":"https:\/\/www.bzdz.pl\/technikum-mundurowe-kolaczkowo\/strzelnica-jachcice-14-grudnia-2018\/#breadcrumb"},"inLanguage":"pl-PL","potentialAction":[{"@type":"ReadAction","target":["https:\/\/www.bzdz.pl\/technikum-mundurowe-kolaczkowo\/strzelnica-jachcice-14-grudnia-2018\/"]}]},{"@type":"ImageObject","inLanguage":"pl-PL","@id":"https:\/\/www.bzdz.pl\/technikum-mundurowe-kolaczkowo\/strzelnica-jachcice-14-grudnia-2018\/#primaryimage","url":"https:\/\/www.bzdz.pl\/technikum-mundurowe-kolaczkowo\/wp-content\/uploads\/2019\/01\/48420240_2324405424454020_1008215865901973504_n.jpg","contentUrl":"https:\/\/www.bzdz.pl\/technikum-mundurowe-kolaczkowo\/wp-content\/uploads\/2019\/01\/48420240_2324405424454020_1008215865901973504_n.jpg","width":2048,"height":1532},{"@type":"BreadcrumbList","@id":"https:\/\/www.bzdz.pl\/technikum-mundurowe-kolaczkowo\/strzelnica-jachcice-14-grudnia-2018\/#breadcrumb","itemListElement":[{"@type":"ListItem","position":1,"name":"Strona g\u0142\u00f3wna","item":"https:\/\/www.bzdz.pl\/technikum-mundurowe-kolaczkowo\/"},{"@type":"ListItem","position":2,"name":"Strzelnica Jachcice 14 grudnia 2018"}]},{"@type":"WebSite","@id":"https:\/\/www.bzdz.pl\/technikum-mundurowe-kolaczkowo\/#website","url":"https:\/\/www.bzdz.pl\/technikum-mundurowe-kolaczkowo\/","name":"Technikum Mundurowe Ko\u0142aczkowo - BZDZ","description":"","potentialAction":[{"@type":"SearchAction","target":{"@type":"EntryPoint","urlTemplate":"https:\/\/www.bzdz.pl\/technikum-mundurowe-kolaczkowo\/?s={search_term_string}"},"query-input":{"@type":"PropertyValueSpecification","valueRequired":true,"valueName":"search_term_string"}}],"inLanguage":"pl-PL"}]}},"_links":{"self":[{"href":"https:\/\/www.bzdz.pl\/technikum-mundurowe-kolaczkowo\/wp-json\/wp\/v2\/pages\/2443","targetHints":{"allow":["GET"]}}],"collection":[{"href":"https:\/\/www.bzdz.pl\/technikum-mundurowe-kolaczkowo\/wp-json\/wp\/v2\/pages"}],"about":[{"href":"https:\/\/www.bzdz.pl\/technikum-mundurowe-kolaczkowo\/wp-json\/wp\/v2\/types\/page"}],"author":[{"embeddable":true,"href":"https:\/\/www.bzdz.pl\/technikum-mundurowe-kolaczkowo\/wp-json\/wp\/v2\/users\/3"}],"replies":[{"embeddable":true,"href":"https:\/\/www.bzdz.pl\/technikum-mundurowe-kolaczkowo\/wp-json\/wp\/v2\/comments?post=2443"}],"version-history":[{"count":0,"href":"https:\/\/www.bzdz.pl\/technikum-mundurowe-kolaczkowo\/wp-json\/wp\/v2\/pages\/2443\/revisions"}],"wp:attachment":[{"href":"https:\/\/www.bzdz.pl\/technikum-mundurowe-kolaczkowo\/wp-json\/wp\/v2\/media?parent=2443"}],"curies":[{"name":"wp","href":"https:\/\/api.w.org\/{rel}","templated":true}]}}