{"id":2365,"date":"2018-06-10T17:10:27","date_gmt":"2018-06-10T15:10:27","guid":{"rendered":"https:\/\/www.bzdz.pl\/technikum-mundurowe-kolaczkowo\/?page_id=2365"},"modified":"2018-06-10T17:10:27","modified_gmt":"2018-06-10T15:10:27","slug":"oboz-w-smerzynie-kwiecien-2018","status":"publish","type":"page","link":"https:\/\/www.bzdz.pl\/technikum-mundurowe-kolaczkowo\/oboz-w-smerzynie-kwiecien-2018\/","title":{"rendered":"Ob\u00f3z w Smerzynie kwiecie\u0144 2018"},"content":{"rendered":"<div id='gallery-1' class='gallery galleryid-2365 gallery-columns-2 gallery-size-medium'><figure class='gallery-item'>\n\t\t\t<div class='gallery-icon landscape'>\n\t\t\t\t<a href='https:\/\/www.bzdz.pl\/technikum-mundurowe-kolaczkowo\/wp-content\/uploads\/2018\/06\/IMG_8888.jpg' title=\"\" data-rl_title=\"\" class=\"rl-gallery-link\" data-rl_caption=\"\" data-rel=\"lightbox-gallery-1\"><img loading=\"lazy\" decoding=\"async\" width=\"300\" height=\"200\" src=\"https:\/\/www.bzdz.pl\/technikum-mundurowe-kolaczkowo\/wp-content\/uploads\/2018\/06\/IMG_8888-300x200.jpg\" class=\"attachment-medium size-medium\" alt=\"\" srcset=\"https:\/\/www.bzdz.pl\/technikum-mundurowe-kolaczkowo\/wp-content\/uploads\/2018\/06\/IMG_8888-300x200.jpg 300w, https:\/\/www.bzdz.pl\/technikum-mundurowe-kolaczkowo\/wp-content\/uploads\/2018\/06\/IMG_8888-768x512.jpg 768w, https:\/\/www.bzdz.pl\/technikum-mundurowe-kolaczkowo\/wp-content\/uploads\/2018\/06\/IMG_8888-1024x683.jpg 1024w, https:\/\/www.bzdz.pl\/technikum-mundurowe-kolaczkowo\/wp-content\/uploads\/2018\/06\/IMG_8888-624x416.jpg 624w, https:\/\/www.bzdz.pl\/technikum-mundurowe-kolaczkowo\/wp-content\/uploads\/2018\/06\/IMG_8888.jpg 2048w\" sizes=\"auto, (max-width: 300px) 85vw, 300px\" \/><\/a>\n\t\t\t<\/div><\/figure><figure class='gallery-item'>\n\t\t\t<div class='gallery-icon landscape'>\n\t\t\t\t<a href='https:\/\/www.bzdz.pl\/technikum-mundurowe-kolaczkowo\/wp-content\/uploads\/2018\/06\/IMG_8902.jpg' title=\"\" data-rl_title=\"\" class=\"rl-gallery-link\" data-rl_caption=\"\" data-rel=\"lightbox-gallery-1\"><img loading=\"lazy\" decoding=\"async\" width=\"300\" height=\"200\" src=\"https:\/\/www.bzdz.pl\/technikum-mundurowe-kolaczkowo\/wp-content\/uploads\/2018\/06\/IMG_8902-300x200.jpg\" class=\"attachment-medium size-medium\" alt=\"\" srcset=\"https:\/\/www.bzdz.pl\/technikum-mundurowe-kolaczkowo\/wp-content\/uploads\/2018\/06\/IMG_8902-300x200.jpg 300w, https:\/\/www.bzdz.pl\/technikum-mundurowe-kolaczkowo\/wp-content\/uploads\/2018\/06\/IMG_8902-768x512.jpg 768w, https:\/\/www.bzdz.pl\/technikum-mundurowe-kolaczkowo\/wp-content\/uploads\/2018\/06\/IMG_8902-1024x683.jpg 1024w, https:\/\/www.bzdz.pl\/technikum-mundurowe-kolaczkowo\/wp-content\/uploads\/2018\/06\/IMG_8902-624x416.jpg 624w, https:\/\/www.bzdz.pl\/technikum-mundurowe-kolaczkowo\/wp-content\/uploads\/2018\/06\/IMG_8902.jpg 2048w\" sizes=\"auto, (max-width: 300px) 85vw, 300px\" \/><\/a>\n\t\t\t<\/div><\/figure><figure class='gallery-item'>\n\t\t\t<div class='gallery-icon landscape'>\n\t\t\t\t<a href='https:\/\/www.bzdz.pl\/technikum-mundurowe-kolaczkowo\/wp-content\/uploads\/2018\/06\/IMG_8894.jpg' title=\"\" data-rl_title=\"\" class=\"rl-gallery-link\" data-rl_caption=\"\" data-rel=\"lightbox-gallery-1\"><img loading=\"lazy\" decoding=\"async\" width=\"300\" height=\"200\" src=\"https:\/\/www.bzdz.pl\/technikum-mundurowe-kolaczkowo\/wp-content\/uploads\/2018\/06\/IMG_8894-300x200.jpg\" class=\"attachment-medium size-medium\" alt=\"\" srcset=\"https:\/\/www.bzdz.pl\/technikum-mundurowe-kolaczkowo\/wp-content\/uploads\/2018\/06\/IMG_8894-300x200.jpg 300w, https:\/\/www.bzdz.pl\/technikum-mundurowe-kolaczkowo\/wp-content\/uploads\/2018\/06\/IMG_8894-768x512.jpg 768w, https:\/\/www.bzdz.pl\/technikum-mundurowe-kolaczkowo\/wp-content\/uploads\/2018\/06\/IMG_8894-1024x683.jpg 1024w, https:\/\/www.bzdz.pl\/technikum-mundurowe-kolaczkowo\/wp-content\/uploads\/2018\/06\/IMG_8894-624x416.jpg 624w, https:\/\/www.bzdz.pl\/technikum-mundurowe-kolaczkowo\/wp-content\/uploads\/2018\/06\/IMG_8894.jpg 2048w\" sizes=\"auto, (max-width: 300px) 85vw, 300px\" \/><\/a>\n\t\t\t<\/div><\/figure><figure class='gallery-item'>\n\t\t\t<div class='gallery-icon landscape'>\n\t\t\t\t<a href='https:\/\/www.bzdz.pl\/technikum-mundurowe-kolaczkowo\/wp-content\/uploads\/2018\/06\/IMG_8985.jpg' title=\"\" data-rl_title=\"\" class=\"rl-gallery-link\" data-rl_caption=\"\" data-rel=\"lightbox-gallery-1\"><img loading=\"lazy\" decoding=\"async\" width=\"300\" height=\"200\" src=\"https:\/\/www.bzdz.pl\/technikum-mundurowe-kolaczkowo\/wp-content\/uploads\/2018\/06\/IMG_8985-300x200.jpg\" class=\"attachment-medium size-medium\" alt=\"\" srcset=\"https:\/\/www.bzdz.pl\/technikum-mundurowe-kolaczkowo\/wp-content\/uploads\/2018\/06\/IMG_8985-300x200.jpg 300w, https:\/\/www.bzdz.pl\/technikum-mundurowe-kolaczkowo\/wp-content\/uploads\/2018\/06\/IMG_8985-768x512.jpg 768w, https:\/\/www.bzdz.pl\/technikum-mundurowe-kolaczkowo\/wp-content\/uploads\/2018\/06\/IMG_8985-1024x683.jpg 1024w, https:\/\/www.bzdz.pl\/technikum-mundurowe-kolaczkowo\/wp-content\/uploads\/2018\/06\/IMG_8985-624x416.jpg 624w, https:\/\/www.bzdz.pl\/technikum-mundurowe-kolaczkowo\/wp-content\/uploads\/2018\/06\/IMG_8985.jpg 2048w\" sizes=\"auto, (max-width: 300px) 85vw, 300px\" \/><\/a>\n\t\t\t<\/div><\/figure><figure class='gallery-item'>\n\t\t\t<div class='gallery-icon landscape'>\n\t\t\t\t<a href='https:\/\/www.bzdz.pl\/technikum-mundurowe-kolaczkowo\/wp-content\/uploads\/2018\/06\/IMG_8911.jpg' title=\"\" data-rl_title=\"\" class=\"rl-gallery-link\" data-rl_caption=\"\" data-rel=\"lightbox-gallery-1\"><img loading=\"lazy\" decoding=\"async\" width=\"300\" height=\"200\" src=\"https:\/\/www.bzdz.pl\/technikum-mundurowe-kolaczkowo\/wp-content\/uploads\/2018\/06\/IMG_8911-300x200.jpg\" class=\"attachment-medium size-medium\" alt=\"\" srcset=\"https:\/\/www.bzdz.pl\/technikum-mundurowe-kolaczkowo\/wp-content\/uploads\/2018\/06\/IMG_8911-300x200.jpg 300w, https:\/\/www.bzdz.pl\/technikum-mundurowe-kolaczkowo\/wp-content\/uploads\/2018\/06\/IMG_8911-768x512.jpg 768w, https:\/\/www.bzdz.pl\/technikum-mundurowe-kolaczkowo\/wp-content\/uploads\/2018\/06\/IMG_8911-1024x683.jpg 1024w, https:\/\/www.bzdz.pl\/technikum-mundurowe-kolaczkowo\/wp-content\/uploads\/2018\/06\/IMG_8911-624x416.jpg 624w, https:\/\/www.bzdz.pl\/technikum-mundurowe-kolaczkowo\/wp-content\/uploads\/2018\/06\/IMG_8911.jpg 2048w\" sizes=\"auto, (max-width: 300px) 85vw, 300px\" \/><\/a>\n\t\t\t<\/div><\/figure><figure class='gallery-item'>\n\t\t\t<div class='gallery-icon landscape'>\n\t\t\t\t<a href='https:\/\/www.bzdz.pl\/technikum-mundurowe-kolaczkowo\/wp-content\/uploads\/2018\/06\/IMG_8857.jpg' title=\"\" data-rl_title=\"\" class=\"rl-gallery-link\" data-rl_caption=\"\" data-rel=\"lightbox-gallery-1\"><img loading=\"lazy\" decoding=\"async\" width=\"300\" height=\"206\" src=\"https:\/\/www.bzdz.pl\/technikum-mundurowe-kolaczkowo\/wp-content\/uploads\/2018\/06\/IMG_8857-300x206.jpg\" class=\"attachment-medium size-medium\" alt=\"\" srcset=\"https:\/\/www.bzdz.pl\/technikum-mundurowe-kolaczkowo\/wp-content\/uploads\/2018\/06\/IMG_8857-300x206.jpg 300w, https:\/\/www.bzdz.pl\/technikum-mundurowe-kolaczkowo\/wp-content\/uploads\/2018\/06\/IMG_8857-768x527.jpg 768w, https:\/\/www.bzdz.pl\/technikum-mundurowe-kolaczkowo\/wp-content\/uploads\/2018\/06\/IMG_8857-1024x703.jpg 1024w, https:\/\/www.bzdz.pl\/technikum-mundurowe-kolaczkowo\/wp-content\/uploads\/2018\/06\/IMG_8857-624x428.jpg 624w, https:\/\/www.bzdz.pl\/technikum-mundurowe-kolaczkowo\/wp-content\/uploads\/2018\/06\/IMG_8857.jpg 2048w\" sizes=\"auto, (max-width: 300px) 85vw, 300px\" \/><\/a>\n\t\t\t<\/div><\/figure><figure class='gallery-item'>\n\t\t\t<div class='gallery-icon landscape'>\n\t\t\t\t<a href='https:\/\/www.bzdz.pl\/technikum-mundurowe-kolaczkowo\/wp-content\/uploads\/2018\/06\/IMG_8838.jpg' title=\"\" data-rl_title=\"\" class=\"rl-gallery-link\" data-rl_caption=\"\" data-rel=\"lightbox-gallery-1\"><img loading=\"lazy\" decoding=\"async\" width=\"300\" height=\"200\" src=\"https:\/\/www.bzdz.pl\/technikum-mundurowe-kolaczkowo\/wp-content\/uploads\/2018\/06\/IMG_8838-300x200.jpg\" class=\"attachment-medium size-medium\" alt=\"\" srcset=\"https:\/\/www.bzdz.pl\/technikum-mundurowe-kolaczkowo\/wp-content\/uploads\/2018\/06\/IMG_8838-300x200.jpg 300w, https:\/\/www.bzdz.pl\/technikum-mundurowe-kolaczkowo\/wp-content\/uploads\/2018\/06\/IMG_8838-768x512.jpg 768w, https:\/\/www.bzdz.pl\/technikum-mundurowe-kolaczkowo\/wp-content\/uploads\/2018\/06\/IMG_8838-1024x683.jpg 1024w, https:\/\/www.bzdz.pl\/technikum-mundurowe-kolaczkowo\/wp-content\/uploads\/2018\/06\/IMG_8838-624x416.jpg 624w, https:\/\/www.bzdz.pl\/technikum-mundurowe-kolaczkowo\/wp-content\/uploads\/2018\/06\/IMG_8838.jpg 2048w\" sizes=\"auto, (max-width: 300px) 85vw, 300px\" \/><\/a>\n\t\t\t<\/div><\/figure><figure class='gallery-item'>\n\t\t\t<div class='gallery-icon landscape'>\n\t\t\t\t<a href='https:\/\/www.bzdz.pl\/technikum-mundurowe-kolaczkowo\/wp-content\/uploads\/2018\/06\/IMG_8852.jpg' title=\"\" data-rl_title=\"\" class=\"rl-gallery-link\" data-rl_caption=\"\" data-rel=\"lightbox-gallery-1\"><img loading=\"lazy\" decoding=\"async\" width=\"300\" height=\"200\" src=\"https:\/\/www.bzdz.pl\/technikum-mundurowe-kolaczkowo\/wp-content\/uploads\/2018\/06\/IMG_8852-300x200.jpg\" class=\"attachment-medium size-medium\" alt=\"\" srcset=\"https:\/\/www.bzdz.pl\/technikum-mundurowe-kolaczkowo\/wp-content\/uploads\/2018\/06\/IMG_8852-300x200.jpg 300w, https:\/\/www.bzdz.pl\/technikum-mundurowe-kolaczkowo\/wp-content\/uploads\/2018\/06\/IMG_8852-768x512.jpg 768w, https:\/\/www.bzdz.pl\/technikum-mundurowe-kolaczkowo\/wp-content\/uploads\/2018\/06\/IMG_8852-1024x683.jpg 1024w, https:\/\/www.bzdz.pl\/technikum-mundurowe-kolaczkowo\/wp-content\/uploads\/2018\/06\/IMG_8852-624x416.jpg 624w, https:\/\/www.bzdz.pl\/technikum-mundurowe-kolaczkowo\/wp-content\/uploads\/2018\/06\/IMG_8852.jpg 2048w\" sizes=\"auto, (max-width: 300px) 85vw, 300px\" \/><\/a>\n\t\t\t<\/div><\/figure>\n\t\t<\/div>\n\n","protected":false},"excerpt":{"rendered":"<div class=\"clr\"><\/div>\n<p><a href=\"https:\/\/www.bzdz.pl\/technikum-mundurowe-kolaczkowo\/oboz-w-smerzynie-kwiecien-2018\/\" class=\"readmore\">Przeczytaj ca\u0142o\u015b\u0107<\/a><\/p>\n","protected":false},"author":3,"featured_media":0,"parent":0,"menu_order":0,"comment_status":"closed","ping_status":"closed","template":"","meta":{"footnotes":""},"class_list":["post-2365","page","type-page","status-publish","hentry"],"yoast_head":"<!-- This site is optimized with the Yoast SEO plugin v27.6 - https:\/\/yoast.com\/product\/yoast-seo-wordpress\/ -->\n<title>Ob\u00f3z w Smerzynie kwiecie\u0144 2018 - Technikum Mundurowe Ko\u0142aczkowo - BZDZ<\/title>\n<meta name=\"robots\" content=\"index, follow, max-snippet:-1, max-image-preview:large, max-video-preview:-1\" \/>\n<link rel=\"canonical\" href=\"https:\/\/www.bzdz.pl\/technikum-mundurowe-kolaczkowo\/oboz-w-smerzynie-kwiecien-2018\/\" \/>\n<meta property=\"og:locale\" content=\"pl_PL\" \/>\n<meta property=\"og:type\" content=\"article\" \/>\n<meta property=\"og:title\" content=\"Ob\u00f3z w Smerzynie kwiecie\u0144 2018 - Technikum Mundurowe Ko\u0142aczkowo - BZDZ\" \/>\n<meta property=\"og:description\" content=\"Przeczytaj ca\u0142o\u015b\u0107\" \/>\n<meta property=\"og:url\" content=\"https:\/\/www.bzdz.pl\/technikum-mundurowe-kolaczkowo\/oboz-w-smerzynie-kwiecien-2018\/\" \/>\n<meta property=\"og:site_name\" content=\"Technikum Mundurowe Ko\u0142aczkowo - BZDZ\" \/>\n<meta property=\"og:image\" content=\"https:\/\/www.bzdz.pl\/technikum-mundurowe-kolaczkowo\/wp-content\/uploads\/2018\/06\/IMG_8888-300x200.jpg\" \/>\n<meta name=\"twitter:card\" content=\"summary_large_image\" \/>\n<script type=\"application\/ld+json\" class=\"yoast-schema-graph\">{\"@context\":\"https:\\\/\\\/schema.org\",\"@graph\":[{\"@type\":\"WebPage\",\"@id\":\"https:\\\/\\\/www.bzdz.pl\\\/technikum-mundurowe-kolaczkowo\\\/oboz-w-smerzynie-kwiecien-2018\\\/\",\"url\":\"https:\\\/\\\/www.bzdz.pl\\\/technikum-mundurowe-kolaczkowo\\\/oboz-w-smerzynie-kwiecien-2018\\\/\",\"name\":\"Ob\u00f3z w Smerzynie kwiecie\u0144 2018 - Technikum Mundurowe Ko\u0142aczkowo - BZDZ\",\"isPartOf\":{\"@id\":\"https:\\\/\\\/www.bzdz.pl\\\/technikum-mundurowe-kolaczkowo\\\/#website\"},\"datePublished\":\"2018-06-10T15:10:27+00:00\",\"breadcrumb\":{\"@id\":\"https:\\\/\\\/www.bzdz.pl\\\/technikum-mundurowe-kolaczkowo\\\/oboz-w-smerzynie-kwiecien-2018\\\/#breadcrumb\"},\"inLanguage\":\"pl-PL\",\"potentialAction\":[{\"@type\":\"ReadAction\",\"target\":[\"https:\\\/\\\/www.bzdz.pl\\\/technikum-mundurowe-kolaczkowo\\\/oboz-w-smerzynie-kwiecien-2018\\\/\"]}]},{\"@type\":\"BreadcrumbList\",\"@id\":\"https:\\\/\\\/www.bzdz.pl\\\/technikum-mundurowe-kolaczkowo\\\/oboz-w-smerzynie-kwiecien-2018\\\/#breadcrumb\",\"itemListElement\":[{\"@type\":\"ListItem\",\"position\":1,\"name\":\"Strona g\u0142\u00f3wna\",\"item\":\"https:\\\/\\\/www.bzdz.pl\\\/technikum-mundurowe-kolaczkowo\\\/\"},{\"@type\":\"ListItem\",\"position\":2,\"name\":\"Ob\u00f3z w Smerzynie kwiecie\u0144 2018\"}]},{\"@type\":\"WebSite\",\"@id\":\"https:\\\/\\\/www.bzdz.pl\\\/technikum-mundurowe-kolaczkowo\\\/#website\",\"url\":\"https:\\\/\\\/www.bzdz.pl\\\/technikum-mundurowe-kolaczkowo\\\/\",\"name\":\"Technikum Mundurowe Ko\u0142aczkowo - BZDZ\",\"description\":\"\",\"potentialAction\":[{\"@type\":\"SearchAction\",\"target\":{\"@type\":\"EntryPoint\",\"urlTemplate\":\"https:\\\/\\\/www.bzdz.pl\\\/technikum-mundurowe-kolaczkowo\\\/?s={search_term_string}\"},\"query-input\":{\"@type\":\"PropertyValueSpecification\",\"valueRequired\":true,\"valueName\":\"search_term_string\"}}],\"inLanguage\":\"pl-PL\"}]}<\/script>\n<!-- \/ Yoast SEO plugin. -->","yoast_head_json":{"title":"Ob\u00f3z w Smerzynie kwiecie\u0144 2018 - Technikum Mundurowe Ko\u0142aczkowo - BZDZ","robots":{"index":"index","follow":"follow","max-snippet":"max-snippet:-1","max-image-preview":"max-image-preview:large","max-video-preview":"max-video-preview:-1"},"canonical":"https:\/\/www.bzdz.pl\/technikum-mundurowe-kolaczkowo\/oboz-w-smerzynie-kwiecien-2018\/","og_locale":"pl_PL","og_type":"article","og_title":"Ob\u00f3z w Smerzynie kwiecie\u0144 2018 - Technikum Mundurowe Ko\u0142aczkowo - BZDZ","og_description":"Przeczytaj ca\u0142o\u015b\u0107","og_url":"https:\/\/www.bzdz.pl\/technikum-mundurowe-kolaczkowo\/oboz-w-smerzynie-kwiecien-2018\/","og_site_name":"Technikum Mundurowe Ko\u0142aczkowo - BZDZ","og_image":[{"url":"https:\/\/www.bzdz.pl\/technikum-mundurowe-kolaczkowo\/wp-content\/uploads\/2018\/06\/IMG_8888-300x200.jpg","type":"","width":"","height":""}],"twitter_card":"summary_large_image","schema":{"@context":"https:\/\/schema.org","@graph":[{"@type":"WebPage","@id":"https:\/\/www.bzdz.pl\/technikum-mundurowe-kolaczkowo\/oboz-w-smerzynie-kwiecien-2018\/","url":"https:\/\/www.bzdz.pl\/technikum-mundurowe-kolaczkowo\/oboz-w-smerzynie-kwiecien-2018\/","name":"Ob\u00f3z w Smerzynie kwiecie\u0144 2018 - Technikum Mundurowe Ko\u0142aczkowo - BZDZ","isPartOf":{"@id":"https:\/\/www.bzdz.pl\/technikum-mundurowe-kolaczkowo\/#website"},"datePublished":"2018-06-10T15:10:27+00:00","breadcrumb":{"@id":"https:\/\/www.bzdz.pl\/technikum-mundurowe-kolaczkowo\/oboz-w-smerzynie-kwiecien-2018\/#breadcrumb"},"inLanguage":"pl-PL","potentialAction":[{"@type":"ReadAction","target":["https:\/\/www.bzdz.pl\/technikum-mundurowe-kolaczkowo\/oboz-w-smerzynie-kwiecien-2018\/"]}]},{"@type":"BreadcrumbList","@id":"https:\/\/www.bzdz.pl\/technikum-mundurowe-kolaczkowo\/oboz-w-smerzynie-kwiecien-2018\/#breadcrumb","itemListElement":[{"@type":"ListItem","position":1,"name":"Strona g\u0142\u00f3wna","item":"https:\/\/www.bzdz.pl\/technikum-mundurowe-kolaczkowo\/"},{"@type":"ListItem","position":2,"name":"Ob\u00f3z w Smerzynie kwiecie\u0144 2018"}]},{"@type":"WebSite","@id":"https:\/\/www.bzdz.pl\/technikum-mundurowe-kolaczkowo\/#website","url":"https:\/\/www.bzdz.pl\/technikum-mundurowe-kolaczkowo\/","name":"Technikum Mundurowe Ko\u0142aczkowo - BZDZ","description":"","potentialAction":[{"@type":"SearchAction","target":{"@type":"EntryPoint","urlTemplate":"https:\/\/www.bzdz.pl\/technikum-mundurowe-kolaczkowo\/?s={search_term_string}"},"query-input":{"@type":"PropertyValueSpecification","valueRequired":true,"valueName":"search_term_string"}}],"inLanguage":"pl-PL"}]}},"_links":{"self":[{"href":"https:\/\/www.bzdz.pl\/technikum-mundurowe-kolaczkowo\/wp-json\/wp\/v2\/pages\/2365","targetHints":{"allow":["GET"]}}],"collection":[{"href":"https:\/\/www.bzdz.pl\/technikum-mundurowe-kolaczkowo\/wp-json\/wp\/v2\/pages"}],"about":[{"href":"https:\/\/www.bzdz.pl\/technikum-mundurowe-kolaczkowo\/wp-json\/wp\/v2\/types\/page"}],"author":[{"embeddable":true,"href":"https:\/\/www.bzdz.pl\/technikum-mundurowe-kolaczkowo\/wp-json\/wp\/v2\/users\/3"}],"replies":[{"embeddable":true,"href":"https:\/\/www.bzdz.pl\/technikum-mundurowe-kolaczkowo\/wp-json\/wp\/v2\/comments?post=2365"}],"version-history":[{"count":0,"href":"https:\/\/www.bzdz.pl\/technikum-mundurowe-kolaczkowo\/wp-json\/wp\/v2\/pages\/2365\/revisions"}],"wp:attachment":[{"href":"https:\/\/www.bzdz.pl\/technikum-mundurowe-kolaczkowo\/wp-json\/wp\/v2\/media?parent=2365"}],"curies":[{"name":"wp","href":"https:\/\/api.w.org\/{rel}","templated":true}]}}