{"id":2310,"date":"2018-02-04T23:51:41","date_gmt":"2018-02-04T22:51:41","guid":{"rendered":"https:\/\/www.bzdz.pl\/technikum-mundurowe-kolaczkowo\/?page_id=2310"},"modified":"2018-02-04T23:56:31","modified_gmt":"2018-02-04T22:56:31","slug":"strzelnica-jachcice-2-grudnia-2017","status":"publish","type":"page","link":"https:\/\/www.bzdz.pl\/technikum-mundurowe-kolaczkowo\/strzelnica-jachcice-2-grudnia-2017\/","title":{"rendered":"Strzelnica Jachcice 9 grudnia 2017"},"content":{"rendered":"<p>&nbsp;<\/p>\n<div id='gallery-1' class='gallery galleryid-2310 gallery-columns-2 gallery-size-medium'><figure class='gallery-item'>\n\t\t\t<div class='gallery-icon landscape'>\n\t\t\t\t<a href='https:\/\/www.bzdz.pl\/technikum-mundurowe-kolaczkowo\/wp-content\/uploads\/2018\/02\/20171209_100344.jpg' title=\"\" data-rl_title=\"\" class=\"rl-gallery-link\" data-rl_caption=\"\" data-rel=\"lightbox-gallery-1\"><img loading=\"lazy\" decoding=\"async\" width=\"300\" height=\"169\" src=\"https:\/\/www.bzdz.pl\/technikum-mundurowe-kolaczkowo\/wp-content\/uploads\/2018\/02\/20171209_100344-300x169.jpg\" class=\"attachment-medium size-medium\" alt=\"\" srcset=\"https:\/\/www.bzdz.pl\/technikum-mundurowe-kolaczkowo\/wp-content\/uploads\/2018\/02\/20171209_100344-300x169.jpg 300w, https:\/\/www.bzdz.pl\/technikum-mundurowe-kolaczkowo\/wp-content\/uploads\/2018\/02\/20171209_100344-768x432.jpg 768w, https:\/\/www.bzdz.pl\/technikum-mundurowe-kolaczkowo\/wp-content\/uploads\/2018\/02\/20171209_100344-1024x576.jpg 1024w, https:\/\/www.bzdz.pl\/technikum-mundurowe-kolaczkowo\/wp-content\/uploads\/2018\/02\/20171209_100344-624x351.jpg 624w, https:\/\/www.bzdz.pl\/technikum-mundurowe-kolaczkowo\/wp-content\/uploads\/2018\/02\/20171209_100344.jpg 2048w\" sizes=\"auto, (max-width: 300px) 85vw, 300px\" \/><\/a>\n\t\t\t<\/div><\/figure><figure class='gallery-item'>\n\t\t\t<div class='gallery-icon landscape'>\n\t\t\t\t<a href='https:\/\/www.bzdz.pl\/technikum-mundurowe-kolaczkowo\/wp-content\/uploads\/2018\/02\/20171209_102026_HDR.jpg' title=\"\" data-rl_title=\"\" class=\"rl-gallery-link\" data-rl_caption=\"\" data-rel=\"lightbox-gallery-1\"><img loading=\"lazy\" decoding=\"async\" width=\"300\" height=\"169\" src=\"https:\/\/www.bzdz.pl\/technikum-mundurowe-kolaczkowo\/wp-content\/uploads\/2018\/02\/20171209_102026_HDR-300x169.jpg\" class=\"attachment-medium size-medium\" alt=\"\" srcset=\"https:\/\/www.bzdz.pl\/technikum-mundurowe-kolaczkowo\/wp-content\/uploads\/2018\/02\/20171209_102026_HDR-300x169.jpg 300w, https:\/\/www.bzdz.pl\/technikum-mundurowe-kolaczkowo\/wp-content\/uploads\/2018\/02\/20171209_102026_HDR-768x432.jpg 768w, https:\/\/www.bzdz.pl\/technikum-mundurowe-kolaczkowo\/wp-content\/uploads\/2018\/02\/20171209_102026_HDR-1024x576.jpg 1024w, https:\/\/www.bzdz.pl\/technikum-mundurowe-kolaczkowo\/wp-content\/uploads\/2018\/02\/20171209_102026_HDR-624x351.jpg 624w, https:\/\/www.bzdz.pl\/technikum-mundurowe-kolaczkowo\/wp-content\/uploads\/2018\/02\/20171209_102026_HDR.jpg 2048w\" sizes=\"auto, (max-width: 300px) 85vw, 300px\" \/><\/a>\n\t\t\t<\/div><\/figure><figure class='gallery-item'>\n\t\t\t<div class='gallery-icon landscape'>\n\t\t\t\t<a href='https:\/\/www.bzdz.pl\/technikum-mundurowe-kolaczkowo\/wp-content\/uploads\/2018\/02\/20171209_102613.jpg' title=\"\" data-rl_title=\"\" class=\"rl-gallery-link\" data-rl_caption=\"\" data-rel=\"lightbox-gallery-1\"><img loading=\"lazy\" decoding=\"async\" width=\"300\" height=\"169\" src=\"https:\/\/www.bzdz.pl\/technikum-mundurowe-kolaczkowo\/wp-content\/uploads\/2018\/02\/20171209_102613-300x169.jpg\" class=\"attachment-medium size-medium\" alt=\"\" srcset=\"https:\/\/www.bzdz.pl\/technikum-mundurowe-kolaczkowo\/wp-content\/uploads\/2018\/02\/20171209_102613-300x169.jpg 300w, https:\/\/www.bzdz.pl\/technikum-mundurowe-kolaczkowo\/wp-content\/uploads\/2018\/02\/20171209_102613-768x432.jpg 768w, https:\/\/www.bzdz.pl\/technikum-mundurowe-kolaczkowo\/wp-content\/uploads\/2018\/02\/20171209_102613-1024x576.jpg 1024w, https:\/\/www.bzdz.pl\/technikum-mundurowe-kolaczkowo\/wp-content\/uploads\/2018\/02\/20171209_102613-624x351.jpg 624w, https:\/\/www.bzdz.pl\/technikum-mundurowe-kolaczkowo\/wp-content\/uploads\/2018\/02\/20171209_102613.jpg 2048w\" sizes=\"auto, (max-width: 300px) 85vw, 300px\" \/><\/a>\n\t\t\t<\/div><\/figure><figure class='gallery-item'>\n\t\t\t<div class='gallery-icon landscape'>\n\t\t\t\t<a href='https:\/\/www.bzdz.pl\/technikum-mundurowe-kolaczkowo\/wp-content\/uploads\/2018\/02\/20171209_102836.jpg' title=\"\" data-rl_title=\"\" class=\"rl-gallery-link\" data-rl_caption=\"\" data-rel=\"lightbox-gallery-1\"><img loading=\"lazy\" decoding=\"async\" width=\"300\" height=\"169\" src=\"https:\/\/www.bzdz.pl\/technikum-mundurowe-kolaczkowo\/wp-content\/uploads\/2018\/02\/20171209_102836-300x169.jpg\" class=\"attachment-medium size-medium\" alt=\"\" srcset=\"https:\/\/www.bzdz.pl\/technikum-mundurowe-kolaczkowo\/wp-content\/uploads\/2018\/02\/20171209_102836-300x169.jpg 300w, https:\/\/www.bzdz.pl\/technikum-mundurowe-kolaczkowo\/wp-content\/uploads\/2018\/02\/20171209_102836-768x432.jpg 768w, https:\/\/www.bzdz.pl\/technikum-mundurowe-kolaczkowo\/wp-content\/uploads\/2018\/02\/20171209_102836-1024x576.jpg 1024w, https:\/\/www.bzdz.pl\/technikum-mundurowe-kolaczkowo\/wp-content\/uploads\/2018\/02\/20171209_102836-624x351.jpg 624w, https:\/\/www.bzdz.pl\/technikum-mundurowe-kolaczkowo\/wp-content\/uploads\/2018\/02\/20171209_102836.jpg 2048w\" sizes=\"auto, (max-width: 300px) 85vw, 300px\" \/><\/a>\n\t\t\t<\/div><\/figure><figure class='gallery-item'>\n\t\t\t<div class='gallery-icon portrait'>\n\t\t\t\t<a href='https:\/\/www.bzdz.pl\/technikum-mundurowe-kolaczkowo\/wp-content\/uploads\/2018\/02\/20171209_111700.jpg' title=\"\" data-rl_title=\"\" class=\"rl-gallery-link\" data-rl_caption=\"\" data-rel=\"lightbox-gallery-1\"><img loading=\"lazy\" decoding=\"async\" width=\"169\" height=\"300\" src=\"https:\/\/www.bzdz.pl\/technikum-mundurowe-kolaczkowo\/wp-content\/uploads\/2018\/02\/20171209_111700-169x300.jpg\" class=\"attachment-medium size-medium\" alt=\"\" srcset=\"https:\/\/www.bzdz.pl\/technikum-mundurowe-kolaczkowo\/wp-content\/uploads\/2018\/02\/20171209_111700-169x300.jpg 169w, https:\/\/www.bzdz.pl\/technikum-mundurowe-kolaczkowo\/wp-content\/uploads\/2018\/02\/20171209_111700-768x1365.jpg 768w, https:\/\/www.bzdz.pl\/technikum-mundurowe-kolaczkowo\/wp-content\/uploads\/2018\/02\/20171209_111700-576x1024.jpg 576w, https:\/\/www.bzdz.pl\/technikum-mundurowe-kolaczkowo\/wp-content\/uploads\/2018\/02\/20171209_111700-624x1109.jpg 624w, https:\/\/www.bzdz.pl\/technikum-mundurowe-kolaczkowo\/wp-content\/uploads\/2018\/02\/20171209_111700.jpg 1152w\" sizes=\"auto, (max-width: 169px) 85vw, 169px\" \/><\/a>\n\t\t\t<\/div><\/figure><figure class='gallery-item'>\n\t\t\t<div class='gallery-icon portrait'>\n\t\t\t\t<a href='https:\/\/www.bzdz.pl\/technikum-mundurowe-kolaczkowo\/wp-content\/uploads\/2018\/02\/20171209_112049.jpg' title=\"\" data-rl_title=\"\" class=\"rl-gallery-link\" data-rl_caption=\"\" data-rel=\"lightbox-gallery-1\"><img loading=\"lazy\" decoding=\"async\" width=\"169\" height=\"300\" src=\"https:\/\/www.bzdz.pl\/technikum-mundurowe-kolaczkowo\/wp-content\/uploads\/2018\/02\/20171209_112049-169x300.jpg\" class=\"attachment-medium size-medium\" alt=\"\" srcset=\"https:\/\/www.bzdz.pl\/technikum-mundurowe-kolaczkowo\/wp-content\/uploads\/2018\/02\/20171209_112049-169x300.jpg 169w, https:\/\/www.bzdz.pl\/technikum-mundurowe-kolaczkowo\/wp-content\/uploads\/2018\/02\/20171209_112049-768x1365.jpg 768w, https:\/\/www.bzdz.pl\/technikum-mundurowe-kolaczkowo\/wp-content\/uploads\/2018\/02\/20171209_112049-576x1024.jpg 576w, https:\/\/www.bzdz.pl\/technikum-mundurowe-kolaczkowo\/wp-content\/uploads\/2018\/02\/20171209_112049-624x1109.jpg 624w, https:\/\/www.bzdz.pl\/technikum-mundurowe-kolaczkowo\/wp-content\/uploads\/2018\/02\/20171209_112049.jpg 1152w\" sizes=\"auto, (max-width: 169px) 85vw, 169px\" \/><\/a>\n\t\t\t<\/div><\/figure>\n\t\t<\/div>\n\n","protected":false},"excerpt":{"rendered":"<p>&nbsp;<\/p>\n<div class=\"clr\"><\/div>\n<p><a href=\"https:\/\/www.bzdz.pl\/technikum-mundurowe-kolaczkowo\/strzelnica-jachcice-2-grudnia-2017\/\" class=\"readmore\">Przeczytaj ca\u0142o\u015b\u0107<\/a><\/p>\n","protected":false},"author":3,"featured_media":0,"parent":0,"menu_order":0,"comment_status":"closed","ping_status":"closed","template":"","meta":{"footnotes":""},"class_list":["post-2310","page","type-page","status-publish","hentry"],"yoast_head":"<!-- This site is optimized with the Yoast SEO plugin v27.6 - https:\/\/yoast.com\/product\/yoast-seo-wordpress\/ -->\n<title>Strzelnica Jachcice 9 grudnia 2017 - Technikum Mundurowe Ko\u0142aczkowo - BZDZ<\/title>\n<meta name=\"robots\" content=\"index, follow, max-snippet:-1, max-image-preview:large, max-video-preview:-1\" \/>\n<link rel=\"canonical\" href=\"https:\/\/www.bzdz.pl\/technikum-mundurowe-kolaczkowo\/strzelnica-jachcice-2-grudnia-2017\/\" \/>\n<meta property=\"og:locale\" content=\"pl_PL\" \/>\n<meta property=\"og:type\" content=\"article\" \/>\n<meta property=\"og:title\" content=\"Strzelnica Jachcice 9 grudnia 2017 - Technikum Mundurowe Ko\u0142aczkowo - BZDZ\" \/>\n<meta property=\"og:description\" content=\"&nbsp;Przeczytaj ca\u0142o\u015b\u0107\" \/>\n<meta property=\"og:url\" content=\"https:\/\/www.bzdz.pl\/technikum-mundurowe-kolaczkowo\/strzelnica-jachcice-2-grudnia-2017\/\" \/>\n<meta property=\"og:site_name\" content=\"Technikum Mundurowe Ko\u0142aczkowo - BZDZ\" \/>\n<meta property=\"article:modified_time\" content=\"2018-02-04T22:56:31+00:00\" \/>\n<meta property=\"og:image\" content=\"https:\/\/www.bzdz.pl\/technikum-mundurowe-kolaczkowo\/wp-content\/uploads\/2018\/02\/20171209_100344-300x169.jpg\" \/>\n<meta name=\"twitter:card\" content=\"summary_large_image\" \/>\n<script type=\"application\/ld+json\" class=\"yoast-schema-graph\">{\"@context\":\"https:\\\/\\\/schema.org\",\"@graph\":[{\"@type\":\"WebPage\",\"@id\":\"https:\\\/\\\/www.bzdz.pl\\\/technikum-mundurowe-kolaczkowo\\\/strzelnica-jachcice-2-grudnia-2017\\\/\",\"url\":\"https:\\\/\\\/www.bzdz.pl\\\/technikum-mundurowe-kolaczkowo\\\/strzelnica-jachcice-2-grudnia-2017\\\/\",\"name\":\"Strzelnica Jachcice 9 grudnia 2017 - Technikum Mundurowe Ko\u0142aczkowo - BZDZ\",\"isPartOf\":{\"@id\":\"https:\\\/\\\/www.bzdz.pl\\\/technikum-mundurowe-kolaczkowo\\\/#website\"},\"datePublished\":\"2018-02-04T22:51:41+00:00\",\"dateModified\":\"2018-02-04T22:56:31+00:00\",\"breadcrumb\":{\"@id\":\"https:\\\/\\\/www.bzdz.pl\\\/technikum-mundurowe-kolaczkowo\\\/strzelnica-jachcice-2-grudnia-2017\\\/#breadcrumb\"},\"inLanguage\":\"pl-PL\",\"potentialAction\":[{\"@type\":\"ReadAction\",\"target\":[\"https:\\\/\\\/www.bzdz.pl\\\/technikum-mundurowe-kolaczkowo\\\/strzelnica-jachcice-2-grudnia-2017\\\/\"]}]},{\"@type\":\"BreadcrumbList\",\"@id\":\"https:\\\/\\\/www.bzdz.pl\\\/technikum-mundurowe-kolaczkowo\\\/strzelnica-jachcice-2-grudnia-2017\\\/#breadcrumb\",\"itemListElement\":[{\"@type\":\"ListItem\",\"position\":1,\"name\":\"Strona g\u0142\u00f3wna\",\"item\":\"https:\\\/\\\/www.bzdz.pl\\\/technikum-mundurowe-kolaczkowo\\\/\"},{\"@type\":\"ListItem\",\"position\":2,\"name\":\"Strzelnica Jachcice 9 grudnia 2017\"}]},{\"@type\":\"WebSite\",\"@id\":\"https:\\\/\\\/www.bzdz.pl\\\/technikum-mundurowe-kolaczkowo\\\/#website\",\"url\":\"https:\\\/\\\/www.bzdz.pl\\\/technikum-mundurowe-kolaczkowo\\\/\",\"name\":\"Technikum Mundurowe Ko\u0142aczkowo - BZDZ\",\"description\":\"\",\"potentialAction\":[{\"@type\":\"SearchAction\",\"target\":{\"@type\":\"EntryPoint\",\"urlTemplate\":\"https:\\\/\\\/www.bzdz.pl\\\/technikum-mundurowe-kolaczkowo\\\/?s={search_term_string}\"},\"query-input\":{\"@type\":\"PropertyValueSpecification\",\"valueRequired\":true,\"valueName\":\"search_term_string\"}}],\"inLanguage\":\"pl-PL\"}]}<\/script>\n<!-- \/ Yoast SEO plugin. -->","yoast_head_json":{"title":"Strzelnica Jachcice 9 grudnia 2017 - Technikum Mundurowe Ko\u0142aczkowo - BZDZ","robots":{"index":"index","follow":"follow","max-snippet":"max-snippet:-1","max-image-preview":"max-image-preview:large","max-video-preview":"max-video-preview:-1"},"canonical":"https:\/\/www.bzdz.pl\/technikum-mundurowe-kolaczkowo\/strzelnica-jachcice-2-grudnia-2017\/","og_locale":"pl_PL","og_type":"article","og_title":"Strzelnica Jachcice 9 grudnia 2017 - Technikum Mundurowe Ko\u0142aczkowo - BZDZ","og_description":"&nbsp;Przeczytaj ca\u0142o\u015b\u0107","og_url":"https:\/\/www.bzdz.pl\/technikum-mundurowe-kolaczkowo\/strzelnica-jachcice-2-grudnia-2017\/","og_site_name":"Technikum Mundurowe Ko\u0142aczkowo - BZDZ","article_modified_time":"2018-02-04T22:56:31+00:00","og_image":[{"url":"https:\/\/www.bzdz.pl\/technikum-mundurowe-kolaczkowo\/wp-content\/uploads\/2018\/02\/20171209_100344-300x169.jpg","type":"","width":"","height":""}],"twitter_card":"summary_large_image","schema":{"@context":"https:\/\/schema.org","@graph":[{"@type":"WebPage","@id":"https:\/\/www.bzdz.pl\/technikum-mundurowe-kolaczkowo\/strzelnica-jachcice-2-grudnia-2017\/","url":"https:\/\/www.bzdz.pl\/technikum-mundurowe-kolaczkowo\/strzelnica-jachcice-2-grudnia-2017\/","name":"Strzelnica Jachcice 9 grudnia 2017 - Technikum Mundurowe Ko\u0142aczkowo - BZDZ","isPartOf":{"@id":"https:\/\/www.bzdz.pl\/technikum-mundurowe-kolaczkowo\/#website"},"datePublished":"2018-02-04T22:51:41+00:00","dateModified":"2018-02-04T22:56:31+00:00","breadcrumb":{"@id":"https:\/\/www.bzdz.pl\/technikum-mundurowe-kolaczkowo\/strzelnica-jachcice-2-grudnia-2017\/#breadcrumb"},"inLanguage":"pl-PL","potentialAction":[{"@type":"ReadAction","target":["https:\/\/www.bzdz.pl\/technikum-mundurowe-kolaczkowo\/strzelnica-jachcice-2-grudnia-2017\/"]}]},{"@type":"BreadcrumbList","@id":"https:\/\/www.bzdz.pl\/technikum-mundurowe-kolaczkowo\/strzelnica-jachcice-2-grudnia-2017\/#breadcrumb","itemListElement":[{"@type":"ListItem","position":1,"name":"Strona g\u0142\u00f3wna","item":"https:\/\/www.bzdz.pl\/technikum-mundurowe-kolaczkowo\/"},{"@type":"ListItem","position":2,"name":"Strzelnica Jachcice 9 grudnia 2017"}]},{"@type":"WebSite","@id":"https:\/\/www.bzdz.pl\/technikum-mundurowe-kolaczkowo\/#website","url":"https:\/\/www.bzdz.pl\/technikum-mundurowe-kolaczkowo\/","name":"Technikum Mundurowe Ko\u0142aczkowo - BZDZ","description":"","potentialAction":[{"@type":"SearchAction","target":{"@type":"EntryPoint","urlTemplate":"https:\/\/www.bzdz.pl\/technikum-mundurowe-kolaczkowo\/?s={search_term_string}"},"query-input":{"@type":"PropertyValueSpecification","valueRequired":true,"valueName":"search_term_string"}}],"inLanguage":"pl-PL"}]}},"_links":{"self":[{"href":"https:\/\/www.bzdz.pl\/technikum-mundurowe-kolaczkowo\/wp-json\/wp\/v2\/pages\/2310","targetHints":{"allow":["GET"]}}],"collection":[{"href":"https:\/\/www.bzdz.pl\/technikum-mundurowe-kolaczkowo\/wp-json\/wp\/v2\/pages"}],"about":[{"href":"https:\/\/www.bzdz.pl\/technikum-mundurowe-kolaczkowo\/wp-json\/wp\/v2\/types\/page"}],"author":[{"embeddable":true,"href":"https:\/\/www.bzdz.pl\/technikum-mundurowe-kolaczkowo\/wp-json\/wp\/v2\/users\/3"}],"replies":[{"embeddable":true,"href":"https:\/\/www.bzdz.pl\/technikum-mundurowe-kolaczkowo\/wp-json\/wp\/v2\/comments?post=2310"}],"version-history":[{"count":0,"href":"https:\/\/www.bzdz.pl\/technikum-mundurowe-kolaczkowo\/wp-json\/wp\/v2\/pages\/2310\/revisions"}],"wp:attachment":[{"href":"https:\/\/www.bzdz.pl\/technikum-mundurowe-kolaczkowo\/wp-json\/wp\/v2\/media?parent=2310"}],"curies":[{"name":"wp","href":"https:\/\/api.w.org\/{rel}","templated":true}]}}