{"id":4173,"date":"2020-08-12T17:33:29","date_gmt":"2020-08-12T15:33:29","guid":{"rendered":"https:\/\/www.bzdz.pl\/technikum-mundurowe-ciechanow\/?page_id=4173"},"modified":"2024-09-09T18:06:56","modified_gmt":"2024-09-09T16:06:56","slug":"witamy-2","status":"publish","type":"page","link":"https:\/\/www.bzdz.pl\/technikum-mundurowe-ciechanow\/","title":{"rendered":"Witamy"},"content":{"rendered":"<p>Serdecznie witamy na stronie internetowej Szko\u0142y Technicznej im. Gen. W\u0142adys\u0142awa Andersa Bydgoskiego Zak\u0142adu Doskonalenia Zawodowego w Ciechanowie.<\/p>\n<p>&nbsp;<\/p>\n","protected":false},"excerpt":{"rendered":"<p>Serdecznie witamy na stronie internetowej Szko\u0142y Technicznej im. Gen. W\u0142adys\u0142awa Andersa Bydgoskiego Zak\u0142adu Doskonalenia Zawodowego w Ciechanowie.<\/p>\n<p>&nbsp;<\/p>\n<div class=\"clr\"><\/div>\n<p><a href=\"https:\/\/www.bzdz.pl\/technikum-mundurowe-ciechanow\/\" class=\"readmore\">Przeczytaj ca\u0142o\u015b\u0107<\/a><\/p>\n","protected":false},"author":1,"featured_media":0,"parent":0,"menu_order":0,"comment_status":"closed","ping_status":"closed","template":"page-home.php","meta":{"footnotes":""},"class_list":["post-4173","page","type-page","status-publish","hentry"],"yoast_head":"<!-- This site is optimized with the Yoast SEO plugin v27.6 - https:\/\/yoast.com\/product\/yoast-seo-wordpress\/ -->\n<title>Technikum Mundurowe w Ciechanowie<\/title>\n<meta name=\"robots\" content=\"index, follow, max-snippet:-1, max-image-preview:large, max-video-preview:-1\" \/>\n<link rel=\"canonical\" href=\"https:\/\/www.bzdz.pl\/technikum-mundurowe-ciechanow\/\" \/>\n<meta property=\"og:locale\" content=\"pl_PL\" \/>\n<meta property=\"og:type\" content=\"article\" \/>\n<meta property=\"og:title\" content=\"Technikum Mundurowe w Ciechanowie\" \/>\n<meta property=\"og:description\" content=\"Serdecznie witamy na stronie internetowej Szko\u0142y Technicznej im. Gen. W\u0142adys\u0142awa Andersa Bydgoskiego Zak\u0142adu Doskonalenia Zawodowego w Ciechanowie. &nbsp;Przeczytaj ca\u0142o\u015b\u0107\" \/>\n<meta property=\"og:url\" content=\"https:\/\/www.bzdz.pl\/technikum-mundurowe-ciechanow\/\" \/>\n<meta property=\"og:site_name\" content=\"Technikum Mundurowe Ciechan\u00f3w\" \/>\n<meta property=\"article:modified_time\" content=\"2024-09-09T16:06:56+00:00\" \/>\n<meta name=\"twitter:card\" content=\"summary_large_image\" \/>\n<meta name=\"twitter:label1\" content=\"Szacowany czas czytania\" \/>\n\t<meta name=\"twitter:data1\" content=\"1 minuta\" \/>\n<script type=\"application\/ld+json\" class=\"yoast-schema-graph\">{\"@context\":\"https:\\\/\\\/schema.org\",\"@graph\":[{\"@type\":\"WebPage\",\"@id\":\"https:\\\/\\\/www.bzdz.pl\\\/technikum-mundurowe-ciechanow\\\/\",\"url\":\"https:\\\/\\\/www.bzdz.pl\\\/technikum-mundurowe-ciechanow\\\/\",\"name\":\"Technikum Mundurowe w Ciechanowie\",\"isPartOf\":{\"@id\":\"https:\\\/\\\/www.bzdz.pl\\\/technikum-mundurowe-ciechanow\\\/#website\"},\"datePublished\":\"2020-08-12T15:33:29+00:00\",\"dateModified\":\"2024-09-09T16:06:56+00:00\",\"breadcrumb\":{\"@id\":\"https:\\\/\\\/www.bzdz.pl\\\/technikum-mundurowe-ciechanow\\\/#breadcrumb\"},\"inLanguage\":\"pl-PL\",\"potentialAction\":[{\"@type\":\"ReadAction\",\"target\":[\"https:\\\/\\\/www.bzdz.pl\\\/technikum-mundurowe-ciechanow\\\/\"]}]},{\"@type\":\"BreadcrumbList\",\"@id\":\"https:\\\/\\\/www.bzdz.pl\\\/technikum-mundurowe-ciechanow\\\/#breadcrumb\",\"itemListElement\":[{\"@type\":\"ListItem\",\"position\":1,\"name\":\"Strona g\u0142\u00f3wna\",\"item\":\"https:\\\/\\\/www.bzdz.pl\\\/technikum-mundurowe-ciechanow\\\/\"},{\"@type\":\"ListItem\",\"position\":2,\"name\":\"Witamy\"}]},{\"@type\":\"WebSite\",\"@id\":\"https:\\\/\\\/www.bzdz.pl\\\/technikum-mundurowe-ciechanow\\\/#website\",\"url\":\"https:\\\/\\\/www.bzdz.pl\\\/technikum-mundurowe-ciechanow\\\/\",\"name\":\"Technikum Mundurowe Ciechan\u00f3w\",\"description\":\"\",\"potentialAction\":[{\"@type\":\"SearchAction\",\"target\":{\"@type\":\"EntryPoint\",\"urlTemplate\":\"https:\\\/\\\/www.bzdz.pl\\\/technikum-mundurowe-ciechanow\\\/?s={search_term_string}\"},\"query-input\":{\"@type\":\"PropertyValueSpecification\",\"valueRequired\":true,\"valueName\":\"search_term_string\"}}],\"inLanguage\":\"pl-PL\"}]}<\/script>\n<!-- \/ Yoast SEO plugin. -->","yoast_head_json":{"title":"Technikum Mundurowe w Ciechanowie","robots":{"index":"index","follow":"follow","max-snippet":"max-snippet:-1","max-image-preview":"max-image-preview:large","max-video-preview":"max-video-preview:-1"},"canonical":"https:\/\/www.bzdz.pl\/technikum-mundurowe-ciechanow\/","og_locale":"pl_PL","og_type":"article","og_title":"Technikum Mundurowe w Ciechanowie","og_description":"Serdecznie witamy na stronie internetowej Szko\u0142y Technicznej im. Gen. W\u0142adys\u0142awa Andersa Bydgoskiego Zak\u0142adu Doskonalenia Zawodowego w Ciechanowie. &nbsp;Przeczytaj ca\u0142o\u015b\u0107","og_url":"https:\/\/www.bzdz.pl\/technikum-mundurowe-ciechanow\/","og_site_name":"Technikum Mundurowe Ciechan\u00f3w","article_modified_time":"2024-09-09T16:06:56+00:00","twitter_card":"summary_large_image","twitter_misc":{"Szacowany czas czytania":"1 minuta"},"schema":{"@context":"https:\/\/schema.org","@graph":[{"@type":"WebPage","@id":"https:\/\/www.bzdz.pl\/technikum-mundurowe-ciechanow\/","url":"https:\/\/www.bzdz.pl\/technikum-mundurowe-ciechanow\/","name":"Technikum Mundurowe w Ciechanowie","isPartOf":{"@id":"https:\/\/www.bzdz.pl\/technikum-mundurowe-ciechanow\/#website"},"datePublished":"2020-08-12T15:33:29+00:00","dateModified":"2024-09-09T16:06:56+00:00","breadcrumb":{"@id":"https:\/\/www.bzdz.pl\/technikum-mundurowe-ciechanow\/#breadcrumb"},"inLanguage":"pl-PL","potentialAction":[{"@type":"ReadAction","target":["https:\/\/www.bzdz.pl\/technikum-mundurowe-ciechanow\/"]}]},{"@type":"BreadcrumbList","@id":"https:\/\/www.bzdz.pl\/technikum-mundurowe-ciechanow\/#breadcrumb","itemListElement":[{"@type":"ListItem","position":1,"name":"Strona g\u0142\u00f3wna","item":"https:\/\/www.bzdz.pl\/technikum-mundurowe-ciechanow\/"},{"@type":"ListItem","position":2,"name":"Witamy"}]},{"@type":"WebSite","@id":"https:\/\/www.bzdz.pl\/technikum-mundurowe-ciechanow\/#website","url":"https:\/\/www.bzdz.pl\/technikum-mundurowe-ciechanow\/","name":"Technikum Mundurowe Ciechan\u00f3w","description":"","potentialAction":[{"@type":"SearchAction","target":{"@type":"EntryPoint","urlTemplate":"https:\/\/www.bzdz.pl\/technikum-mundurowe-ciechanow\/?s={search_term_string}"},"query-input":{"@type":"PropertyValueSpecification","valueRequired":true,"valueName":"search_term_string"}}],"inLanguage":"pl-PL"}]}},"_links":{"self":[{"href":"https:\/\/www.bzdz.pl\/technikum-mundurowe-ciechanow\/wp-json\/wp\/v2\/pages\/4173","targetHints":{"allow":["GET"]}}],"collection":[{"href":"https:\/\/www.bzdz.pl\/technikum-mundurowe-ciechanow\/wp-json\/wp\/v2\/pages"}],"about":[{"href":"https:\/\/www.bzdz.pl\/technikum-mundurowe-ciechanow\/wp-json\/wp\/v2\/types\/page"}],"author":[{"embeddable":true,"href":"https:\/\/www.bzdz.pl\/technikum-mundurowe-ciechanow\/wp-json\/wp\/v2\/users\/1"}],"replies":[{"embeddable":true,"href":"https:\/\/www.bzdz.pl\/technikum-mundurowe-ciechanow\/wp-json\/wp\/v2\/comments?post=4173"}],"version-history":[{"count":1,"href":"https:\/\/www.bzdz.pl\/technikum-mundurowe-ciechanow\/wp-json\/wp\/v2\/pages\/4173\/revisions"}],"predecessor-version":[{"id":8605,"href":"https:\/\/www.bzdz.pl\/technikum-mundurowe-ciechanow\/wp-json\/wp\/v2\/pages\/4173\/revisions\/8605"}],"wp:attachment":[{"href":"https:\/\/www.bzdz.pl\/technikum-mundurowe-ciechanow\/wp-json\/wp\/v2\/media?parent=4173"}],"curies":[{"name":"wp","href":"https:\/\/api.w.org\/{rel}","templated":true}]}}