{"id":16,"date":"2024-09-20T13:32:25","date_gmt":"2024-09-20T11:32:25","guid":{"rendered":"https:\/\/technikum.certyfikaty.edu.pl\/?page_id=16"},"modified":"2025-09-17T09:07:27","modified_gmt":"2025-09-17T07:07:27","slug":"o-szkole","status":"publish","type":"page","link":"https:\/\/www.bzdz.pl\/technikum-mundurowe-chojnice\/o-szkole\/","title":{"rendered":"O szkole"},"content":{"rendered":"<p>[et_pb_section fb_built=&#8221;1&#8243; fullwidth=&#8221;on&#8221; _builder_version=&#8221;4.21.0&#8243; _module_preset=&#8221;default&#8221; global_colors_info=&#8221;{}&#8221;][et_pb_fullwidth_image src=&#8221;https:\/\/www.bzdz.pl\/technikum-mundurowe-chojnice\/wp-content\/uploads\/2024\/09\/szkola-o-szkole.png&#8221; title_text=&#8221;Szko\u0142a &#8211; O szkole&#8221; _builder_version=&#8221;4.27.2&#8243; _module_preset=&#8221;default&#8221; global_colors_info=&#8221;{}&#8221;][\/et_pb_fullwidth_image][et_pb_fullwidth_header _builder_version=&#8221;4.27.0&#8243; _module_preset=&#8221;default&#8221; title_font_size=&#8221;4rem&#8221; background_enable_color=&#8221;off&#8221; positioning=&#8221;absolute&#8221; position_origin_a=&#8221;bottom_left&#8221; position_origin_a_tablet=&#8221;bottom_left&#8221; position_origin_a_phone=&#8221;center_center&#8221; position_origin_a_last_edited=&#8221;on|desktop&#8221; position_origin_f_tablet=&#8221;&#8221; position_origin_f_phone=&#8221;&#8221; position_origin_f_last_edited=&#8221;on|phone&#8221; position_origin_r_tablet=&#8221;&#8221; position_origin_r_phone=&#8221;&#8221; position_origin_r_last_edited=&#8221;on|phone&#8221; width=&#8221;100%&#8221; positioning_tablet=&#8221;absolute&#8221; positioning_phone=&#8221;absolute&#8221; positioning_last_edited=&#8221;on|phone&#8221; global_colors_info=&#8221;{}&#8221;]<\/p>\n<h1>O szkole<\/h1>\n<p>[\/et_pb_fullwidth_header][\/et_pb_section][et_pb_section fb_built=&#8221;1&#8243; _builder_version=&#8221;4.21.0&#8243; _module_preset=&#8221;default&#8221; custom_padding=&#8221;||6px|||&#8221; global_colors_info=&#8221;{}&#8221;][et_pb_row _builder_version=&#8221;4.21.0&#8243; _module_preset=&#8221;default&#8221; custom_margin=&#8221;0px||0px||false|false&#8221; custom_padding=&#8221;||0px||false|false&#8221; global_colors_info=&#8221;{}&#8221;][et_pb_column type=&#8221;4_4&#8243; _builder_version=&#8221;4.21.0&#8243; _module_preset=&#8221;default&#8221; global_colors_info=&#8221;{}&#8221;][et_pb_text _builder_version=&#8221;4.27.0&#8243; _module_preset=&#8221;default&#8221; header_2_text_color=&#8221;#ee6813&#8243; header_2_font_size=&#8221;2.8rem&#8221; global_colors_info=&#8221;{}&#8221;]<\/p>\n<h2 style=\"text-align: center;\">Zapraszamy do Szko\u0142y Technicznej im. Dywizjonu 303 BZDZ w Chojnicach!<\/h2>\n<p>[\/et_pb_text][\/et_pb_column][\/et_pb_row][et_pb_row column_structure=&#8221;1_2,1_2&#8243; _builder_version=&#8221;4.27.0&#8243; _module_preset=&#8221;default&#8221; global_colors_info=&#8221;{}&#8221;][et_pb_column type=&#8221;1_2&#8243; _builder_version=&#8221;4.27.0&#8243; _module_preset=&#8221;default&#8221; global_colors_info=&#8221;{}&#8221;][et_pb_text _builder_version=&#8221;4.27.0&#8243; _module_preset=&#8221;default&#8221; header_2_font_size=&#8221;2.8rem&#8221; global_colors_info=&#8221;{}&#8221;]<\/p>\n<p>W Szkole Technicznej im. Dywizjonu 303 BZDZ w Chojnicach Uczniowie kszta\u0142c\u0105 si\u0119 w zawodzie TECHNIK LOGISTYK oraz TECHNIK TRANSPORTU KOLEJOWEGO, wybieraj\u0105c jeden z czterech profili mundurowych:<\/p>\n<ul>\n<li>oddzia\u0142 przygotowania wojskowego<\/li>\n<li>wojskowy*<\/li>\n<li>oddzia\u0142 o profilu mundurowym (policji i stra\u017cy granicznej)*<\/li>\n<li>stra\u017cacki*<\/li>\n<li>s\u0142u\u017cby wi\u0119ziennej*<\/li>\n<\/ul>\n<p><em>*z elementami psychologii, cyberterroryzmu i bezpiecze\u0144stwa informacyjnego<\/em><\/p>\n<p>[\/et_pb_text][\/et_pb_column][et_pb_column type=&#8221;1_2&#8243; _builder_version=&#8221;4.27.0&#8243; _module_preset=&#8221;default&#8221; global_colors_info=&#8221;{}&#8221;][et_pb_text _builder_version=&#8221;4.27.0&#8243; _module_preset=&#8221;default&#8221; header_2_font_size=&#8221;2.8rem&#8221; global_colors_info=&#8221;{}&#8221;]<\/p>\n<p>Doskonale wykwalifikowana kadra przygotowuje uczni\u00f3w do pracy w zawodzie.<br \/>Uczniowie do\u015bwiadczenie zdobywaj\u0105 podczas praktyk w Polsce i za granic\u0105, dzi\u0119ki mi\u0119dzynarodowym sta\u017com w ramach projektu ERASMUS+<\/p>\n<p>Organem za\u0142o\u017cycielskim szko\u0142y jest Bydgoski Zak\u0142ad Doskonalenia Zawodowego Stowarzyszenie O\u015bwiatowo-Techniczne, kt\u00f3ry posiada uprawnienia firmy szkoleniowej, dlatego te\u017c Uczniowie maj\u0105 mo\u017cliwo\u015b\u0107 uko\u0144czenia wybranego kursu zawodowego z gwarantowan\u0105 zni\u017ck\u0105.<\/p>\n<p>Dzi\u0119ki naszemu innowacyjnemu kszta\u0142ceniu tzw. systemowi dualnemu, czyli powi\u0105zaniu teorii, praktyki i dodatkowych kurs\u00f3w zawodowych nasi Absolwenci maj\u0105 wi\u0119ksze szanse na zatrudnienie.<\/p>\n<p>[\/et_pb_text][\/et_pb_column][\/et_pb_row][et_pb_row _builder_version=&#8221;4.27.0&#8243; _module_preset=&#8221;default&#8221; custom_padding=&#8221;11px||8px|||&#8221; global_colors_info=&#8221;{}&#8221;][et_pb_column type=&#8221;4_4&#8243; _builder_version=&#8221;4.27.0&#8243; _module_preset=&#8221;default&#8221; global_colors_info=&#8221;{}&#8221;][et_pb_image src=&#8221;https:\/\/www.bzdz.pl\/technikum-mundurowe-chojnice\/wp-content\/uploads\/2024\/10\/o-szkole.jpg&#8221; title_text=&#8221;o szkole&#8221; align=&#8221;center&#8221; _builder_version=&#8221;4.27.0&#8243; _module_preset=&#8221;default&#8221; module_alignment=&#8221;center&#8221; global_colors_info=&#8221;{}&#8221;][\/et_pb_image][\/et_pb_column][\/et_pb_row][\/et_pb_section][et_pb_section fb_built=&#8221;1&#8243; _builder_version=&#8221;4.21.0&#8243; _module_preset=&#8221;default&#8221; custom_padding=&#8221;7px||59px|||&#8221; global_colors_info=&#8221;{}&#8221;][et_pb_row column_structure=&#8221;1_2,1_2&#8243; _builder_version=&#8221;4.27.0&#8243; _module_preset=&#8221;default&#8221; custom_margin=&#8221;|auto|13px|auto||&#8221; custom_padding=&#8221;||7px|||&#8221; global_colors_info=&#8221;{}&#8221;][et_pb_column type=&#8221;1_2&#8243; _builder_version=&#8221;4.27.0&#8243; _module_preset=&#8221;default&#8221; global_colors_info=&#8221;{}&#8221;][et_pb_text _builder_version=&#8221;4.27.0&#8243; _module_preset=&#8221;default&#8221; header_2_font_size=&#8221;2.8rem&#8221; global_colors_info=&#8221;{}&#8221;]<\/p>\n<p>Uczniowie naszej szko\u0142y maj\u0105 mo\u017cliwo\u015b\u0107 zdobycia kwalifikacji bran\u017cowych zwi\u0105zanych z wojskiem, policj\u0105, stra\u017c\u0105 po\u017carn\u0105 oraz s\u0142u\u017cb\u0105 wi\u0119zienn\u0105, potwierdzonych certyfikatami i uprawnieniami.<\/p>\n<p>W trakcie nauki organizujemy liczne wyjazdy sprawno\u015bciowo-szkoleniowe oraz zaj\u0119cia dodatkowe zwi\u0105zane z wybranym profilem, prowadzone przez do\u015bwiadczonych funkcjonariuszy s\u0142u\u017cb mundurowych (zaj\u0119cia na poligonie, strzelnicach oraz w centrach i o\u015brodkach szkoleniowych wojska, policji, stra\u017cy po\u017carnej i s\u0142u\u017cby wi\u0119ziennej).<\/p>\n<p>[\/et_pb_text][\/et_pb_column][et_pb_column type=&#8221;1_2&#8243; _builder_version=&#8221;4.27.0&#8243; _module_preset=&#8221;default&#8221; global_colors_info=&#8221;{}&#8221;][et_pb_text _builder_version=&#8221;4.27.0&#8243; _module_preset=&#8221;default&#8221; header_2_font_size=&#8221;2.8rem&#8221; global_colors_info=&#8221;{}&#8221;]<\/p>\n<p>Ka\u017cdego roku nasi najlepsi Uczniowie otrzymuj\u0105 stypendium Prezesa Rady Ministr\u00f3w, Spo\u0142eczno\u015b\u0107 Uczniowska bierze udzia\u0142 w licznych konkursach i olimpiadach, zdobywaj\u0105c niejednokrotnie podium.<\/p>\n<p>Jako szko\u0142a zostali\u015bmy wielokrotnie wyr\u00f3\u017cnieni za najaktywniejsze dzia\u0142ania propaguj\u0105ce postaw\u0119 prospo\u0142eczn\u0105 i obywatelsk\u0105, bezinteresown\u0105 pomoc, szczeg\u00f3lne zaanga\u017cowanie w akcje charytatywne.<\/p>\n<p>[\/et_pb_text][\/et_pb_column][\/et_pb_row][et_pb_row _builder_version=&#8221;4.27.0&#8243; _module_preset=&#8221;default&#8221; global_colors_info=&#8221;{}&#8221;][et_pb_column type=&#8221;4_4&#8243; _builder_version=&#8221;4.27.0&#8243; _module_preset=&#8221;default&#8221; global_colors_info=&#8221;{}&#8221;][et_pb_text _builder_version=&#8221;4.27.0&#8243; _module_preset=&#8221;default&#8221; custom_margin=&#8221;||56px|||&#8221; locked=&#8221;off&#8221; global_colors_info=&#8221;{}&#8221;]<\/p>\n<hr>\n<p>[\/et_pb_text][et_pb_text _builder_version=&#8221;4.27.0&#8243; _module_preset=&#8221;default&#8221; global_colors_info=&#8221;{}&#8221;]<\/p>\n<h2 style=\"text-align: center;\">Otrzymali\u015bmy tak\u017ce liczne podzi\u0119kowania Ministerstwa Edukacji Narodowej.<\/h2>\n<p>[\/et_pb_text][et_pb_text _builder_version=&#8221;4.27.0&#8243; _module_preset=&#8221;default&#8221; header_2_text_color=&#8221;#ee6813&#8243; global_colors_info=&#8221;{}&#8221;]<\/p>\n<h2 style=\"text-align: center;\">Ka\u017cdy Ucze\u0144 otrzymuje nowe umundurowanie za darmo!<\/h2>\n<p>[\/et_pb_text][et_pb_text _builder_version=&#8221;4.27.0&#8243; _module_preset=&#8221;default&#8221; global_colors_info=&#8221;{}&#8221;]<\/p>\n<h2 style=\"text-align: center;\">Chcesz wst\u0105pi\u0107 w nasze szeregi? Czekamy w\u0142a\u015bnie na Ciebie!<\/h2>\n<p>[\/et_pb_text][\/et_pb_column][\/et_pb_row][et_pb_row use_custom_gutter=&#8221;on&#8221; gutter_width=&#8221;1&#8243; _builder_version=&#8221;4.27.0&#8243; _module_preset=&#8221;default&#8221; custom_padding=&#8221;18px|||||&#8221; global_colors_info=&#8221;{}&#8221;][et_pb_column type=&#8221;4_4&#8243; _builder_version=&#8221;4.27.0&#8243; _module_preset=&#8221;default&#8221; global_colors_info=&#8221;{}&#8221;][et_pb_gallery gallery_ids=&#8221;10591,9652,13306,8471,11783,15678,15676,15674,15675,15677,17802,15643,17316,17317,17614&#8243; posts_number=&#8221;99&#8243; show_title_and_caption=&#8221;off&#8221; show_pagination=&#8221;off&#8221; zoom_icon_color=&#8221;#FFFFFF&#8221; hover_overlay_color=&#8221;rgba(0,0,0,0.29)&#8221; hover_icon=&#8221;&#x55;||divi||400&#8243; _builder_version=&#8221;4.27.0&#8243; _module_preset=&#8221;default&#8221; border_width_all_image=&#8221;2px&#8221; border_color_all_image=&#8221;RGBA(255,255,255,0)&#8221; locked=&#8221;off&#8221; global_colors_info=&#8221;{}&#8221;][\/et_pb_gallery][\/et_pb_column][\/et_pb_row][\/et_pb_section]<\/p>\n","protected":false},"excerpt":{"rendered":"<p>O szkoleZapraszamy do Szko\u0142y Technicznej im. Dywizjonu 303 BZDZ w Chojnicach!W Szkole Technicznej im. Dywizjonu 303 BZDZ w Chojnicach Uczniowie kszta\u0142c\u0105 si\u0119 w zawodzie TECHNIK LOGISTYK oraz TECHNIK TRANSPORTU KOLEJOWEGO, wybieraj\u0105c jeden z czterech profili mundurowych: oddzia\u0142 przygotowania wojskowego wojskowy* oddzia\u0142 o profilu mundurowym (policji i stra\u017cy granicznej)* stra\u017cacki* s\u0142u\u017cby wi\u0119ziennej* *z elementami psychologii, cyberterroryzmu [&hellip;]<\/p>\n","protected":false},"author":1,"featured_media":0,"parent":0,"menu_order":0,"comment_status":"closed","ping_status":"closed","template":"","meta":{"_et_pb_use_builder":"on","_et_pb_old_content":"","_et_gb_content_width":"","footnotes":""},"class_list":["post-16","page","type-page","status-publish","hentry"],"yoast_head":"<!-- This site is optimized with the Yoast SEO plugin v27.4 - https:\/\/yoast.com\/product\/yoast-seo-wordpress\/ -->\n<title>O szkole - Technikum Chojnice<\/title>\n<meta name=\"robots\" content=\"index, follow, max-snippet:-1, max-image-preview:large, max-video-preview:-1\" \/>\n<link rel=\"canonical\" href=\"https:\/\/www.bzdz.pl\/technikum-mundurowe-chojnice\/o-szkole\/\" \/>\n<meta property=\"og:locale\" content=\"pl_PL\" \/>\n<meta property=\"og:type\" content=\"article\" \/>\n<meta property=\"og:title\" content=\"O szkole - Technikum Chojnice\" \/>\n<meta property=\"og:description\" content=\"O szkoleZapraszamy do Szko\u0142y Technicznej im. Dywizjonu 303 BZDZ w Chojnicach!W Szkole Technicznej im. Dywizjonu 303 BZDZ w Chojnicach Uczniowie kszta\u0142c\u0105 si\u0119 w zawodzie TECHNIK LOGISTYK oraz TECHNIK TRANSPORTU KOLEJOWEGO, wybieraj\u0105c jeden z czterech profili mundurowych: oddzia\u0142 przygotowania wojskowego wojskowy* oddzia\u0142 o profilu mundurowym (policji i stra\u017cy granicznej)* stra\u017cacki* s\u0142u\u017cby wi\u0119ziennej* *z elementami psychologii, cyberterroryzmu [&hellip;]\" \/>\n<meta property=\"og:url\" content=\"https:\/\/www.bzdz.pl\/technikum-mundurowe-chojnice\/o-szkole\/\" \/>\n<meta property=\"og:site_name\" content=\"Technikum Chojnice\" \/>\n<meta property=\"article:modified_time\" content=\"2025-09-17T07:07:27+00:00\" \/>\n<meta name=\"twitter:card\" content=\"summary_large_image\" \/>\n<meta name=\"twitter:label1\" content=\"Szacowany czas czytania\" \/>\n\t<meta name=\"twitter:data1\" content=\"2 minuty\" \/>\n<script type=\"application\/ld+json\" class=\"yoast-schema-graph\">{\"@context\":\"https:\\\/\\\/schema.org\",\"@graph\":[{\"@type\":\"WebPage\",\"@id\":\"https:\\\/\\\/www.bzdz.pl\\\/technikum-mundurowe-chojnice\\\/o-szkole\\\/\",\"url\":\"https:\\\/\\\/www.bzdz.pl\\\/technikum-mundurowe-chojnice\\\/o-szkole\\\/\",\"name\":\"O szkole - Technikum Chojnice\",\"isPartOf\":{\"@id\":\"https:\\\/\\\/www.bzdz.pl\\\/technikum-mundurowe-chojnice\\\/#website\"},\"datePublished\":\"2024-09-20T11:32:25+00:00\",\"dateModified\":\"2025-09-17T07:07:27+00:00\",\"breadcrumb\":{\"@id\":\"https:\\\/\\\/www.bzdz.pl\\\/technikum-mundurowe-chojnice\\\/o-szkole\\\/#breadcrumb\"},\"inLanguage\":\"pl-PL\",\"potentialAction\":[{\"@type\":\"ReadAction\",\"target\":[\"https:\\\/\\\/www.bzdz.pl\\\/technikum-mundurowe-chojnice\\\/o-szkole\\\/\"]}]},{\"@type\":\"BreadcrumbList\",\"@id\":\"https:\\\/\\\/www.bzdz.pl\\\/technikum-mundurowe-chojnice\\\/o-szkole\\\/#breadcrumb\",\"itemListElement\":[{\"@type\":\"ListItem\",\"position\":1,\"name\":\"Strona g\u0142\u00f3wna\",\"item\":\"https:\\\/\\\/www.bzdz.pl\\\/technikum-mundurowe-chojnice\\\/\"},{\"@type\":\"ListItem\",\"position\":2,\"name\":\"O szkole\"}]},{\"@type\":\"WebSite\",\"@id\":\"https:\\\/\\\/www.bzdz.pl\\\/technikum-mundurowe-chojnice\\\/#website\",\"url\":\"https:\\\/\\\/www.bzdz.pl\\\/technikum-mundurowe-chojnice\\\/\",\"name\":\"Technikum Chojnice\",\"description\":\"\",\"potentialAction\":[{\"@type\":\"SearchAction\",\"target\":{\"@type\":\"EntryPoint\",\"urlTemplate\":\"https:\\\/\\\/www.bzdz.pl\\\/technikum-mundurowe-chojnice\\\/?s={search_term_string}\"},\"query-input\":{\"@type\":\"PropertyValueSpecification\",\"valueRequired\":true,\"valueName\":\"search_term_string\"}}],\"inLanguage\":\"pl-PL\"}]}<\/script>\n<!-- \/ Yoast SEO plugin. -->","yoast_head_json":{"title":"O szkole - Technikum Chojnice","robots":{"index":"index","follow":"follow","max-snippet":"max-snippet:-1","max-image-preview":"max-image-preview:large","max-video-preview":"max-video-preview:-1"},"canonical":"https:\/\/www.bzdz.pl\/technikum-mundurowe-chojnice\/o-szkole\/","og_locale":"pl_PL","og_type":"article","og_title":"O szkole - Technikum Chojnice","og_description":"O szkoleZapraszamy do Szko\u0142y Technicznej im. Dywizjonu 303 BZDZ w Chojnicach!W Szkole Technicznej im. Dywizjonu 303 BZDZ w Chojnicach Uczniowie kszta\u0142c\u0105 si\u0119 w zawodzie TECHNIK LOGISTYK oraz TECHNIK TRANSPORTU KOLEJOWEGO, wybieraj\u0105c jeden z czterech profili mundurowych: oddzia\u0142 przygotowania wojskowego wojskowy* oddzia\u0142 o profilu mundurowym (policji i stra\u017cy granicznej)* stra\u017cacki* s\u0142u\u017cby wi\u0119ziennej* *z elementami psychologii, cyberterroryzmu [&hellip;]","og_url":"https:\/\/www.bzdz.pl\/technikum-mundurowe-chojnice\/o-szkole\/","og_site_name":"Technikum Chojnice","article_modified_time":"2025-09-17T07:07:27+00:00","twitter_card":"summary_large_image","twitter_misc":{"Szacowany czas czytania":"2 minuty"},"schema":{"@context":"https:\/\/schema.org","@graph":[{"@type":"WebPage","@id":"https:\/\/www.bzdz.pl\/technikum-mundurowe-chojnice\/o-szkole\/","url":"https:\/\/www.bzdz.pl\/technikum-mundurowe-chojnice\/o-szkole\/","name":"O szkole - Technikum Chojnice","isPartOf":{"@id":"https:\/\/www.bzdz.pl\/technikum-mundurowe-chojnice\/#website"},"datePublished":"2024-09-20T11:32:25+00:00","dateModified":"2025-09-17T07:07:27+00:00","breadcrumb":{"@id":"https:\/\/www.bzdz.pl\/technikum-mundurowe-chojnice\/o-szkole\/#breadcrumb"},"inLanguage":"pl-PL","potentialAction":[{"@type":"ReadAction","target":["https:\/\/www.bzdz.pl\/technikum-mundurowe-chojnice\/o-szkole\/"]}]},{"@type":"BreadcrumbList","@id":"https:\/\/www.bzdz.pl\/technikum-mundurowe-chojnice\/o-szkole\/#breadcrumb","itemListElement":[{"@type":"ListItem","position":1,"name":"Strona g\u0142\u00f3wna","item":"https:\/\/www.bzdz.pl\/technikum-mundurowe-chojnice\/"},{"@type":"ListItem","position":2,"name":"O szkole"}]},{"@type":"WebSite","@id":"https:\/\/www.bzdz.pl\/technikum-mundurowe-chojnice\/#website","url":"https:\/\/www.bzdz.pl\/technikum-mundurowe-chojnice\/","name":"Technikum Chojnice","description":"","potentialAction":[{"@type":"SearchAction","target":{"@type":"EntryPoint","urlTemplate":"https:\/\/www.bzdz.pl\/technikum-mundurowe-chojnice\/?s={search_term_string}"},"query-input":{"@type":"PropertyValueSpecification","valueRequired":true,"valueName":"search_term_string"}}],"inLanguage":"pl-PL"}]}},"_links":{"self":[{"href":"https:\/\/www.bzdz.pl\/technikum-mundurowe-chojnice\/wp-json\/wp\/v2\/pages\/16","targetHints":{"allow":["GET"]}}],"collection":[{"href":"https:\/\/www.bzdz.pl\/technikum-mundurowe-chojnice\/wp-json\/wp\/v2\/pages"}],"about":[{"href":"https:\/\/www.bzdz.pl\/technikum-mundurowe-chojnice\/wp-json\/wp\/v2\/types\/page"}],"author":[{"embeddable":true,"href":"https:\/\/www.bzdz.pl\/technikum-mundurowe-chojnice\/wp-json\/wp\/v2\/users\/1"}],"replies":[{"embeddable":true,"href":"https:\/\/www.bzdz.pl\/technikum-mundurowe-chojnice\/wp-json\/wp\/v2\/comments?post=16"}],"version-history":[{"count":2,"href":"https:\/\/www.bzdz.pl\/technikum-mundurowe-chojnice\/wp-json\/wp\/v2\/pages\/16\/revisions"}],"predecessor-version":[{"id":21225,"href":"https:\/\/www.bzdz.pl\/technikum-mundurowe-chojnice\/wp-json\/wp\/v2\/pages\/16\/revisions\/21225"}],"wp:attachment":[{"href":"https:\/\/www.bzdz.pl\/technikum-mundurowe-chojnice\/wp-json\/wp\/v2\/media?parent=16"}],"curies":[{"name":"wp","href":"https:\/\/api.w.org\/{rel}","templated":true}]}}