{"id":5916,"date":"2023-11-26T17:53:43","date_gmt":"2023-11-26T16:53:43","guid":{"rendered":"https:\/\/www.bzdz.pl\/technikum-mundurowe-chelmno\/?page_id=5916"},"modified":"2023-11-26T17:53:43","modified_gmt":"2023-11-26T16:53:43","slug":"byla-kupa-do-zrobienia","status":"publish","type":"page","link":"https:\/\/www.bzdz.pl\/technikum-mundurowe-chelmno\/byla-kupa-do-zrobienia\/","title":{"rendered":"&#8222;By\u0142a kupa do zrobienia&#8221;;)"},"content":{"rendered":"<p style=\"text-align: justify;\">W pi\u0105tek w Starostwie Powiatowym w Che\u0142mnie odby\u0142o si\u0119 spotkanie Starosty Che\u0142mi\u0144skiego Zdzis\u0142awa Gama\u0144skiego z nasz\u0105 m\u0142odzie\u017c\u0105, kt\u00f3ra aktywnie uczestniczy\u0142a w akcji promocyjnej grupy inicjatywnej \u201eCzas Che\u0142mna\u201d w ramach og\u00f3lnopolskiego przedsi\u0119wzi\u0119cia Fundacji Batorego \u201eMasz G\u0142os\u201d pod has\u0142em \u201eJest kupa do zrobienia\u201d. Akcja mia\u0142a na celu podniesienie \u015bwiadomo\u015bci spo\u0142ecze\u0144stwa w obowi\u0105zku sprz\u0105tania po zwierz\u0119tach w przestrzeni publicznej. Uczestnicy akcji za swoje dzia\u0142ania na rzecz poprawy wizerunku miasta otrzymali symboliczne czeki do wykorzystania. Brawo Wy!<\/p>\n<div id='gallery-1' class='gallery galleryid-5916 gallery-columns-3 gallery-size-thumbnail'><figure class='gallery-item'>\n\t\t\t<div class='gallery-icon portrait'>\n\t\t\t\t<a href='https:\/\/www.bzdz.pl\/technikum-mundurowe-chelmno\/wp-content\/uploads\/2023\/11\/387454573-2097902743888539-977048666225492716-n.jpg' title=\"\" data-rl_title=\"\" class=\"rl-gallery-link\" data-rl_caption=\"\" data-rel=\"lightbox-gallery-1\"><img loading=\"lazy\" decoding=\"async\" width=\"150\" height=\"150\" src=\"https:\/\/www.bzdz.pl\/technikum-mundurowe-chelmno\/wp-content\/uploads\/2023\/11\/387454573-2097902743888539-977048666225492716-n-150x150.jpg\" class=\"attachment-thumbnail size-thumbnail\" alt=\"\" \/><\/a>\n\t\t\t<\/div><\/figure><figure class='gallery-item'>\n\t\t\t<div class='gallery-icon landscape'>\n\t\t\t\t<a href='https:\/\/www.bzdz.pl\/technikum-mundurowe-chelmno\/wp-content\/uploads\/2023\/11\/387332481-339710082010965-465138043320467730-n.jpg' title=\"\" data-rl_title=\"\" class=\"rl-gallery-link\" data-rl_caption=\"\" data-rel=\"lightbox-gallery-1\"><img loading=\"lazy\" decoding=\"async\" width=\"150\" height=\"150\" src=\"https:\/\/www.bzdz.pl\/technikum-mundurowe-chelmno\/wp-content\/uploads\/2023\/11\/387332481-339710082010965-465138043320467730-n-150x150.jpg\" class=\"attachment-thumbnail size-thumbnail\" alt=\"\" \/><\/a>\n\t\t\t<\/div><\/figure><figure class='gallery-item'>\n\t\t\t<div class='gallery-icon landscape'>\n\t\t\t\t<a href='https:\/\/www.bzdz.pl\/technikum-mundurowe-chelmno\/wp-content\/uploads\/2023\/11\/403611489-395591362797506-3183902379181925502-n.jpg' title=\"\" data-rl_title=\"\" class=\"rl-gallery-link\" data-rl_caption=\"\" data-rel=\"lightbox-gallery-1\"><img loading=\"lazy\" decoding=\"async\" width=\"150\" height=\"150\" src=\"https:\/\/www.bzdz.pl\/technikum-mundurowe-chelmno\/wp-content\/uploads\/2023\/11\/403611489-395591362797506-3183902379181925502-n-150x150.jpg\" class=\"attachment-thumbnail size-thumbnail\" alt=\"\" \/><\/a>\n\t\t\t<\/div><\/figure><figure class='gallery-item'>\n\t\t\t<div class='gallery-icon landscape'>\n\t\t\t\t<a href='https:\/\/www.bzdz.pl\/technikum-mundurowe-chelmno\/wp-content\/uploads\/2023\/11\/403621609-718151290235119-6247871548557565243-n.jpg' title=\"\" data-rl_title=\"\" class=\"rl-gallery-link\" data-rl_caption=\"\" data-rel=\"lightbox-gallery-1\"><img loading=\"lazy\" decoding=\"async\" width=\"150\" height=\"150\" src=\"https:\/\/www.bzdz.pl\/technikum-mundurowe-chelmno\/wp-content\/uploads\/2023\/11\/403621609-718151290235119-6247871548557565243-n-150x150.jpg\" class=\"attachment-thumbnail size-thumbnail\" alt=\"\" \/><\/a>\n\t\t\t<\/div><\/figure><figure class='gallery-item'>\n\t\t\t<div class='gallery-icon landscape'>\n\t\t\t\t<a href='https:\/\/www.bzdz.pl\/technikum-mundurowe-chelmno\/wp-content\/uploads\/2023\/11\/23.jpg' title=\"\" data-rl_title=\"\" class=\"rl-gallery-link\" data-rl_caption=\"\" data-rel=\"lightbox-gallery-1\"><img loading=\"lazy\" decoding=\"async\" width=\"150\" height=\"150\" src=\"https:\/\/www.bzdz.pl\/technikum-mundurowe-chelmno\/wp-content\/uploads\/2023\/11\/23-150x150.jpg\" class=\"attachment-thumbnail size-thumbnail\" alt=\"\" \/><\/a>\n\t\t\t<\/div><\/figure><figure class='gallery-item'>\n\t\t\t<div class='gallery-icon landscape'>\n\t\t\t\t<a href='https:\/\/www.bzdz.pl\/technikum-mundurowe-chelmno\/wp-content\/uploads\/2023\/11\/26.jpg' title=\"\" data-rl_title=\"\" class=\"rl-gallery-link\" data-rl_caption=\"\" data-rel=\"lightbox-gallery-1\"><img loading=\"lazy\" decoding=\"async\" width=\"150\" height=\"150\" src=\"https:\/\/www.bzdz.pl\/technikum-mundurowe-chelmno\/wp-content\/uploads\/2023\/11\/26-150x150.jpg\" class=\"attachment-thumbnail size-thumbnail\" alt=\"\" \/><\/a>\n\t\t\t<\/div><\/figure>\n\t\t<\/div>\n\n<p>&nbsp;<\/p>\n<p>&nbsp;<\/p>\n<p>&nbsp;<\/p>\n","protected":false},"excerpt":{"rendered":"<p style=\"text-align: justify;\">W pi\u0105tek w Starostwie Powiatowym w Che\u0142mnie odby\u0142o si\u0119 spotkanie Starosty Che\u0142mi\u0144skiego Zdzis\u0142awa Gama\u0144skiego z nasz\u0105 m\u0142odzie\u017c\u0105, kt\u00f3ra aktywnie uczestniczy\u0142a w akcji promocyjnej grupy inicjatywnej \u201eCzas Che\u0142mna\u201d w ramach og\u00f3lnopolskiego przedsi\u0119wzi\u0119cia Fundacji Batorego \u201eMasz G\u0142os\u201d pod has\u0142em \u201eJest kupa do zrobienia\u201d. Akcja mia\u0142a na celu podniesienie \u015bwiadomo\u015bci spo\u0142ecze\u0144stwa w obowi\u0105zku sprz\u0105tania po zwierz\u0119tach w przestrzeni publicznej. Uczestnicy akcji za swoje dzia\u0142ania na rzecz poprawy wizerunku miasta otrzymali symboliczne czeki do wykorzystania. Brawo Wy!<\/p>\n<p>&nbsp;<\/p>\n<div class=\"clr\"><\/div>\n<p><a href=\"https:\/\/www.bzdz.pl\/technikum-mundurowe-chelmno\/byla-kupa-do-zrobienia\/\" class=\"readmore\">Przeczytaj ca\u0142o\u015b\u0107<\/a><\/p>\n","protected":false},"author":3,"featured_media":0,"parent":0,"menu_order":0,"comment_status":"closed","ping_status":"closed","template":"","meta":{"footnotes":""},"class_list":["post-5916","page","type-page","status-publish","hentry"],"yoast_head":"<!-- This site is optimized with the Yoast SEO plugin v27.4 - https:\/\/yoast.com\/product\/yoast-seo-wordpress\/ -->\n<title>&quot;By\u0142a kupa do zrobienia&quot;;) - Technikum Mundurowe Che\u0142mno<\/title>\n<meta name=\"robots\" content=\"index, follow, max-snippet:-1, max-image-preview:large, max-video-preview:-1\" \/>\n<link rel=\"canonical\" href=\"https:\/\/www.bzdz.pl\/technikum-mundurowe-chelmno\/byla-kupa-do-zrobienia\/\" \/>\n<meta property=\"og:locale\" content=\"pl_PL\" \/>\n<meta property=\"og:type\" content=\"article\" \/>\n<meta property=\"og:title\" content=\"&quot;By\u0142a kupa do zrobienia&quot;;) - Technikum Mundurowe Che\u0142mno\" \/>\n<meta property=\"og:description\" content=\"W pi\u0105tek w Starostwie Powiatowym w Che\u0142mnie odby\u0142o si\u0119 spotkanie Starosty Che\u0142mi\u0144skiego Zdzis\u0142awa Gama\u0144skiego z nasz\u0105 m\u0142odzie\u017c\u0105, kt\u00f3ra aktywnie uczestniczy\u0142a w akcji promocyjnej grupy inicjatywnej \u201eCzas Che\u0142mna\u201d w ramach og\u00f3lnopolskiego przedsi\u0119wzi\u0119cia Fundacji Batorego \u201eMasz G\u0142os\u201d pod has\u0142em \u201eJest kupa do zrobienia\u201d. Akcja mia\u0142a na celu podniesienie \u015bwiadomo\u015bci spo\u0142ecze\u0144stwa w obowi\u0105zku sprz\u0105tania po zwierz\u0119tach w przestrzeni publicznej. Uczestnicy akcji za swoje dzia\u0142ania na rzecz poprawy wizerunku miasta otrzymali symboliczne czeki do wykorzystania. Brawo Wy! &nbsp;Przeczytaj ca\u0142o\u015b\u0107\" \/>\n<meta property=\"og:url\" content=\"https:\/\/www.bzdz.pl\/technikum-mundurowe-chelmno\/byla-kupa-do-zrobienia\/\" \/>\n<meta property=\"og:site_name\" content=\"Technikum Mundurowe Che\u0142mno\" \/>\n<meta property=\"og:image\" content=\"https:\/\/www.bzdz.pl\/technikum-mundurowe-chelmno\/wp-content\/uploads\/2023\/11\/387454573-2097902743888539-977048666225492716-n-150x150.jpg\" \/>\n<meta name=\"twitter:card\" content=\"summary_large_image\" \/>\n<meta name=\"twitter:label1\" content=\"Szacowany czas czytania\" \/>\n\t<meta name=\"twitter:data1\" content=\"1 minuta\" \/>\n<script type=\"application\/ld+json\" class=\"yoast-schema-graph\">{\"@context\":\"https:\\\/\\\/schema.org\",\"@graph\":[{\"@type\":\"WebPage\",\"@id\":\"https:\\\/\\\/www.bzdz.pl\\\/technikum-mundurowe-chelmno\\\/byla-kupa-do-zrobienia\\\/\",\"url\":\"https:\\\/\\\/www.bzdz.pl\\\/technikum-mundurowe-chelmno\\\/byla-kupa-do-zrobienia\\\/\",\"name\":\"\\\"By\u0142a kupa do zrobienia\\\";) - Technikum Mundurowe Che\u0142mno\",\"isPartOf\":{\"@id\":\"https:\\\/\\\/www.bzdz.pl\\\/technikum-mundurowe-chelmno\\\/#website\"},\"datePublished\":\"2023-11-26T16:53:43+00:00\",\"breadcrumb\":{\"@id\":\"https:\\\/\\\/www.bzdz.pl\\\/technikum-mundurowe-chelmno\\\/byla-kupa-do-zrobienia\\\/#breadcrumb\"},\"inLanguage\":\"pl-PL\",\"potentialAction\":[{\"@type\":\"ReadAction\",\"target\":[\"https:\\\/\\\/www.bzdz.pl\\\/technikum-mundurowe-chelmno\\\/byla-kupa-do-zrobienia\\\/\"]}]},{\"@type\":\"BreadcrumbList\",\"@id\":\"https:\\\/\\\/www.bzdz.pl\\\/technikum-mundurowe-chelmno\\\/byla-kupa-do-zrobienia\\\/#breadcrumb\",\"itemListElement\":[{\"@type\":\"ListItem\",\"position\":1,\"name\":\"Strona g\u0142\u00f3wna\",\"item\":\"https:\\\/\\\/www.bzdz.pl\\\/technikum-mundurowe-chelmno\\\/\"},{\"@type\":\"ListItem\",\"position\":2,\"name\":\"&#8220;By\u0142a kupa do zrobienia&#8221;;)\"}]},{\"@type\":\"WebSite\",\"@id\":\"https:\\\/\\\/www.bzdz.pl\\\/technikum-mundurowe-chelmno\\\/#website\",\"url\":\"https:\\\/\\\/www.bzdz.pl\\\/technikum-mundurowe-chelmno\\\/\",\"name\":\"Technikum Mundurowe Che\u0142mno\",\"description\":\"\",\"potentialAction\":[{\"@type\":\"SearchAction\",\"target\":{\"@type\":\"EntryPoint\",\"urlTemplate\":\"https:\\\/\\\/www.bzdz.pl\\\/technikum-mundurowe-chelmno\\\/?s={search_term_string}\"},\"query-input\":{\"@type\":\"PropertyValueSpecification\",\"valueRequired\":true,\"valueName\":\"search_term_string\"}}],\"inLanguage\":\"pl-PL\"}]}<\/script>\n<!-- \/ Yoast SEO plugin. -->","yoast_head_json":{"title":"\"By\u0142a kupa do zrobienia\";) - Technikum Mundurowe Che\u0142mno","robots":{"index":"index","follow":"follow","max-snippet":"max-snippet:-1","max-image-preview":"max-image-preview:large","max-video-preview":"max-video-preview:-1"},"canonical":"https:\/\/www.bzdz.pl\/technikum-mundurowe-chelmno\/byla-kupa-do-zrobienia\/","og_locale":"pl_PL","og_type":"article","og_title":"\"By\u0142a kupa do zrobienia\";) - Technikum Mundurowe Che\u0142mno","og_description":"W pi\u0105tek w Starostwie Powiatowym w Che\u0142mnie odby\u0142o si\u0119 spotkanie Starosty Che\u0142mi\u0144skiego Zdzis\u0142awa Gama\u0144skiego z nasz\u0105 m\u0142odzie\u017c\u0105, kt\u00f3ra aktywnie uczestniczy\u0142a w akcji promocyjnej grupy inicjatywnej \u201eCzas Che\u0142mna\u201d w ramach og\u00f3lnopolskiego przedsi\u0119wzi\u0119cia Fundacji Batorego \u201eMasz G\u0142os\u201d pod has\u0142em \u201eJest kupa do zrobienia\u201d. Akcja mia\u0142a na celu podniesienie \u015bwiadomo\u015bci spo\u0142ecze\u0144stwa w obowi\u0105zku sprz\u0105tania po zwierz\u0119tach w przestrzeni publicznej. Uczestnicy akcji za swoje dzia\u0142ania na rzecz poprawy wizerunku miasta otrzymali symboliczne czeki do wykorzystania. Brawo Wy! &nbsp;Przeczytaj ca\u0142o\u015b\u0107","og_url":"https:\/\/www.bzdz.pl\/technikum-mundurowe-chelmno\/byla-kupa-do-zrobienia\/","og_site_name":"Technikum Mundurowe Che\u0142mno","og_image":[{"url":"https:\/\/www.bzdz.pl\/technikum-mundurowe-chelmno\/wp-content\/uploads\/2023\/11\/387454573-2097902743888539-977048666225492716-n-150x150.jpg","type":"","width":"","height":""}],"twitter_card":"summary_large_image","twitter_misc":{"Szacowany czas czytania":"1 minuta"},"schema":{"@context":"https:\/\/schema.org","@graph":[{"@type":"WebPage","@id":"https:\/\/www.bzdz.pl\/technikum-mundurowe-chelmno\/byla-kupa-do-zrobienia\/","url":"https:\/\/www.bzdz.pl\/technikum-mundurowe-chelmno\/byla-kupa-do-zrobienia\/","name":"\"By\u0142a kupa do zrobienia\";) - Technikum Mundurowe Che\u0142mno","isPartOf":{"@id":"https:\/\/www.bzdz.pl\/technikum-mundurowe-chelmno\/#website"},"datePublished":"2023-11-26T16:53:43+00:00","breadcrumb":{"@id":"https:\/\/www.bzdz.pl\/technikum-mundurowe-chelmno\/byla-kupa-do-zrobienia\/#breadcrumb"},"inLanguage":"pl-PL","potentialAction":[{"@type":"ReadAction","target":["https:\/\/www.bzdz.pl\/technikum-mundurowe-chelmno\/byla-kupa-do-zrobienia\/"]}]},{"@type":"BreadcrumbList","@id":"https:\/\/www.bzdz.pl\/technikum-mundurowe-chelmno\/byla-kupa-do-zrobienia\/#breadcrumb","itemListElement":[{"@type":"ListItem","position":1,"name":"Strona g\u0142\u00f3wna","item":"https:\/\/www.bzdz.pl\/technikum-mundurowe-chelmno\/"},{"@type":"ListItem","position":2,"name":"&#8220;By\u0142a kupa do zrobienia&#8221;;)"}]},{"@type":"WebSite","@id":"https:\/\/www.bzdz.pl\/technikum-mundurowe-chelmno\/#website","url":"https:\/\/www.bzdz.pl\/technikum-mundurowe-chelmno\/","name":"Technikum Mundurowe Che\u0142mno","description":"","potentialAction":[{"@type":"SearchAction","target":{"@type":"EntryPoint","urlTemplate":"https:\/\/www.bzdz.pl\/technikum-mundurowe-chelmno\/?s={search_term_string}"},"query-input":{"@type":"PropertyValueSpecification","valueRequired":true,"valueName":"search_term_string"}}],"inLanguage":"pl-PL"}]}},"_links":{"self":[{"href":"https:\/\/www.bzdz.pl\/technikum-mundurowe-chelmno\/wp-json\/wp\/v2\/pages\/5916","targetHints":{"allow":["GET"]}}],"collection":[{"href":"https:\/\/www.bzdz.pl\/technikum-mundurowe-chelmno\/wp-json\/wp\/v2\/pages"}],"about":[{"href":"https:\/\/www.bzdz.pl\/technikum-mundurowe-chelmno\/wp-json\/wp\/v2\/types\/page"}],"author":[{"embeddable":true,"href":"https:\/\/www.bzdz.pl\/technikum-mundurowe-chelmno\/wp-json\/wp\/v2\/users\/3"}],"replies":[{"embeddable":true,"href":"https:\/\/www.bzdz.pl\/technikum-mundurowe-chelmno\/wp-json\/wp\/v2\/comments?post=5916"}],"version-history":[{"count":1,"href":"https:\/\/www.bzdz.pl\/technikum-mundurowe-chelmno\/wp-json\/wp\/v2\/pages\/5916\/revisions"}],"predecessor-version":[{"id":5924,"href":"https:\/\/www.bzdz.pl\/technikum-mundurowe-chelmno\/wp-json\/wp\/v2\/pages\/5916\/revisions\/5924"}],"wp:attachment":[{"href":"https:\/\/www.bzdz.pl\/technikum-mundurowe-chelmno\/wp-json\/wp\/v2\/media?parent=5916"}],"curies":[{"name":"wp","href":"https:\/\/api.w.org\/{rel}","templated":true}]}}