{"id":7,"date":"2018-04-13T12:15:05","date_gmt":"2018-04-13T10:15:05","guid":{"rendered":"https:\/\/bzdz.pl\/sepolno\/?page_id=7"},"modified":"2022-11-04T12:06:23","modified_gmt":"2022-11-04T11:06:23","slug":"polityka-plikow-cookies","status":"publish","type":"page","link":"https:\/\/www.bzdz.pl\/sepolno\/polityka-plikow-cookies\/","title":{"rendered":"Polityka plik\u00f3w cookies"},"content":{"rendered":"<p>[et_pb_section fb_built=&#8221;1&#8243; _builder_version=&#8221;4.16&#8243; global_colors_info=&#8221;{}&#8221;][et_pb_row _builder_version=&#8221;4.16&#8243; background_size=&#8221;initial&#8221; background_position=&#8221;top_left&#8221; background_repeat=&#8221;repeat&#8221; global_colors_info=&#8221;{}&#8221;][et_pb_column type=&#8221;4_4&#8243; _builder_version=&#8221;4.16&#8243; custom_padding=&#8221;|||&#8221; global_colors_info=&#8221;{}&#8221; custom_padding__hover=&#8221;|||&#8221;][et_pb_text _builder_version=&#8221;4.18.0&#8243; background_size=&#8221;initial&#8221; background_position=&#8221;top_left&#8221; background_repeat=&#8221;repeat&#8221; hover_enabled=&#8221;0&#8243; global_colors_info=&#8221;{}&#8221; sticky_enabled=&#8221;0&#8243;]<\/p>\n<h3>Wst\u0119p<\/h3>\n<p>Niniejsza Polityka dotycz\u0105ca plik\u00f3w cookie wyja\u015bnia, czym s\u0105 pliki cookie i jak ich u\u017cywamy. Powiniene\u015b przeczyta\u0107 t\u0119 polityk\u0119, aby zrozumie\u0107, czym s\u0105 pliki cookie, w jaki spos\u00f3b je wykorzystujemy, rodzaje plik\u00f3w cookie, kt\u00f3rych u\u017cywamy, tj. informacje, kt\u00f3re zbieramy za pomoc\u0105 plik\u00f3w cookie oraz w jaki spos\u00f3b te informacje s\u0105 wykorzystywane i jak kontrolowa\u0107 preferencje dotycz\u0105ce plik\u00f3w cookie. Wi\u0119cej informacji na temat tego, w jaki spos\u00f3b wykorzystujemy, przechowujemy i zabezpieczamy Twoje dane osobowe, znajdziesz w naszej Polityce prywatno\u015bci.<\/p>\n<p>W ka\u017cdej chwili mo\u017cesz zmieni\u0107 lub wycofa\u0107 swoj\u0105 zgod\u0119 z Deklaracji dotycz\u0105cej plik\u00f3w cookie na naszej stronie internetowej.<br \/>Dowiedz si\u0119 wi\u0119cej o tym, kim jeste\u015bmy, jak mo\u017cesz si\u0119 z nami skontaktowa\u0107 i jak przetwarzamy dane osobowe w naszej Polityce prywatno\u015bci.<br \/>Twoja zgoda dotyczy nast\u0119puj\u0105cych domen:\u00a0 https:\/\/www.bzdz.pl\/sepolno\/<\/p>\n<p>[user_consent_state]<\/p>\n<div>\n<p>&nbsp;<\/p>\n<p>[cookie_settings]<\/p>\n<p>&nbsp;<\/p>\n<\/div>\n<h3>Co to s\u0105 pliki cookie?<\/h3>\n<p>Pliki cookie to ma\u0142e pliki tekstowe, kt\u00f3re s\u0142u\u017c\u0105 do przechowywania niewielkich porcji informacji. Pliki cookie s\u0105 przechowywane na Twoim urz\u0105dzeniu, gdy strona jest \u0142adowana w Twojej przegl\u0105darce. Te pliki cookie pomagaj\u0105 nam w prawid\u0142owym funkcjonowaniu strony internetowej, zwi\u0119kszeniu bezpiecze\u0144stwa strony internetowej, zapewnieniu lepszej obs\u0142ugi u\u017cytkownika oraz zrozumieniu, jak dzia\u0142a strona internetowa i przeanalizowaniu, co dzia\u0142a i gdzie wymaga poprawy.<\/p>\n<h3>Jak u\u017cywamy plik\u00f3w cookie?<\/h3>\n<p>Podobnie jak wi\u0119kszo\u015b\u0107 us\u0142ug online, nasza strona internetowa wykorzystuje pliki cookie pierwszej strony i pliki cookie stron trzecich do wielu cel\u00f3w. W\u0142asne pliki cookie s\u0105 w wi\u0119kszo\u015bci niezb\u0119dne do prawid\u0142owego funkcjonowania witryny i nie gromadz\u0105 \u017cadnych danych osobowych u\u017cytkownika.<\/p>\n<p>Pliki cookie stron trzecich u\u017cywane na naszych stronach internetowych s\u0142u\u017c\u0105 g\u0142\u00f3wnie do zrozumienia, jak dzia\u0142a strona internetowa, w jaki spos\u00f3b wchodzisz w interakcj\u0119 z nasz\u0105 stron\u0105 internetow\u0105, zapewniamy bezpiecze\u0144stwo naszych us\u0142ug, dostarczanie reklam, kt\u00f3re s\u0105 dla Ciebie odpowiednie, a w sumie zapewniaj\u0105 lepsze i ulepszone do\u015bwiadczenie u\u017cytkownika i pom\u00f3c przyspieszy\u0107 przysz\u0142e interakcje z nasz\u0105 witryn\u0105.<\/p>\n<h3>Jakiego rodzaju plik\u00f3w cookie u\u017cywamy?<\/h3>\n<p>Pliki cookie u\u017cywane na naszej stronie internetowej s\u0105 pogrupowane w nast\u0119puj\u0105ce kategorie.<\/p>\n<div>[cookie_category]<\/div>\n<div>\u00a0<\/div>\n<div>Poni\u017csza lista zawiera szczeg\u00f3\u0142owe informacje na temat plik\u00f3w cookie u\u017cywanych w naszej witrynie.<\/div>\n<div>\u00a0<\/div>\n<div>[cookie_audit_category columns=&#8221;cookie,description&#8221;]<\/div>\n<div>\u00a0<\/div>\n<h3>Jak mog\u0119 kontrolowa\u0107 preferencje dotycz\u0105ce plik\u00f3w cookie?<\/h3>\n<p>Mo\u017cesz zarz\u0105dza\u0107 swoimi preferencjami dotycz\u0105cymi plik\u00f3w cookie, klikaj\u0105c przycisk \u201eUstawienia\u201d i w\u0142\u0105czaj\u0105c lub wy\u0142\u0105czaj\u0105c kategorie plik\u00f3w cookie w wyskakuj\u0105cym okienku zgodnie ze swoimi preferencjami.<\/p>\n<p>[cookie_settings]<\/p>\n<p>&nbsp;<\/p>\n<div>\n<p>Je\u015bli zdecydujesz si\u0119 zmieni\u0107 swoje preferencje p\u00f3\u017aniej podczas sesji przegl\u0105dania, mo\u017cesz klikn\u0105\u0107 kart\u0119 \u201ePolityka prywatno\u015bci i plik\u00f3w cookie\u201d na ekranie. Spowoduje to ponowne wy\u015bwietlenie informacji o zgodzie, umo\u017cliwiaj\u0105c zmian\u0119 preferencji lub ca\u0142kowite wycofanie zgody.<\/p>\n<p>Opr\u00f3cz tego r\u00f3\u017cne przegl\u0105darki udost\u0119pniaj\u0105 r\u00f3\u017cne metody blokowania i usuwania plik\u00f3w cookie u\u017cywanych przez strony internetowe. Mo\u017cesz zmieni\u0107 ustawienia swojej przegl\u0105darki, aby zablokowa\u0107\/usun\u0105\u0107 pliki cookies. Aby dowiedzie\u0107 si\u0119 wi\u0119cej na temat zarz\u0105dzania i usuwania plik\u00f3w cookie, odwied\u017a wikipedia.org, www.allaboutcookies.org.<\/p>\n<\/div>\n<p>[\/et_pb_text][\/et_pb_column][\/et_pb_row][\/et_pb_section]<\/p>\n","protected":false},"excerpt":{"rendered":"<p>Wst\u0119p Niniejsza Polityka dotycz\u0105ca plik\u00f3w cookie wyja\u015bnia, czym s\u0105 pliki cookie i jak ich u\u017cywamy. Powiniene\u015b przeczyta\u0107 t\u0119 polityk\u0119, aby zrozumie\u0107, czym s\u0105 pliki cookie, w jaki spos\u00f3b je wykorzystujemy, rodzaje plik\u00f3w cookie, kt\u00f3rych u\u017cywamy, tj. informacje, kt\u00f3re zbieramy za pomoc\u0105 plik\u00f3w cookie oraz w jaki spos\u00f3b te informacje s\u0105 wykorzystywane i jak kontrolowa\u0107 preferencje [&hellip;]<\/p>\n","protected":false},"author":1,"featured_media":0,"parent":0,"menu_order":0,"comment_status":"closed","ping_status":"closed","template":"","meta":{"_et_pb_use_builder":"on","_et_pb_old_content":"<p><strong>Czym s\u0105 pliki cookies?<\/strong><\/p>\r\n<p style=\"text-align: justify;\">W witrynach internetowych stosowane s\u0105 zaawansowane i u\u017cyteczne techniki, dzi\u0119ki kt\u00f3rym obs\u0142uga stron jest \u0142atwiejsza, a ich zawarto\u015b\u0107 \u2014 interesuj\u0105ca dla u\u017cytkownik\u00f3w. Jedn\u0105 z bardziej rozpowszechnionych technik s\u0105 pliki cookie. Mog\u0105 one by\u0107 stosowane przez w\u0142a\u015bciciela witryny lub inne firmy \u2014 na przyk\u0142ad przez reklamodawc\u00f3w czy firmy analityczne gromadz\u0105ce dane ze statystyk \u2014 kt\u00f3re komunikuj\u0105 si\u0119 za po\u015brednictwem odwiedzanej witryny. Pliki cookies potocznie w j\u0119zyku polskim zwane s\u0105 ciasteczkami.<\/p>\r\n<p><strong>Do czego u\u017cywamy plik\u00f3w cookies?<\/strong><\/p>\r\n<p style=\"text-align: justify;\">Pliki cookies u\u017cywane s\u0105 w celach sesyjnych: umo\u017cliwiaj\u0105 informowanie gdy u\u017cytkownik jest zalogowany, dzi\u0119ki czemu witryna mo\u017ce pokazywa\u0107 odpowiednie informacje i funkcje, jak r\u00f3wnie\u017c w celach dostosowania zawarto\u015bci stron internetowych do preferencji u\u017cytkownika oraz optymalizacji korzystania ze stron internetowych. Pr\u00f3cz tego pliki cookies u\u017cywane s\u0105 w celu tworzenia anonimowych statystyk, kt\u00f3re pomagaj\u0105 zrozumie\u0107 w jaki spos\u00f3b u\u017cytkownik korzysta ze stron internetowych, co umo\u017cliwia ulepszanie ich struktury i zawarto\u015bci. Pliki \u201ecookies\u201d nie s\u0142u\u017c\u0105 nam do identyfikacji personalnej u\u017cytkownika.<\/p>\r\n<p><strong>Usuwanie plik\u00f3w cookies<\/strong><\/p>\r\n<p style=\"text-align: justify;\">Standardowo oprogramowanie s\u0142u\u017c\u0105ce do przegl\u0105dania stron internetowych (przegl\u0105darki internetowej) domy\u015blnie dopuszcza umieszczanie plik\u00f3w cookies na urz\u0105dzeniu ko\u0144cowym (komputer, tablet). Ustawienia te mog\u0105 zosta\u0107 zmienione w taki spos\u00f3b, aby blokowa\u0107 automatyczn\u0105 obs\u0142ug\u0119 plik\u00f3w cookies w ustawieniach przegl\u0105darki internetowej b\u0105d\u017a informowa\u0107 o ich ka\u017cdorazowym przes\u0142aniu na urz\u0105dzenie u\u017cytkownika.<\/p>\r\n<p style=\"text-align: justify;\">Szczeg\u00f3\u0142owe informacje o mo\u017cliwo\u015bci i sposobach obs\u0142ugi plik\u00f3w cookies dost\u0119pne s\u0105 w ustawieniach danego oprogramowania. Ograniczenie stosowania plik\u00f3w cookies mo\u017ce wp\u0142yn\u0105\u0107 na niekt\u00f3re funkcjonalno\u015bci dost\u0119pne na stronie internetowej (brak mo\u017cliwo\u015bci logowania oraz zapami\u0119tywania ustawie\u0144 u\u017cytkownika).<\/p>\r\n<p style=\"text-align: justify;\">Wi\u0119cej informacji dotycz\u0105cych blokowania \"ciasteczek\" mo\u017cna znale\u017a\u0107 na tych stronach:\u00a0<a style=\"color: #21759b;\" href=\"http:\/\/pl.wikipedia.org\/wiki\/Ciasteczko#Blokowanie_ciasteczek\" target=\"_blank\" rel=\"noopener\">Wikipedia<\/a>\u00a0oraz\u00a0<a style=\"color: #21759b;\" href=\"https:\/\/www.google.pl\/search?q=wy%C5%82%C4%85czanie+cookie+w+przegl%C4%85darkach\" target=\"_blank\" rel=\"noopener\">Google<\/a><\/p>","_et_gb_content_width":"","footnotes":""},"class_list":["post-7","page","type-page","status-publish","hentry"],"yoast_head":"<!-- This site is optimized with the Yoast SEO plugin v27.4 - https:\/\/yoast.com\/product\/yoast-seo-wordpress\/ -->\n<title>Polityka plik\u00f3w cookies - O\u015brodek Szkoleniowy S\u0119p\u00f3lno Kraje\u0144skie<\/title>\n<meta name=\"robots\" content=\"index, follow, max-snippet:-1, max-image-preview:large, max-video-preview:-1\" \/>\n<link rel=\"canonical\" href=\"https:\/\/www.bzdz.pl\/sepolno\/polityka-plikow-cookies\/\" \/>\n<meta property=\"og:locale\" content=\"pl_PL\" \/>\n<meta property=\"og:type\" content=\"article\" \/>\n<meta property=\"og:title\" content=\"Polityka plik\u00f3w cookies - O\u015brodek Szkoleniowy S\u0119p\u00f3lno Kraje\u0144skie\" \/>\n<meta property=\"og:description\" content=\"Wst\u0119p Niniejsza Polityka dotycz\u0105ca plik\u00f3w cookie wyja\u015bnia, czym s\u0105 pliki cookie i jak ich u\u017cywamy. Powiniene\u015b przeczyta\u0107 t\u0119 polityk\u0119, aby zrozumie\u0107, czym s\u0105 pliki cookie, w jaki spos\u00f3b je wykorzystujemy, rodzaje plik\u00f3w cookie, kt\u00f3rych u\u017cywamy, tj. informacje, kt\u00f3re zbieramy za pomoc\u0105 plik\u00f3w cookie oraz w jaki spos\u00f3b te informacje s\u0105 wykorzystywane i jak kontrolowa\u0107 preferencje [&hellip;]\" \/>\n<meta property=\"og:url\" content=\"https:\/\/www.bzdz.pl\/sepolno\/polityka-plikow-cookies\/\" \/>\n<meta property=\"og:site_name\" content=\"O\u015brodek Szkoleniowy S\u0119p\u00f3lno Kraje\u0144skie\" \/>\n<meta property=\"article:modified_time\" content=\"2022-11-04T11:06:23+00:00\" \/>\n<meta name=\"twitter:card\" content=\"summary_large_image\" \/>\n<meta name=\"twitter:label1\" content=\"Szacowany czas czytania\" \/>\n\t<meta name=\"twitter:data1\" content=\"2 minuty\" \/>\n<script type=\"application\/ld+json\" class=\"yoast-schema-graph\">{\"@context\":\"https:\\\/\\\/schema.org\",\"@graph\":[{\"@type\":\"WebPage\",\"@id\":\"https:\\\/\\\/www.bzdz.pl\\\/sepolno\\\/polityka-plikow-cookies\\\/\",\"url\":\"https:\\\/\\\/www.bzdz.pl\\\/sepolno\\\/polityka-plikow-cookies\\\/\",\"name\":\"Polityka plik\u00f3w cookies - O\u015brodek Szkoleniowy S\u0119p\u00f3lno Kraje\u0144skie\",\"isPartOf\":{\"@id\":\"https:\\\/\\\/www.bzdz.pl\\\/sepolno\\\/#website\"},\"datePublished\":\"2018-04-13T10:15:05+00:00\",\"dateModified\":\"2022-11-04T11:06:23+00:00\",\"breadcrumb\":{\"@id\":\"https:\\\/\\\/www.bzdz.pl\\\/sepolno\\\/polityka-plikow-cookies\\\/#breadcrumb\"},\"inLanguage\":\"pl-PL\",\"potentialAction\":[{\"@type\":\"ReadAction\",\"target\":[\"https:\\\/\\\/www.bzdz.pl\\\/sepolno\\\/polityka-plikow-cookies\\\/\"]}]},{\"@type\":\"BreadcrumbList\",\"@id\":\"https:\\\/\\\/www.bzdz.pl\\\/sepolno\\\/polityka-plikow-cookies\\\/#breadcrumb\",\"itemListElement\":[{\"@type\":\"ListItem\",\"position\":1,\"name\":\"Strona g\u0142\u00f3wna\",\"item\":\"https:\\\/\\\/www.bzdz.pl\\\/sepolno\\\/\"},{\"@type\":\"ListItem\",\"position\":2,\"name\":\"Polityka plik\u00f3w cookies\"}]},{\"@type\":\"WebSite\",\"@id\":\"https:\\\/\\\/www.bzdz.pl\\\/sepolno\\\/#website\",\"url\":\"https:\\\/\\\/www.bzdz.pl\\\/sepolno\\\/\",\"name\":\"O\u015brodek Szkoleniowy S\u0119p\u00f3lno Kraje\u0144skie\",\"description\":\"\",\"potentialAction\":[{\"@type\":\"SearchAction\",\"target\":{\"@type\":\"EntryPoint\",\"urlTemplate\":\"https:\\\/\\\/www.bzdz.pl\\\/sepolno\\\/?s={search_term_string}\"},\"query-input\":{\"@type\":\"PropertyValueSpecification\",\"valueRequired\":true,\"valueName\":\"search_term_string\"}}],\"inLanguage\":\"pl-PL\"}]}<\/script>\n<!-- \/ Yoast SEO plugin. -->","yoast_head_json":{"title":"Polityka plik\u00f3w cookies - O\u015brodek Szkoleniowy S\u0119p\u00f3lno Kraje\u0144skie","robots":{"index":"index","follow":"follow","max-snippet":"max-snippet:-1","max-image-preview":"max-image-preview:large","max-video-preview":"max-video-preview:-1"},"canonical":"https:\/\/www.bzdz.pl\/sepolno\/polityka-plikow-cookies\/","og_locale":"pl_PL","og_type":"article","og_title":"Polityka plik\u00f3w cookies - O\u015brodek Szkoleniowy S\u0119p\u00f3lno Kraje\u0144skie","og_description":"Wst\u0119p Niniejsza Polityka dotycz\u0105ca plik\u00f3w cookie wyja\u015bnia, czym s\u0105 pliki cookie i jak ich u\u017cywamy. Powiniene\u015b przeczyta\u0107 t\u0119 polityk\u0119, aby zrozumie\u0107, czym s\u0105 pliki cookie, w jaki spos\u00f3b je wykorzystujemy, rodzaje plik\u00f3w cookie, kt\u00f3rych u\u017cywamy, tj. informacje, kt\u00f3re zbieramy za pomoc\u0105 plik\u00f3w cookie oraz w jaki spos\u00f3b te informacje s\u0105 wykorzystywane i jak kontrolowa\u0107 preferencje [&hellip;]","og_url":"https:\/\/www.bzdz.pl\/sepolno\/polityka-plikow-cookies\/","og_site_name":"O\u015brodek Szkoleniowy S\u0119p\u00f3lno Kraje\u0144skie","article_modified_time":"2022-11-04T11:06:23+00:00","twitter_card":"summary_large_image","twitter_misc":{"Szacowany czas czytania":"2 minuty"},"schema":{"@context":"https:\/\/schema.org","@graph":[{"@type":"WebPage","@id":"https:\/\/www.bzdz.pl\/sepolno\/polityka-plikow-cookies\/","url":"https:\/\/www.bzdz.pl\/sepolno\/polityka-plikow-cookies\/","name":"Polityka plik\u00f3w cookies - O\u015brodek Szkoleniowy S\u0119p\u00f3lno Kraje\u0144skie","isPartOf":{"@id":"https:\/\/www.bzdz.pl\/sepolno\/#website"},"datePublished":"2018-04-13T10:15:05+00:00","dateModified":"2022-11-04T11:06:23+00:00","breadcrumb":{"@id":"https:\/\/www.bzdz.pl\/sepolno\/polityka-plikow-cookies\/#breadcrumb"},"inLanguage":"pl-PL","potentialAction":[{"@type":"ReadAction","target":["https:\/\/www.bzdz.pl\/sepolno\/polityka-plikow-cookies\/"]}]},{"@type":"BreadcrumbList","@id":"https:\/\/www.bzdz.pl\/sepolno\/polityka-plikow-cookies\/#breadcrumb","itemListElement":[{"@type":"ListItem","position":1,"name":"Strona g\u0142\u00f3wna","item":"https:\/\/www.bzdz.pl\/sepolno\/"},{"@type":"ListItem","position":2,"name":"Polityka plik\u00f3w cookies"}]},{"@type":"WebSite","@id":"https:\/\/www.bzdz.pl\/sepolno\/#website","url":"https:\/\/www.bzdz.pl\/sepolno\/","name":"O\u015brodek Szkoleniowy S\u0119p\u00f3lno Kraje\u0144skie","description":"","potentialAction":[{"@type":"SearchAction","target":{"@type":"EntryPoint","urlTemplate":"https:\/\/www.bzdz.pl\/sepolno\/?s={search_term_string}"},"query-input":{"@type":"PropertyValueSpecification","valueRequired":true,"valueName":"search_term_string"}}],"inLanguage":"pl-PL"}]}},"_links":{"self":[{"href":"https:\/\/www.bzdz.pl\/sepolno\/wp-json\/wp\/v2\/pages\/7","targetHints":{"allow":["GET"]}}],"collection":[{"href":"https:\/\/www.bzdz.pl\/sepolno\/wp-json\/wp\/v2\/pages"}],"about":[{"href":"https:\/\/www.bzdz.pl\/sepolno\/wp-json\/wp\/v2\/types\/page"}],"author":[{"embeddable":true,"href":"https:\/\/www.bzdz.pl\/sepolno\/wp-json\/wp\/v2\/users\/1"}],"replies":[{"embeddable":true,"href":"https:\/\/www.bzdz.pl\/sepolno\/wp-json\/wp\/v2\/comments?post=7"}],"version-history":[{"count":1,"href":"https:\/\/www.bzdz.pl\/sepolno\/wp-json\/wp\/v2\/pages\/7\/revisions"}],"predecessor-version":[{"id":1687,"href":"https:\/\/www.bzdz.pl\/sepolno\/wp-json\/wp\/v2\/pages\/7\/revisions\/1687"}],"wp:attachment":[{"href":"https:\/\/www.bzdz.pl\/sepolno\/wp-json\/wp\/v2\/media?parent=7"}],"curies":[{"name":"wp","href":"https:\/\/api.w.org\/{rel}","templated":true}]}}