{"id":30,"date":"2018-04-19T12:07:57","date_gmt":"2018-04-19T10:07:57","guid":{"rendered":"https:\/\/bzdz.pl\/sepolno\/?page_id=30"},"modified":"2026-02-03T08:44:58","modified_gmt":"2026-02-03T07:44:58","slug":"kontakt","status":"publish","type":"page","link":"https:\/\/www.bzdz.pl\/sepolno\/kontakt\/","title":{"rendered":"Kontakt"},"content":{"rendered":"<p>[et_pb_section fb_built=&#8221;1&#8243; _builder_version=&#8221;4.16&#8243; global_colors_info=&#8221;{}&#8221;][et_pb_row column_structure=&#8221;1_2,1_2&#8243; _builder_version=&#8221;4.16&#8243; background_size=&#8221;initial&#8221; background_position=&#8221;top_left&#8221; background_repeat=&#8221;repeat&#8221; global_colors_info=&#8221;{}&#8221;][et_pb_column type=&#8221;1_2&#8243; _builder_version=&#8221;4.16&#8243; custom_padding=&#8221;|||&#8221; global_colors_info=&#8221;{}&#8221; custom_padding__hover=&#8221;|||&#8221;][et_pb_text _builder_version=&#8221;4.27.5&#8243; background_size=&#8221;initial&#8221; background_position=&#8221;top_left&#8221; background_repeat=&#8221;repeat&#8221; hover_enabled=&#8221;0&#8243; global_colors_info=&#8221;{}&#8221; sticky_enabled=&#8221;0&#8243;]<\/p>\n<h3>O\u015brodek Szkoleniowy Bydgoskiego Zak\u0142adu Doskonalenia Zawodowego Stowarzyszenie O\u015bwiatowo \u2013 Techniczne w S\u0119p\u00f3lnie Kraje\u0144skim<\/h3>\n<p>Ul. Ko\u015bciuszki 16<br \/>89-400 S\u0119p\u00f3lno Kraje\u0144skie<\/p>\n<blockquote>\n<p><strong>Helena Podjaska \u2013 Ginter<\/strong>\u200b<br \/><em>dyrektor o\u015brodka szkoleniowego<\/em><br \/><a href=\"mailto:okz-sepolno@bzdz.pl\">882 830 994<\/a><br \/><a href=\"mailto:okz-sepolno@bzdz.pl\">52 397 34 16<br \/>okz-sepolno@bzdz.pl<\/a><\/p>\n<\/blockquote>\n<p>[\/et_pb_text][\/et_pb_column][et_pb_column type=&#8221;1_2&#8243; _builder_version=&#8221;4.16&#8243; custom_padding=&#8221;|||&#8221; global_colors_info=&#8221;{}&#8221; custom_padding__hover=&#8221;|||&#8221;][et_pb_text _builder_version=&#8221;4.16&#8243; background_size=&#8221;initial&#8221; background_position=&#8221;top_left&#8221; background_repeat=&#8221;repeat&#8221; global_colors_info=&#8221;{}&#8221;]<\/p>\n<h3>Formularz kontaktowy<\/h3>\n<p>[\/et_pb_text][et_pb_contact_form email=&#8221;okz-sepolno@bzdz.pl&#8221; submit_button_text=&#8221;Wy\u015blij&#8221; _builder_version=&#8221;4.16&#8243; _module_preset=&#8221;default&#8221; _unique_id=&#8221;5322d1e5-4a5e-4696-9d37-93cb94dda736&#8243; global_colors_info=&#8221;{}&#8221;][et_pb_contact_field field_id=&#8221;Name&#8221; field_title=&#8221;Imi\u0119, nazwisko&#8221; _builder_version=&#8221;4.16&#8243; global_colors_info=&#8221;{}&#8221; button_text_size__hover_enabled=&#8221;off&#8221; button_one_text_size__hover_enabled=&#8221;off&#8221; button_two_text_size__hover_enabled=&#8221;off&#8221; button_text_color__hover_enabled=&#8221;off&#8221; button_one_text_color__hover_enabled=&#8221;off&#8221; button_two_text_color__hover_enabled=&#8221;off&#8221; button_border_width__hover_enabled=&#8221;off&#8221; button_one_border_width__hover_enabled=&#8221;off&#8221; button_two_border_width__hover_enabled=&#8221;off&#8221; button_border_color__hover_enabled=&#8221;off&#8221; button_one_border_color__hover_enabled=&#8221;off&#8221; button_two_border_color__hover_enabled=&#8221;off&#8221; button_border_radius__hover_enabled=&#8221;off&#8221; button_one_border_radius__hover_enabled=&#8221;off&#8221; button_two_border_radius__hover_enabled=&#8221;off&#8221; button_letter_spacing__hover_enabled=&#8221;off&#8221; button_one_letter_spacing__hover_enabled=&#8221;off&#8221; button_two_letter_spacing__hover_enabled=&#8221;off&#8221; button_bg_color__hover_enabled=&#8221;off&#8221; button_one_bg_color__hover_enabled=&#8221;off&#8221; button_two_bg_color__hover_enabled=&#8221;off&#8221;][\/et_pb_contact_field][et_pb_contact_field field_id=&#8221;Email&#8221; field_title=&#8221;Email&#8221; field_type=&#8221;email&#8221; _builder_version=&#8221;4.16&#8243; global_colors_info=&#8221;{}&#8221; button_text_size__hover_enabled=&#8221;off&#8221; button_one_text_size__hover_enabled=&#8221;off&#8221; button_two_text_size__hover_enabled=&#8221;off&#8221; button_text_color__hover_enabled=&#8221;off&#8221; button_one_text_color__hover_enabled=&#8221;off&#8221; button_two_text_color__hover_enabled=&#8221;off&#8221; button_border_width__hover_enabled=&#8221;off&#8221; button_one_border_width__hover_enabled=&#8221;off&#8221; button_two_border_width__hover_enabled=&#8221;off&#8221; button_border_color__hover_enabled=&#8221;off&#8221; button_one_border_color__hover_enabled=&#8221;off&#8221; button_two_border_color__hover_enabled=&#8221;off&#8221; button_border_radius__hover_enabled=&#8221;off&#8221; button_one_border_radius__hover_enabled=&#8221;off&#8221; button_two_border_radius__hover_enabled=&#8221;off&#8221; button_letter_spacing__hover_enabled=&#8221;off&#8221; button_one_letter_spacing__hover_enabled=&#8221;off&#8221; button_two_letter_spacing__hover_enabled=&#8221;off&#8221; button_bg_color__hover_enabled=&#8221;off&#8221; button_one_bg_color__hover_enabled=&#8221;off&#8221; button_two_bg_color__hover_enabled=&#8221;off&#8221;][\/et_pb_contact_field][et_pb_contact_field field_id=&#8221;Message&#8221; field_title=&#8221;Wiadomo\u015b\u0107&#8221; field_type=&#8221;text&#8221; fullwidth_field=&#8221;on&#8221; _builder_version=&#8221;4.16&#8243; global_colors_info=&#8221;{}&#8221; button_text_size__hover_enabled=&#8221;off&#8221; button_one_text_size__hover_enabled=&#8221;off&#8221; button_two_text_size__hover_enabled=&#8221;off&#8221; button_text_color__hover_enabled=&#8221;off&#8221; button_one_text_color__hover_enabled=&#8221;off&#8221; button_two_text_color__hover_enabled=&#8221;off&#8221; button_border_width__hover_enabled=&#8221;off&#8221; button_one_border_width__hover_enabled=&#8221;off&#8221; button_two_border_width__hover_enabled=&#8221;off&#8221; button_border_color__hover_enabled=&#8221;off&#8221; button_one_border_color__hover_enabled=&#8221;off&#8221; button_two_border_color__hover_enabled=&#8221;off&#8221; button_border_radius__hover_enabled=&#8221;off&#8221; button_one_border_radius__hover_enabled=&#8221;off&#8221; button_two_border_radius__hover_enabled=&#8221;off&#8221; button_letter_spacing__hover_enabled=&#8221;off&#8221; button_one_letter_spacing__hover_enabled=&#8221;off&#8221; button_two_letter_spacing__hover_enabled=&#8221;off&#8221; button_bg_color__hover_enabled=&#8221;off&#8221; button_one_bg_color__hover_enabled=&#8221;off&#8221; button_two_bg_color__hover_enabled=&#8221;off&#8221;][\/et_pb_contact_field][\/et_pb_contact_form][\/et_pb_column][\/et_pb_row][et_pb_row _builder_version=&#8221;4.16&#8243; background_size=&#8221;initial&#8221; background_position=&#8221;top_left&#8221; background_repeat=&#8221;repeat&#8221; custom_margin=&#8221;45px|auto||auto||&#8221; global_colors_info=&#8221;{}&#8221;][et_pb_column type=&#8221;4_4&#8243; _builder_version=&#8221;4.16&#8243; custom_padding=&#8221;|||&#8221; global_colors_info=&#8221;{}&#8221; custom_padding__hover=&#8221;|||&#8221;][et_pb_text _builder_version=&#8221;4.16&#8243; background_size=&#8221;initial&#8221; background_position=&#8221;top_left&#8221; background_repeat=&#8221;repeat&#8221; global_colors_info=&#8221;{}&#8221;]<iframe src=\"https:\/\/www.google.com\/maps\/embed?pb=!1m18!1m12!1m3!1d2375.680746754059!2d17.536854552128286!3d53.456292979904056!2m3!1f0!2f0!3f0!3m2!1i1024!2i768!4f13.1!3m3!1m2!1s0x4703b2f1cd4d2d7d%3A0x9cbea80c00bd2d58!2zS2_Fm2NpdXN6a2kgMTYsIDg5LTQwMCBTxJlww7Nsbm8gS3JhamXFhHNraWU!5e0!3m2!1spl!2spl!4v1648221674551!5m2!1spl!2spl\" width=\"100%\" height=\"450\" style=\"border:0;\" allowfullscreen=\"\" loading=\"lazy\" referrerpolicy=\"no-referrer-when-downgrade\"><\/iframe>[\/et_pb_text][\/et_pb_column][\/et_pb_row][\/et_pb_section]<\/p>\n","protected":false},"excerpt":{"rendered":"<p>O\u015brodek Szkoleniowy Bydgoskiego Zak\u0142adu Doskonalenia Zawodowego Stowarzyszenie O\u015bwiatowo \u2013 Techniczne w S\u0119p\u00f3lnie Kraje\u0144skim Ul. Ko\u015bciuszki 1689-400 S\u0119p\u00f3lno Kraje\u0144skie Helena Podjaska \u2013 Ginter\u200bdyrektor o\u015brodka szkoleniowego882 830 99452 397 34 16okz-sepolno@bzdz.pl Formularz kontaktowy<\/p>\n","protected":false},"author":1,"featured_media":0,"parent":0,"menu_order":0,"comment_status":"closed","ping_status":"closed","template":"","meta":{"_et_pb_use_builder":"on","_et_pb_old_content":"<h3>O\u015brodek Szkoleniowy \u2013 Centrum Kszta\u0142cenia Kadr Bydgoskiego Zak\u0142adu Doskonalenia Zawodowego<\/h3>\r\n<p>Ul. Fordo\u0144ska 120 (budynek C)<br \/>85-739 Bydgoszcz<br \/><a href=\"mailto:ckk@bzdz.pl\">ckk@bzdz.pl<\/a><br \/>tel. 889 804 846<\/p>\r\n<p><a href=\"https:\/\/bzdz.pl\/sepolno\/wp-content\/uploads\/2021\/08\/Osrodek-Szkoleniowy-\u2013-Centrum-Ksztalcenia-Kadr-Bydgoskiego-Zakladu-Doskonalenia-Zawodowego.jpg\"><img class=\"alignnone size-medium wp-image-1026\" src=\"https:\/\/bzdz.pl\/sepolno\/wp-content\/uploads\/2021\/08\/Osrodek-Szkoleniowy-\u2013-Centrum-Ksztalcenia-Kadr-Bydgoskiego-Zakladu-Doskonalenia-Zawodowego-300x169.jpg\" alt=\"\" width=\"300\" height=\"169\" \/><\/a><\/p>\r\n<p><strong>Anita Furga\u0142a<\/strong><br \/>Dyrektor O\u015brodka Szkoleniowego w Bydgoszczy<br \/><a href=\"mailto:anita.furgala@bzdz.pl\">anita.furgala@bzdz.pl<\/a><br \/>tel. 606 644 093<\/p>\r\n<p><strong>Marta Zwarycz<\/strong><br \/>Specjalista ds. kszta\u0142cenia<br \/><a href=\"mailto:marta.zwarycz@bzdz.pl\">marta.zwarycz@bzdz.pl<\/a><br \/>tel. 52 342 04 92<br \/>tel. 889 804 846<\/p>\r\n<p><strong>Natalia Bednarska<\/strong><br \/>Specjalista ds. kszta\u0142cenia<br \/><a href=\"mailto:natalia.bednarska@bzdz.pl\">natalia.bednarska@bzdz.pl<\/a><br \/>tel. 52 342 04 92<br \/>tel. 889 804 846<\/p>","_et_gb_content_width":"","footnotes":""},"class_list":["post-30","page","type-page","status-publish","hentry"],"yoast_head":"<!-- This site is optimized with the Yoast SEO plugin v27.4 - https:\/\/yoast.com\/product\/yoast-seo-wordpress\/ -->\n<title>Kontakt - O\u015brodek Szkoleniowy S\u0119p\u00f3lno Kraje\u0144skie<\/title>\n<meta name=\"robots\" content=\"index, follow, max-snippet:-1, max-image-preview:large, max-video-preview:-1\" \/>\n<link rel=\"canonical\" href=\"https:\/\/www.bzdz.pl\/sepolno\/kontakt\/\" \/>\n<meta property=\"og:locale\" content=\"pl_PL\" \/>\n<meta property=\"og:type\" content=\"article\" \/>\n<meta property=\"og:title\" content=\"Kontakt - O\u015brodek Szkoleniowy S\u0119p\u00f3lno Kraje\u0144skie\" \/>\n<meta property=\"og:description\" content=\"O\u015brodek Szkoleniowy Bydgoskiego Zak\u0142adu Doskonalenia Zawodowego Stowarzyszenie O\u015bwiatowo \u2013 Techniczne w S\u0119p\u00f3lnie Kraje\u0144skim Ul. Ko\u015bciuszki 1689-400 S\u0119p\u00f3lno Kraje\u0144skie Helena Podjaska \u2013 Ginter\u200bdyrektor o\u015brodka szkoleniowego882 830 99452 397 34 16okz-sepolno@bzdz.pl Formularz kontaktowy\" \/>\n<meta property=\"og:url\" content=\"https:\/\/www.bzdz.pl\/sepolno\/kontakt\/\" \/>\n<meta property=\"og:site_name\" content=\"O\u015brodek Szkoleniowy S\u0119p\u00f3lno Kraje\u0144skie\" \/>\n<meta property=\"article:modified_time\" content=\"2026-02-03T07:44:58+00:00\" \/>\n<meta name=\"twitter:card\" content=\"summary_large_image\" \/>\n<meta name=\"twitter:label1\" content=\"Szacowany czas czytania\" \/>\n\t<meta name=\"twitter:data1\" content=\"1 minuta\" \/>\n<script type=\"application\/ld+json\" class=\"yoast-schema-graph\">{\"@context\":\"https:\\\/\\\/schema.org\",\"@graph\":[{\"@type\":\"WebPage\",\"@id\":\"https:\\\/\\\/www.bzdz.pl\\\/sepolno\\\/kontakt\\\/\",\"url\":\"https:\\\/\\\/www.bzdz.pl\\\/sepolno\\\/kontakt\\\/\",\"name\":\"Kontakt - O\u015brodek Szkoleniowy S\u0119p\u00f3lno Kraje\u0144skie\",\"isPartOf\":{\"@id\":\"https:\\\/\\\/www.bzdz.pl\\\/sepolno\\\/#website\"},\"datePublished\":\"2018-04-19T10:07:57+00:00\",\"dateModified\":\"2026-02-03T07:44:58+00:00\",\"breadcrumb\":{\"@id\":\"https:\\\/\\\/www.bzdz.pl\\\/sepolno\\\/kontakt\\\/#breadcrumb\"},\"inLanguage\":\"pl-PL\",\"potentialAction\":[{\"@type\":\"ReadAction\",\"target\":[\"https:\\\/\\\/www.bzdz.pl\\\/sepolno\\\/kontakt\\\/\"]}]},{\"@type\":\"BreadcrumbList\",\"@id\":\"https:\\\/\\\/www.bzdz.pl\\\/sepolno\\\/kontakt\\\/#breadcrumb\",\"itemListElement\":[{\"@type\":\"ListItem\",\"position\":1,\"name\":\"Strona g\u0142\u00f3wna\",\"item\":\"https:\\\/\\\/www.bzdz.pl\\\/sepolno\\\/\"},{\"@type\":\"ListItem\",\"position\":2,\"name\":\"Kontakt\"}]},{\"@type\":\"WebSite\",\"@id\":\"https:\\\/\\\/www.bzdz.pl\\\/sepolno\\\/#website\",\"url\":\"https:\\\/\\\/www.bzdz.pl\\\/sepolno\\\/\",\"name\":\"O\u015brodek Szkoleniowy S\u0119p\u00f3lno Kraje\u0144skie\",\"description\":\"\",\"potentialAction\":[{\"@type\":\"SearchAction\",\"target\":{\"@type\":\"EntryPoint\",\"urlTemplate\":\"https:\\\/\\\/www.bzdz.pl\\\/sepolno\\\/?s={search_term_string}\"},\"query-input\":{\"@type\":\"PropertyValueSpecification\",\"valueRequired\":true,\"valueName\":\"search_term_string\"}}],\"inLanguage\":\"pl-PL\"}]}<\/script>\n<!-- \/ Yoast SEO plugin. -->","yoast_head_json":{"title":"Kontakt - O\u015brodek Szkoleniowy S\u0119p\u00f3lno Kraje\u0144skie","robots":{"index":"index","follow":"follow","max-snippet":"max-snippet:-1","max-image-preview":"max-image-preview:large","max-video-preview":"max-video-preview:-1"},"canonical":"https:\/\/www.bzdz.pl\/sepolno\/kontakt\/","og_locale":"pl_PL","og_type":"article","og_title":"Kontakt - O\u015brodek Szkoleniowy S\u0119p\u00f3lno Kraje\u0144skie","og_description":"O\u015brodek Szkoleniowy Bydgoskiego Zak\u0142adu Doskonalenia Zawodowego Stowarzyszenie O\u015bwiatowo \u2013 Techniczne w S\u0119p\u00f3lnie Kraje\u0144skim Ul. Ko\u015bciuszki 1689-400 S\u0119p\u00f3lno Kraje\u0144skie Helena Podjaska \u2013 Ginter\u200bdyrektor o\u015brodka szkoleniowego882 830 99452 397 34 16okz-sepolno@bzdz.pl Formularz kontaktowy","og_url":"https:\/\/www.bzdz.pl\/sepolno\/kontakt\/","og_site_name":"O\u015brodek Szkoleniowy S\u0119p\u00f3lno Kraje\u0144skie","article_modified_time":"2026-02-03T07:44:58+00:00","twitter_card":"summary_large_image","twitter_misc":{"Szacowany czas czytania":"1 minuta"},"schema":{"@context":"https:\/\/schema.org","@graph":[{"@type":"WebPage","@id":"https:\/\/www.bzdz.pl\/sepolno\/kontakt\/","url":"https:\/\/www.bzdz.pl\/sepolno\/kontakt\/","name":"Kontakt - O\u015brodek Szkoleniowy S\u0119p\u00f3lno Kraje\u0144skie","isPartOf":{"@id":"https:\/\/www.bzdz.pl\/sepolno\/#website"},"datePublished":"2018-04-19T10:07:57+00:00","dateModified":"2026-02-03T07:44:58+00:00","breadcrumb":{"@id":"https:\/\/www.bzdz.pl\/sepolno\/kontakt\/#breadcrumb"},"inLanguage":"pl-PL","potentialAction":[{"@type":"ReadAction","target":["https:\/\/www.bzdz.pl\/sepolno\/kontakt\/"]}]},{"@type":"BreadcrumbList","@id":"https:\/\/www.bzdz.pl\/sepolno\/kontakt\/#breadcrumb","itemListElement":[{"@type":"ListItem","position":1,"name":"Strona g\u0142\u00f3wna","item":"https:\/\/www.bzdz.pl\/sepolno\/"},{"@type":"ListItem","position":2,"name":"Kontakt"}]},{"@type":"WebSite","@id":"https:\/\/www.bzdz.pl\/sepolno\/#website","url":"https:\/\/www.bzdz.pl\/sepolno\/","name":"O\u015brodek Szkoleniowy S\u0119p\u00f3lno Kraje\u0144skie","description":"","potentialAction":[{"@type":"SearchAction","target":{"@type":"EntryPoint","urlTemplate":"https:\/\/www.bzdz.pl\/sepolno\/?s={search_term_string}"},"query-input":{"@type":"PropertyValueSpecification","valueRequired":true,"valueName":"search_term_string"}}],"inLanguage":"pl-PL"}]}},"_links":{"self":[{"href":"https:\/\/www.bzdz.pl\/sepolno\/wp-json\/wp\/v2\/pages\/30","targetHints":{"allow":["GET"]}}],"collection":[{"href":"https:\/\/www.bzdz.pl\/sepolno\/wp-json\/wp\/v2\/pages"}],"about":[{"href":"https:\/\/www.bzdz.pl\/sepolno\/wp-json\/wp\/v2\/types\/page"}],"author":[{"embeddable":true,"href":"https:\/\/www.bzdz.pl\/sepolno\/wp-json\/wp\/v2\/users\/1"}],"replies":[{"embeddable":true,"href":"https:\/\/www.bzdz.pl\/sepolno\/wp-json\/wp\/v2\/comments?post=30"}],"version-history":[{"count":3,"href":"https:\/\/www.bzdz.pl\/sepolno\/wp-json\/wp\/v2\/pages\/30\/revisions"}],"predecessor-version":[{"id":1742,"href":"https:\/\/www.bzdz.pl\/sepolno\/wp-json\/wp\/v2\/pages\/30\/revisions\/1742"}],"wp:attachment":[{"href":"https:\/\/www.bzdz.pl\/sepolno\/wp-json\/wp\/v2\/media?parent=30"}],"curies":[{"name":"wp","href":"https:\/\/api.w.org\/{rel}","templated":true}]}}