{"id":23,"date":"2018-04-19T12:01:36","date_gmt":"2018-04-19T10:01:36","guid":{"rendered":"https:\/\/bzdz.pl\/sepolno\/?page_id=23"},"modified":"2025-12-15T14:03:25","modified_gmt":"2025-12-15T13:03:25","slug":"osrodek-szkoleniowy","status":"publish","type":"page","link":"https:\/\/www.bzdz.pl\/sepolno\/","title":{"rendered":"O\u015brodek Szkoleniowy S\u0119p\u00f3lno Kraje\u0144skie"},"content":{"rendered":"<p>[et_pb_section fb_built=&#8221;1&#8243; _builder_version=&#8221;4.16&#8243; global_colors_info=&#8221;{}&#8221; theme_builder_area=&#8221;post_content&#8221;][et_pb_row column_structure=&#8221;1_2,1_2&#8243; _builder_version=&#8221;4.16&#8243; background_size=&#8221;initial&#8221; background_position=&#8221;top_left&#8221; background_repeat=&#8221;repeat&#8221; global_colors_info=&#8221;{}&#8221; theme_builder_area=&#8221;post_content&#8221;][et_pb_column type=&#8221;1_2&#8243; _builder_version=&#8221;4.16&#8243; custom_padding=&#8221;|||&#8221; global_colors_info=&#8221;{}&#8221; custom_padding__hover=&#8221;|||&#8221; theme_builder_area=&#8221;post_content&#8221;][et_pb_text _builder_version=&#8221;4.16&#8243; global_colors_info=&#8221;{}&#8221; theme_builder_area=&#8221;post_content&#8221;]<\/p>\n<p>\u200bO\u015brodek Szkoleniowy w S\u0119p\u00f3lnie Kraje\u0144skim prowadzi kursy i szkolenia w zakresie tj. m.in.<\/p>\n<ul>\n<li>Pierwszej pomocy przedmedycznej i P\/po\u017c<\/li>\n<li>BHP<\/li>\n<li>podstaw obs\u0142ugi komputer\u00f3w i ksi\u0119gowo\u015bci<\/li>\n<li>pedagogicznego dla instruktor\u00f3w praktycznej nauki zawodu<\/li>\n<li>uprawnie\u0144 dla palaczy CO<\/li>\n<li>uprawnie\u0144 energetycznych (elektryczne, cieple i gazowe)<\/li>\n<li>kierowcy operatora w\u00f3zk\u00f3w jezdniowych<\/li>\n<li>przyuczaj\u0105cych do zawodu np. murarz, brukarz, stolarz itp.<\/li>\n<\/ul>\n<p>Ponadto O\u015brodek wsp\u00f3\u0142pracuje z Powiatowym Urz\u0119dem Pracy w S\u0119p\u00f3lnie Kraje\u0144skim, OPS w S\u0119p\u00f3lnie Kraje\u0144skim, Stowarzyszeniem Doro\u015bli-Dzieciom w S\u0119p\u00f3lnie Kraje\u0144skim, MGOPS w Wi\u0119cborku, Powiatowym Centrum Pomocy Rodzinie w Wi\u0119cborku.<\/p>\n<p>[\/et_pb_text][\/et_pb_column][et_pb_column type=&#8221;1_2&#8243; _builder_version=&#8221;4.16&#8243; custom_padding=&#8221;|||&#8221; global_colors_info=&#8221;{}&#8221; custom_padding__hover=&#8221;|||&#8221; theme_builder_area=&#8221;post_content&#8221;][et_pb_text _builder_version=&#8221;4.27.5&#8243; _module_preset=&#8221;default&#8221; hover_enabled=&#8221;0&#8243; global_colors_info=&#8221;{}&#8221; theme_builder_area=&#8221;post_content&#8221; sticky_enabled=&#8221;0&#8243;]<\/p>\n<p>O\u015brodek wsp\u00f3\u0142pracuje r\u00f3wnie\u017c z pracodawcami z terenu powiatu s\u0119pole\u0144skiego w zakresie szkole\u0144 pracownik\u00f3w celem podniesienia lub uzupe\u0142nienia kwalifikacji zawodowych.<\/p>\n<p>O\u015brodek w S\u0119p\u00f3lno Kraje\u0144skim prowadzi tak\u017ce Liceum Og\u00f3lnokszta\u0142c\u0105ce dla Doros\u0142ych w systemie zaocznym (zaj\u0119cia sobota, niedziela).<\/p>\n<p>Dyrektorem O\u015brodka jest Pani Helena Podjaska-Ginter.<\/p>\n<p>Zapraszamy do skorzystania z bogatej oferty szkoleniowej.<\/p>\n<p>[\/et_pb_text][\/et_pb_column][\/et_pb_row][\/et_pb_section]<\/p>\n","protected":false},"excerpt":{"rendered":"<p>\u200bO\u015brodek Szkoleniowy w S\u0119p\u00f3lnie Kraje\u0144skim prowadzi kursy i szkolenia w zakresie tj. m.in. Pierwszej pomocy przedmedycznej i P\/po\u017c BHP podstaw obs\u0142ugi komputer\u00f3w i ksi\u0119gowo\u015bci pedagogicznego dla instruktor\u00f3w praktycznej nauki zawodu uprawnie\u0144 dla palaczy CO uprawnie\u0144 energetycznych (elektryczne, cieple i gazowe) kierowcy operatora w\u00f3zk\u00f3w jezdniowych przyuczaj\u0105cych do zawodu np. murarz, brukarz, stolarz itp. Ponadto O\u015brodek wsp\u00f3\u0142pracuje [&hellip;]<\/p>\n","protected":false},"author":1,"featured_media":0,"parent":0,"menu_order":0,"comment_status":"closed","ping_status":"closed","template":"","meta":{"_et_pb_use_builder":"on","_et_pb_old_content":"","_et_gb_content_width":"","footnotes":""},"class_list":["post-23","page","type-page","status-publish","hentry"],"yoast_head":"<!-- This site is optimized with the Yoast SEO plugin v27.4 - https:\/\/yoast.com\/product\/yoast-seo-wordpress\/ -->\n<title>O\u015brodek Szkoleniowy S\u0119p\u00f3lno Kraje\u0144skie<\/title>\n<meta name=\"robots\" content=\"index, follow, max-snippet:-1, max-image-preview:large, max-video-preview:-1\" \/>\n<link rel=\"canonical\" href=\"https:\/\/www.bzdz.pl\/sepolno\/\" \/>\n<meta property=\"og:locale\" content=\"pl_PL\" \/>\n<meta property=\"og:type\" content=\"article\" \/>\n<meta property=\"og:title\" content=\"O\u015brodek Szkoleniowy S\u0119p\u00f3lno Kraje\u0144skie\" \/>\n<meta property=\"og:description\" content=\"\u200bO\u015brodek Szkoleniowy w S\u0119p\u00f3lnie Kraje\u0144skim prowadzi kursy i szkolenia w zakresie tj. m.in. Pierwszej pomocy przedmedycznej i P\/po\u017c BHP podstaw obs\u0142ugi komputer\u00f3w i ksi\u0119gowo\u015bci pedagogicznego dla instruktor\u00f3w praktycznej nauki zawodu uprawnie\u0144 dla palaczy CO uprawnie\u0144 energetycznych (elektryczne, cieple i gazowe) kierowcy operatora w\u00f3zk\u00f3w jezdniowych przyuczaj\u0105cych do zawodu np. murarz, brukarz, stolarz itp. Ponadto O\u015brodek wsp\u00f3\u0142pracuje [&hellip;]\" \/>\n<meta property=\"og:url\" content=\"https:\/\/www.bzdz.pl\/sepolno\/\" \/>\n<meta property=\"og:site_name\" content=\"O\u015brodek Szkoleniowy S\u0119p\u00f3lno Kraje\u0144skie\" \/>\n<meta property=\"article:modified_time\" content=\"2025-12-15T13:03:25+00:00\" \/>\n<meta name=\"twitter:card\" content=\"summary_large_image\" \/>\n<meta name=\"twitter:label1\" content=\"Szacowany czas czytania\" \/>\n\t<meta name=\"twitter:data1\" content=\"1 minuta\" \/>\n<script type=\"application\/ld+json\" class=\"yoast-schema-graph\">{\"@context\":\"https:\\\/\\\/schema.org\",\"@graph\":[{\"@type\":\"WebPage\",\"@id\":\"https:\\\/\\\/www.bzdz.pl\\\/sepolno\\\/\",\"url\":\"https:\\\/\\\/www.bzdz.pl\\\/sepolno\\\/\",\"name\":\"O\u015brodek Szkoleniowy S\u0119p\u00f3lno Kraje\u0144skie\",\"isPartOf\":{\"@id\":\"https:\\\/\\\/www.bzdz.pl\\\/sepolno\\\/#website\"},\"datePublished\":\"2018-04-19T10:01:36+00:00\",\"dateModified\":\"2025-12-15T13:03:25+00:00\",\"breadcrumb\":{\"@id\":\"https:\\\/\\\/www.bzdz.pl\\\/sepolno\\\/#breadcrumb\"},\"inLanguage\":\"pl-PL\",\"potentialAction\":[{\"@type\":\"ReadAction\",\"target\":[\"https:\\\/\\\/www.bzdz.pl\\\/sepolno\\\/\"]}]},{\"@type\":\"BreadcrumbList\",\"@id\":\"https:\\\/\\\/www.bzdz.pl\\\/sepolno\\\/#breadcrumb\",\"itemListElement\":[{\"@type\":\"ListItem\",\"position\":1,\"name\":\"Strona g\u0142\u00f3wna\",\"item\":\"https:\\\/\\\/www.bzdz.pl\\\/sepolno\\\/\"},{\"@type\":\"ListItem\",\"position\":2,\"name\":\"O\u015brodek Szkoleniowy S\u0119p\u00f3lno Kraje\u0144skie\"}]},{\"@type\":\"WebSite\",\"@id\":\"https:\\\/\\\/www.bzdz.pl\\\/sepolno\\\/#website\",\"url\":\"https:\\\/\\\/www.bzdz.pl\\\/sepolno\\\/\",\"name\":\"O\u015brodek Szkoleniowy S\u0119p\u00f3lno Kraje\u0144skie\",\"description\":\"\",\"potentialAction\":[{\"@type\":\"SearchAction\",\"target\":{\"@type\":\"EntryPoint\",\"urlTemplate\":\"https:\\\/\\\/www.bzdz.pl\\\/sepolno\\\/?s={search_term_string}\"},\"query-input\":{\"@type\":\"PropertyValueSpecification\",\"valueRequired\":true,\"valueName\":\"search_term_string\"}}],\"inLanguage\":\"pl-PL\"}]}<\/script>\n<!-- \/ Yoast SEO plugin. -->","yoast_head_json":{"title":"O\u015brodek Szkoleniowy S\u0119p\u00f3lno Kraje\u0144skie","robots":{"index":"index","follow":"follow","max-snippet":"max-snippet:-1","max-image-preview":"max-image-preview:large","max-video-preview":"max-video-preview:-1"},"canonical":"https:\/\/www.bzdz.pl\/sepolno\/","og_locale":"pl_PL","og_type":"article","og_title":"O\u015brodek Szkoleniowy S\u0119p\u00f3lno Kraje\u0144skie","og_description":"\u200bO\u015brodek Szkoleniowy w S\u0119p\u00f3lnie Kraje\u0144skim prowadzi kursy i szkolenia w zakresie tj. m.in. Pierwszej pomocy przedmedycznej i P\/po\u017c BHP podstaw obs\u0142ugi komputer\u00f3w i ksi\u0119gowo\u015bci pedagogicznego dla instruktor\u00f3w praktycznej nauki zawodu uprawnie\u0144 dla palaczy CO uprawnie\u0144 energetycznych (elektryczne, cieple i gazowe) kierowcy operatora w\u00f3zk\u00f3w jezdniowych przyuczaj\u0105cych do zawodu np. murarz, brukarz, stolarz itp. Ponadto O\u015brodek wsp\u00f3\u0142pracuje [&hellip;]","og_url":"https:\/\/www.bzdz.pl\/sepolno\/","og_site_name":"O\u015brodek Szkoleniowy S\u0119p\u00f3lno Kraje\u0144skie","article_modified_time":"2025-12-15T13:03:25+00:00","twitter_card":"summary_large_image","twitter_misc":{"Szacowany czas czytania":"1 minuta"},"schema":{"@context":"https:\/\/schema.org","@graph":[{"@type":"WebPage","@id":"https:\/\/www.bzdz.pl\/sepolno\/","url":"https:\/\/www.bzdz.pl\/sepolno\/","name":"O\u015brodek Szkoleniowy S\u0119p\u00f3lno Kraje\u0144skie","isPartOf":{"@id":"https:\/\/www.bzdz.pl\/sepolno\/#website"},"datePublished":"2018-04-19T10:01:36+00:00","dateModified":"2025-12-15T13:03:25+00:00","breadcrumb":{"@id":"https:\/\/www.bzdz.pl\/sepolno\/#breadcrumb"},"inLanguage":"pl-PL","potentialAction":[{"@type":"ReadAction","target":["https:\/\/www.bzdz.pl\/sepolno\/"]}]},{"@type":"BreadcrumbList","@id":"https:\/\/www.bzdz.pl\/sepolno\/#breadcrumb","itemListElement":[{"@type":"ListItem","position":1,"name":"Strona g\u0142\u00f3wna","item":"https:\/\/www.bzdz.pl\/sepolno\/"},{"@type":"ListItem","position":2,"name":"O\u015brodek Szkoleniowy S\u0119p\u00f3lno Kraje\u0144skie"}]},{"@type":"WebSite","@id":"https:\/\/www.bzdz.pl\/sepolno\/#website","url":"https:\/\/www.bzdz.pl\/sepolno\/","name":"O\u015brodek Szkoleniowy S\u0119p\u00f3lno Kraje\u0144skie","description":"","potentialAction":[{"@type":"SearchAction","target":{"@type":"EntryPoint","urlTemplate":"https:\/\/www.bzdz.pl\/sepolno\/?s={search_term_string}"},"query-input":{"@type":"PropertyValueSpecification","valueRequired":true,"valueName":"search_term_string"}}],"inLanguage":"pl-PL"}]}},"_links":{"self":[{"href":"https:\/\/www.bzdz.pl\/sepolno\/wp-json\/wp\/v2\/pages\/23","targetHints":{"allow":["GET"]}}],"collection":[{"href":"https:\/\/www.bzdz.pl\/sepolno\/wp-json\/wp\/v2\/pages"}],"about":[{"href":"https:\/\/www.bzdz.pl\/sepolno\/wp-json\/wp\/v2\/types\/page"}],"author":[{"embeddable":true,"href":"https:\/\/www.bzdz.pl\/sepolno\/wp-json\/wp\/v2\/users\/1"}],"replies":[{"embeddable":true,"href":"https:\/\/www.bzdz.pl\/sepolno\/wp-json\/wp\/v2\/comments?post=23"}],"version-history":[{"count":3,"href":"https:\/\/www.bzdz.pl\/sepolno\/wp-json\/wp\/v2\/pages\/23\/revisions"}],"predecessor-version":[{"id":1736,"href":"https:\/\/www.bzdz.pl\/sepolno\/wp-json\/wp\/v2\/pages\/23\/revisions\/1736"}],"wp:attachment":[{"href":"https:\/\/www.bzdz.pl\/sepolno\/wp-json\/wp\/v2\/media?parent=23"}],"curies":[{"name":"wp","href":"https:\/\/api.w.org\/{rel}","templated":true}]}}